{"id":389349,"date":"2025-09-02T10:45:13","date_gmt":"2025-09-02T10:45:13","guid":{"rendered":"https:\/\/glotomania.com\/p\/flores-secas-comestibles-funcakes-petalos-de-rosas-5-g-2\/"},"modified":"2026-05-06T17:28:26","modified_gmt":"2026-05-06T17:28:26","slug":"flores-secas-comestibles-funcakes-petalos-de-rosas-5-g-2","status":"publish","type":"product","link":"https:\/\/glotomania.com\/pt-pt\/p\/flores-secas-comestibles-funcakes-petalos-de-rosas-5-g-2\/","title":{"rendered":"Flores Secas Comest\u00cdveis Funcakes &#8211; P\u00c9talas De Rosas (5 G)"},"content":{"rendered":"<p>.<\/p>\n","protected":false},"excerpt":{"rendered":"<p>Flores secas 100% naturais da Funcakes, ideais para dar um toque elegante \u00e0s nossas cria\u00e7\u00f5es.<\/p>\n","protected":false},"featured_media":350629,"comment_status":"open","ping_status":"closed","template":"","meta":{"_acf_changed":false},"pwb-brand":[],"product_brand":[],"product_cat":[1852,2910,1839,2979,1832,2907,1996,2990,2994,1998,2996,1888,1849,2924],"product_tag":[],"class_list":{"0":"post-389349","1":"product","2":"type-product","3":"status-publish","4":"has-post-thumbnail","6":"product_cat-san-valentin","7":"product_cat-casamentos-2","8":"product_cat-decoracion-comestible","9":"product_cat-decoracoes-comestiveis-2","10":"product_cat-diestas-especiales","11":"product_cat-festas","12":"product_cat-flores","13":"product_cat-flores-comestiveis-para-bolos-2","14":"product_cat-flores-secas","16":"product_cat-produtos-vegetarianos","17":"product_cat-bodas","18":"product_cat-fiestas","19":"product_cat-sao-valentim-2","21":"first","22":"instock","23":"taxable","24":"shipping-taxable","25":"purchasable","26":"product-type-simple"},"acf":[],"df_price":3.02,"df_sale_price":"","df_regular_price":3.02,"df_image_link":"https:\/\/glotomania.com\/wp-content\/uploads\/2025\/11\/img_21940_9fc5abbe57bab5220e6786b855319e12_1-38-300x300.jpg","brands":[],"_links":{"self":[{"href":"https:\/\/glotomania.com\/pt-pt\/wp-json\/wp\/v2\/product\/389349","targetHints":{"allow":["GET"]}}],"collection":[{"href":"https:\/\/glotomania.com\/pt-pt\/wp-json\/wp\/v2\/product"}],"about":[{"href":"https:\/\/glotomania.com\/pt-pt\/wp-json\/wp\/v2\/types\/product"}],"replies":[{"embeddable":true,"href":"https:\/\/glotomania.com\/pt-pt\/wp-json\/wp\/v2\/comments?post=389349"}],"wp:featuredmedia":[{"embeddable":true,"href":"https:\/\/glotomania.com\/pt-pt\/wp-json\/wp\/v2\/media\/350629"}],"wp:attachment":[{"href":"https:\/\/glotomania.com\/pt-pt\/wp-json\/wp\/v2\/media?parent=389349"}],"wp:term":[{"taxonomy":"pwb-brand","embeddable":true,"href":"https:\/\/glotomania.com\/pt-pt\/wp-json\/wp\/v2\/pwb-brand?post=389349"},{"taxonomy":"product_brand","embeddable":true,"href":"https:\/\/glotomania.com\/pt-pt\/wp-json\/wp\/v2\/product_brand?post=389349"},{"taxonomy":"product_cat","embeddable":true,"href":"https:\/\/glotomania.com\/pt-pt\/wp-json\/wp\/v2\/product_cat?post=389349"},{"taxonomy":"product_tag","embeddable":true,"href":"https:\/\/glotomania.com\/pt-pt\/wp-json\/wp\/v2\/product_tag?post=389349"}],"curies":[{"name":"wp","href":"https:\/\/api.w.org\/{rel}","templated":true}]}}