{"id":389352,"date":"2025-09-02T10:45:15","date_gmt":"2025-09-02T10:45:15","guid":{"rendered":"https:\/\/glotomania.com\/p\/sprinkles-funcakes-galaxia-50-g-2\/"},"modified":"2026-03-10T20:12:18","modified_gmt":"2026-03-10T20:12:18","slug":"sprinkles-funcakes-galaxia-50-g-2","status":"publish","type":"product","link":"https:\/\/glotomania.com\/pt-pt\/p\/sprinkles-funcakes-galaxia-50-g-2\/","title":{"rendered":"Sprinkles Funcakes &#8211; Galaxy 50 G"},"content":{"rendered":"<p>&nbsp;<\/p>\n<p>Inclui estrelas, macarr&atilde;o, flores, bolas em relevo, c&iacute;rculos planos, contas de diferentes tamanhos.<\/p>\n","protected":false},"excerpt":{"rendered":"<p>Mistura de decora\u00e7\u00f5es comest\u00edveis Funcakes, ideal para decorar as nossas cria\u00e7\u00f5es em tons de branco, azul, preto e prateado.<\/p>\n","protected":false},"featured_media":37750,"comment_status":"open","ping_status":"closed","template":"","meta":{"_acf_changed":false},"pwb-brand":[],"product_brand":[],"product_cat":[2911,1839,1840,2979,2982,1832,2907,1845,2996,1862,1849,3001],"product_tag":[],"class_list":{"0":"post-389352","1":"product","2":"type-product","3":"status-publish","4":"has-post-thumbnail","6":"product_cat-comunhoes","7":"product_cat-decoracion-comestible","8":"product_cat-decoraciones-azucar-comestibles","9":"product_cat-decoracoes-comestiveis-2","10":"product_cat-decoracoes-de-acucar","11":"product_cat-diestas-especiales","12":"product_cat-festas","13":"product_cat-dieta-sin-e-171","14":"product_cat-produtos-vegetarianos","15":"product_cat-comuniones","16":"product_cat-fiestas","17":"product_cat-sem-e-171-2","19":"first","20":"instock","21":"taxable","22":"shipping-taxable","23":"purchasable","24":"product-type-simple"},"acf":[],"df_price":3.03,"df_sale_price":"","df_regular_price":3.03,"df_image_link":"https:\/\/glotomania.com\/wp-content\/uploads\/2023\/07\/img_21946_656d80111ce433a533b3abf4c989dda1_1-300x300.png","brands":[],"_links":{"self":[{"href":"https:\/\/glotomania.com\/pt-pt\/wp-json\/wp\/v2\/product\/389352","targetHints":{"allow":["GET"]}}],"collection":[{"href":"https:\/\/glotomania.com\/pt-pt\/wp-json\/wp\/v2\/product"}],"about":[{"href":"https:\/\/glotomania.com\/pt-pt\/wp-json\/wp\/v2\/types\/product"}],"replies":[{"embeddable":true,"href":"https:\/\/glotomania.com\/pt-pt\/wp-json\/wp\/v2\/comments?post=389352"}],"wp:featuredmedia":[{"embeddable":true,"href":"https:\/\/glotomania.com\/pt-pt\/wp-json\/wp\/v2\/media\/37750"}],"wp:attachment":[{"href":"https:\/\/glotomania.com\/pt-pt\/wp-json\/wp\/v2\/media?parent=389352"}],"wp:term":[{"taxonomy":"pwb-brand","embeddable":true,"href":"https:\/\/glotomania.com\/pt-pt\/wp-json\/wp\/v2\/pwb-brand?post=389352"},{"taxonomy":"product_brand","embeddable":true,"href":"https:\/\/glotomania.com\/pt-pt\/wp-json\/wp\/v2\/product_brand?post=389352"},{"taxonomy":"product_cat","embeddable":true,"href":"https:\/\/glotomania.com\/pt-pt\/wp-json\/wp\/v2\/product_cat?post=389352"},{"taxonomy":"product_tag","embeddable":true,"href":"https:\/\/glotomania.com\/pt-pt\/wp-json\/wp\/v2\/product_tag?post=389352"}],"curies":[{"name":"wp","href":"https:\/\/api.w.org\/{rel}","templated":true}]}}