{"id":389353,"date":"2025-09-03T16:17:00","date_gmt":"2025-09-03T16:17:00","guid":{"rendered":"https:\/\/glotomania.com\/p\/sprinkles-funcakes-verdes-65-g\/"},"modified":"2026-03-10T20:12:20","modified_gmt":"2026-03-10T20:12:20","slug":"sprinkles-funcakes-verdes-65-g","status":"publish","type":"product","link":"https:\/\/glotomania.com\/pt-pt\/p\/sprinkles-funcakes-verdes-65-g\/","title":{"rendered":"Sprinkles Funcakes &#8211; Verdes 65 G"},"content":{"rendered":"<p>.<\/p>\n","protected":false},"excerpt":{"rendered":"<p>Mistura de decora\u00e7\u00f5es comest\u00edveis Funcakes, ideal para decorar as nossas cria\u00e7\u00f5es em tons de branco, azul, preto e prateado.<\/p>\n","protected":false},"featured_media":341650,"comment_status":"open","ping_status":"closed","template":"","meta":{"_acf_changed":false},"pwb-brand":[],"product_brand":[],"product_cat":[2979,2982,2907,2921,2996,3001,1839,1840,1832,1845,1849,1858],"product_tag":[],"class_list":{"0":"post-389353","1":"product","2":"type-product","3":"status-publish","4":"has-post-thumbnail","6":"product_cat-decoracoes-comestiveis-2","7":"product_cat-decoracoes-de-acucar","8":"product_cat-festas","9":"product_cat-pascoa","10":"product_cat-produtos-vegetarianos","11":"product_cat-sem-e-171-2","12":"product_cat-decoracion-comestible","13":"product_cat-decoraciones-azucar-comestibles","14":"product_cat-diestas-especiales","15":"product_cat-dieta-sin-e-171","16":"product_cat-fiestas","17":"product_cat-pascua","19":"first","20":"instock","21":"taxable","22":"shipping-taxable","23":"purchasable","24":"product-type-simple"},"acf":[],"df_price":3.44,"df_sale_price":"","df_regular_price":3.44,"df_image_link":"https:\/\/glotomania.com\/wp-content\/uploads\/2025\/11\/img_21948_a586d17cd7ce4d32414771d4aa73c720_1-27-300x300.jpg","brands":[],"_links":{"self":[{"href":"https:\/\/glotomania.com\/pt-pt\/wp-json\/wp\/v2\/product\/389353","targetHints":{"allow":["GET"]}}],"collection":[{"href":"https:\/\/glotomania.com\/pt-pt\/wp-json\/wp\/v2\/product"}],"about":[{"href":"https:\/\/glotomania.com\/pt-pt\/wp-json\/wp\/v2\/types\/product"}],"replies":[{"embeddable":true,"href":"https:\/\/glotomania.com\/pt-pt\/wp-json\/wp\/v2\/comments?post=389353"}],"wp:featuredmedia":[{"embeddable":true,"href":"https:\/\/glotomania.com\/pt-pt\/wp-json\/wp\/v2\/media\/341650"}],"wp:attachment":[{"href":"https:\/\/glotomania.com\/pt-pt\/wp-json\/wp\/v2\/media?parent=389353"}],"wp:term":[{"taxonomy":"pwb-brand","embeddable":true,"href":"https:\/\/glotomania.com\/pt-pt\/wp-json\/wp\/v2\/pwb-brand?post=389353"},{"taxonomy":"product_brand","embeddable":true,"href":"https:\/\/glotomania.com\/pt-pt\/wp-json\/wp\/v2\/product_brand?post=389353"},{"taxonomy":"product_cat","embeddable":true,"href":"https:\/\/glotomania.com\/pt-pt\/wp-json\/wp\/v2\/product_cat?post=389353"},{"taxonomy":"product_tag","embeddable":true,"href":"https:\/\/glotomania.com\/pt-pt\/wp-json\/wp\/v2\/product_tag?post=389353"}],"curies":[{"name":"wp","href":"https:\/\/api.w.org\/{rel}","templated":true}]}}