{"id":389354,"date":"2025-09-02T10:45:15","date_gmt":"2025-09-02T10:45:15","guid":{"rendered":"https:\/\/glotomania.com\/p\/cristales-de-azucar-funcakes-blancos-80-g-2\/"},"modified":"2026-03-10T20:12:21","modified_gmt":"2026-03-10T20:12:21","slug":"cristales-de-azucar-funcakes-blancos-80-g-2","status":"publish","type":"product","link":"https:\/\/glotomania.com\/pt-pt\/p\/cristales-de-azucar-funcakes-blancos-80-g-2\/","title":{"rendered":"Cristais De A\u00c7\u00dacar Funcakes &#8211; Brancos 80 G"},"content":{"rendered":"<p>.<\/p>\n","protected":false},"excerpt":{"rendered":"<p>Cristais de a\u00e7\u00facar Funcakes, perfeitos para decorar todo o tipo de elabora\u00e7\u00f5es.<\/p>\n","protected":false},"featured_media":350632,"comment_status":"open","ping_status":"closed","template":"","meta":{"_acf_changed":false},"pwb-brand":[],"product_brand":[],"product_cat":[2979,2982,2997,2996,3001,1839,1840,1832,1901,1845],"product_tag":[],"class_list":{"0":"post-389354","1":"product","2":"type-product","3":"status-publish","4":"has-post-thumbnail","6":"product_cat-decoracoes-comestiveis-2","7":"product_cat-decoracoes-de-acucar","8":"product_cat-halal","9":"product_cat-produtos-vegetarianos","10":"product_cat-sem-e-171-2","11":"product_cat-decoracion-comestible","12":"product_cat-decoraciones-azucar-comestibles","13":"product_cat-diestas-especiales","14":"product_cat-dieta-halal","15":"product_cat-dieta-sin-e-171","17":"first","18":"instock","19":"taxable","20":"shipping-taxable","21":"purchasable","22":"product-type-simple"},"acf":[],"df_price":2.65,"df_sale_price":"","df_regular_price":2.65,"df_image_link":"https:\/\/glotomania.com\/wp-content\/uploads\/2025\/11\/img_21950_32349b71d213bd8a092afa94891653df_1-34-300x300.jpg","brands":[],"_links":{"self":[{"href":"https:\/\/glotomania.com\/pt-pt\/wp-json\/wp\/v2\/product\/389354","targetHints":{"allow":["GET"]}}],"collection":[{"href":"https:\/\/glotomania.com\/pt-pt\/wp-json\/wp\/v2\/product"}],"about":[{"href":"https:\/\/glotomania.com\/pt-pt\/wp-json\/wp\/v2\/types\/product"}],"replies":[{"embeddable":true,"href":"https:\/\/glotomania.com\/pt-pt\/wp-json\/wp\/v2\/comments?post=389354"}],"wp:featuredmedia":[{"embeddable":true,"href":"https:\/\/glotomania.com\/pt-pt\/wp-json\/wp\/v2\/media\/350632"}],"wp:attachment":[{"href":"https:\/\/glotomania.com\/pt-pt\/wp-json\/wp\/v2\/media?parent=389354"}],"wp:term":[{"taxonomy":"pwb-brand","embeddable":true,"href":"https:\/\/glotomania.com\/pt-pt\/wp-json\/wp\/v2\/pwb-brand?post=389354"},{"taxonomy":"product_brand","embeddable":true,"href":"https:\/\/glotomania.com\/pt-pt\/wp-json\/wp\/v2\/product_brand?post=389354"},{"taxonomy":"product_cat","embeddable":true,"href":"https:\/\/glotomania.com\/pt-pt\/wp-json\/wp\/v2\/product_cat?post=389354"},{"taxonomy":"product_tag","embeddable":true,"href":"https:\/\/glotomania.com\/pt-pt\/wp-json\/wp\/v2\/product_tag?post=389354"}],"curies":[{"name":"wp","href":"https:\/\/api.w.org\/{rel}","templated":true}]}}