{"id":389367,"date":"2025-09-02T10:45:24","date_gmt":"2025-09-02T10:45:24","guid":{"rendered":"https:\/\/glotomania.com\/p\/velas-cumpleanos-partydeco-doradas-6-cm-2\/"},"modified":"2026-04-15T13:40:55","modified_gmt":"2026-04-15T13:40:55","slug":"velas-cumpleanos-partydeco-doradas-6-cm-2","status":"publish","type":"product","link":"https:\/\/glotomania.com\/pt-pt\/p\/velas-cumpleanos-partydeco-doradas-6-cm-2\/","title":{"rendered":"Velas De Anivers\u00c1rio Partydeco &#8211; Douradas (6 Cm)"},"content":{"rendered":"<p>&nbsp;<\/p>\n<p><span style=\"font-size: 14px\">Vela feita de parafina.<\/span><\/p>\n<p><span style=\"font-size: 14px\"><strong>Medidas aproximadas:<\/strong>&nbsp;Altura 6 cm.<\/span><\/p>\n<p><em><span style=\"font-size: 14px\">Inclui 6 velas e 6 suportes.<\/span><\/em><\/p>\n","protected":false},"excerpt":{"rendered":"<p>6 velas decorativas douradas da Partydeco, perfeitas para dar um toque de brilho \u00e0s nossas cria\u00e7\u00f5es<\/p>\n","protected":false},"featured_media":345258,"comment_status":"open","ping_status":"closed","template":"","meta":{"_acf_changed":false},"pwb-brand":[],"product_brand":[],"product_cat":[1792,3200,2907,3087,1849,1767,3211,1796,3209,1795],"product_tag":[],"class_list":{"0":"post-389367","1":"product","2":"type-product","3":"status-publish","4":"has-post-thumbnail","6":"product_cat-decoracion-no-comestible","7":"product_cat-decoracoes-nao-comestiveis","8":"product_cat-festas","9":"product_cat-ordem-e-armazenamento","10":"product_cat-fiestas","11":"product_cat-utensilios","12":"product_cat-velas-originais","13":"product_cat-velas-originales","14":"product_cat-velas-para-bolos","15":"product_cat-velas","17":"first","18":"instock","19":"taxable","20":"shipping-taxable","21":"purchasable","22":"product-type-simple"},"acf":[],"df_price":1.2,"df_sale_price":"","df_regular_price":1.2,"df_image_link":"https:\/\/glotomania.com\/wp-content\/uploads\/2025\/11\/img_22015_81db65084b835dd134b1d58f2d55c380_1-34-300x300.jpg","brands":[],"_links":{"self":[{"href":"https:\/\/glotomania.com\/pt-pt\/wp-json\/wp\/v2\/product\/389367","targetHints":{"allow":["GET"]}}],"collection":[{"href":"https:\/\/glotomania.com\/pt-pt\/wp-json\/wp\/v2\/product"}],"about":[{"href":"https:\/\/glotomania.com\/pt-pt\/wp-json\/wp\/v2\/types\/product"}],"replies":[{"embeddable":true,"href":"https:\/\/glotomania.com\/pt-pt\/wp-json\/wp\/v2\/comments?post=389367"}],"wp:featuredmedia":[{"embeddable":true,"href":"https:\/\/glotomania.com\/pt-pt\/wp-json\/wp\/v2\/media\/345258"}],"wp:attachment":[{"href":"https:\/\/glotomania.com\/pt-pt\/wp-json\/wp\/v2\/media?parent=389367"}],"wp:term":[{"taxonomy":"pwb-brand","embeddable":true,"href":"https:\/\/glotomania.com\/pt-pt\/wp-json\/wp\/v2\/pwb-brand?post=389367"},{"taxonomy":"product_brand","embeddable":true,"href":"https:\/\/glotomania.com\/pt-pt\/wp-json\/wp\/v2\/product_brand?post=389367"},{"taxonomy":"product_cat","embeddable":true,"href":"https:\/\/glotomania.com\/pt-pt\/wp-json\/wp\/v2\/product_cat?post=389367"},{"taxonomy":"product_tag","embeddable":true,"href":"https:\/\/glotomania.com\/pt-pt\/wp-json\/wp\/v2\/product_tag?post=389367"}],"curies":[{"name":"wp","href":"https:\/\/api.w.org\/{rel}","templated":true}]}}