{"id":389369,"date":"2025-09-02T10:45:26","date_gmt":"2025-09-02T10:45:26","guid":{"rendered":"https:\/\/glotomania.com\/p\/extracto-de-vainilla-ecologico-taylor-colledge-50-ml-2\/"},"modified":"2026-03-26T17:15:23","modified_gmt":"2026-03-26T17:15:23","slug":"extracto-de-vainilla-ecologico-taylor-colledge-50-ml-2","status":"publish","type":"product","link":"https:\/\/glotomania.com\/pt-pt\/p\/extracto-de-vainilla-ecologico-taylor-colledge-50-ml-2\/","title":{"rendered":"Extracto De Baunilha Biol\u00d3gico &#8220;taylor &amp; Colledge&#8221; &#8211; 50 Ml"},"content":{"rendered":"<p>.<\/p>\n","protected":false},"excerpt":{"rendered":"<p>Extrato de baunilha biol\u00f3gico Taylor &amp; Colledge (puro), ideal para dar um delicioso sabor a baunilha \u00e0s nossas cria\u00e7\u00f5es.<\/p>\n","protected":false},"featured_media":350645,"comment_status":"open","ping_status":"closed","template":"","meta":{"_acf_changed":false},"pwb-brand":[],"product_brand":[],"product_cat":[2943,2950,1831,1830,1832,1930,2996],"product_tag":[],"class_list":{"0":"post-389369","1":"product","2":"type-product","3":"status-publish","4":"has-post-thumbnail","6":"product_cat-aromas-e-extractos","7":"product_cat-aromas-liquidos-2","8":"product_cat-aroma-liquido","9":"product_cat-aromas-y-extractos","10":"product_cat-diestas-especiales","11":"product_cat-ingredientes-organicos-para-reposteria","12":"product_cat-produtos-vegetarianos","14":"first","15":"instock","16":"taxable","17":"shipping-taxable","18":"purchasable","19":"product-type-simple"},"acf":[],"df_price":7.36,"df_sale_price":"","df_regular_price":7.36,"df_image_link":"https:\/\/glotomania.com\/wp-content\/uploads\/2025\/11\/img_22020_cd826678c308f0b1693a599de040b1b1_1-43-300x300.jpg","brands":[],"_links":{"self":[{"href":"https:\/\/glotomania.com\/pt-pt\/wp-json\/wp\/v2\/product\/389369","targetHints":{"allow":["GET"]}}],"collection":[{"href":"https:\/\/glotomania.com\/pt-pt\/wp-json\/wp\/v2\/product"}],"about":[{"href":"https:\/\/glotomania.com\/pt-pt\/wp-json\/wp\/v2\/types\/product"}],"replies":[{"embeddable":true,"href":"https:\/\/glotomania.com\/pt-pt\/wp-json\/wp\/v2\/comments?post=389369"}],"wp:featuredmedia":[{"embeddable":true,"href":"https:\/\/glotomania.com\/pt-pt\/wp-json\/wp\/v2\/media\/350645"}],"wp:attachment":[{"href":"https:\/\/glotomania.com\/pt-pt\/wp-json\/wp\/v2\/media?parent=389369"}],"wp:term":[{"taxonomy":"pwb-brand","embeddable":true,"href":"https:\/\/glotomania.com\/pt-pt\/wp-json\/wp\/v2\/pwb-brand?post=389369"},{"taxonomy":"product_brand","embeddable":true,"href":"https:\/\/glotomania.com\/pt-pt\/wp-json\/wp\/v2\/product_brand?post=389369"},{"taxonomy":"product_cat","embeddable":true,"href":"https:\/\/glotomania.com\/pt-pt\/wp-json\/wp\/v2\/product_cat?post=389369"},{"taxonomy":"product_tag","embeddable":true,"href":"https:\/\/glotomania.com\/pt-pt\/wp-json\/wp\/v2\/product_tag?post=389369"}],"curies":[{"name":"wp","href":"https:\/\/api.w.org\/{rel}","templated":true}]}}