{"id":389370,"date":"2025-09-02T10:45:26","date_gmt":"2025-09-02T10:45:26","guid":{"rendered":"https:\/\/glotomania.com\/p\/vainas-de-vainilla-taylor-colledge-2\/"},"modified":"2026-04-10T08:09:52","modified_gmt":"2026-04-10T08:09:52","slug":"vainas-de-vainilla-taylor-colledge-2","status":"publish","type":"product","link":"https:\/\/glotomania.com\/pt-pt\/p\/vainas-de-vainilla-taylor-colledge-2\/","title":{"rendered":"Vagens De Baunilha &#8220;taylor &amp; Colledge"},"content":{"rendered":"<p>&nbsp;<\/p>\n<p><span style=\"font-size:14px\">A embalagem &eacute; hermeticamente fechada para garantir que as favas de baunilha permanecem carnudas e cheias de aroma desde a quinta at&eacute; &agrave; nossa cozinha.<\/span><\/p>\n<p><span style=\"font-size:14px\"><strong>Modo de utiliza&ccedil;&atilde;o:<\/strong><br \/>\nRetirar as sementes colocando a vagem numa t&aacute;bua de cortar, fazer um corte no centro com uma faca afiada e raspar as sementes. Ideal para cremes e sobremesas cremosas.<\/span><\/p>\n","protected":false},"excerpt":{"rendered":"<p>Conjunto de 2 vagens de baunilha 100% biol\u00f3gicas colhidas \u00e0 m\u00e3o da Taylor &amp; Colledge.<\/p>\n","protected":false},"featured_media":348376,"comment_status":"open","ping_status":"closed","template":"","meta":{"_acf_changed":false},"pwb-brand":[],"product_brand":[],"product_cat":[1832,3018,1930,1844,1833,2996,3004],"product_tag":[],"class_list":{"0":"post-389370","1":"product","2":"type-product","3":"status-publish","4":"has-post-thumbnail","6":"product_cat-diestas-especiales","7":"product_cat-ingredientes-de-pastelaria-2","8":"product_cat-ingredientes-organicos-para-reposteria","9":"product_cat-ingredientes-reposteria","10":"product_cat-dieta-sin-gluten","11":"product_cat-produtos-vegetarianos","12":"product_cat-sem-gluten-2","14":"first","15":"instock","16":"taxable","17":"shipping-taxable","18":"purchasable","19":"product-type-simple"},"acf":[],"df_price":8.67,"df_sale_price":"","df_regular_price":8.67,"df_image_link":"https:\/\/glotomania.com\/wp-content\/uploads\/2025\/11\/img_22021_c9bcd6183e5ac9f9ce347befeb6fa631_1-32-300x300.jpg","brands":[],"_links":{"self":[{"href":"https:\/\/glotomania.com\/pt-pt\/wp-json\/wp\/v2\/product\/389370","targetHints":{"allow":["GET"]}}],"collection":[{"href":"https:\/\/glotomania.com\/pt-pt\/wp-json\/wp\/v2\/product"}],"about":[{"href":"https:\/\/glotomania.com\/pt-pt\/wp-json\/wp\/v2\/types\/product"}],"replies":[{"embeddable":true,"href":"https:\/\/glotomania.com\/pt-pt\/wp-json\/wp\/v2\/comments?post=389370"}],"wp:featuredmedia":[{"embeddable":true,"href":"https:\/\/glotomania.com\/pt-pt\/wp-json\/wp\/v2\/media\/348376"}],"wp:attachment":[{"href":"https:\/\/glotomania.com\/pt-pt\/wp-json\/wp\/v2\/media?parent=389370"}],"wp:term":[{"taxonomy":"pwb-brand","embeddable":true,"href":"https:\/\/glotomania.com\/pt-pt\/wp-json\/wp\/v2\/pwb-brand?post=389370"},{"taxonomy":"product_brand","embeddable":true,"href":"https:\/\/glotomania.com\/pt-pt\/wp-json\/wp\/v2\/product_brand?post=389370"},{"taxonomy":"product_cat","embeddable":true,"href":"https:\/\/glotomania.com\/pt-pt\/wp-json\/wp\/v2\/product_cat?post=389370"},{"taxonomy":"product_tag","embeddable":true,"href":"https:\/\/glotomania.com\/pt-pt\/wp-json\/wp\/v2\/product_tag?post=389370"}],"curies":[{"name":"wp","href":"https:\/\/api.w.org\/{rel}","templated":true}]}}