{"id":389378,"date":"2025-09-02T10:45:29","date_gmt":"2025-09-02T10:45:29","guid":{"rendered":"https:\/\/glotomania.com\/p\/aro-de-acero-patisse-o-20-cm-h-45-cm-2\/"},"modified":"2026-03-10T20:13:06","modified_gmt":"2026-03-10T20:13:06","slug":"aro-de-acero-patisse-o-20-cm-h-45-cm-2","status":"publish","type":"product","link":"https:\/\/glotomania.com\/pt-pt\/p\/aro-de-acero-patisse-o-20-cm-h-45-cm-2\/","title":{"rendered":"Anel De A\u00c7o Inoxid\u00c1vel Patisse &#8211; \u00d8 20 Cm \/ H 4,5 Cm"},"content":{"rendered":"<p>&nbsp;<\/p>\n<p><span style=\"font-size: 14px\">&Eacute; adequado para o frigor&iacute;fico, congelador e forno.<\/span><\/p>\n<p><span style=\"font-size: 14px\"><strong>Medidas<\/strong>: &Oslash; 20 cm &#8211; Altura 4,5 cm.<\/span><\/p>\n","protected":false},"excerpt":{"rendered":"<p>Anel em a\u00e7o inoxid\u00e1vel Patisse, perfeito para empratar e como molde para uma cozedura r\u00e1pida.<\/p>\n","protected":false},"featured_media":345251,"comment_status":"open","ping_status":"closed","template":"","meta":{"_acf_changed":false},"pwb-brand":[],"product_brand":[],"product_cat":[3217,3214,3087,1802,1801,1804,1767],"product_tag":[],"class_list":{"0":"post-389378","1":"product","2":"type-product","3":"status-publish","4":"has-post-thumbnail","6":"product_cat-moldes-de-formas-especiais","7":"product_cat-moldes-de-pastelaria","8":"product_cat-ordem-e-armazenamento","9":"product_cat-moldes-metal","10":"product_cat-moldes","11":"product_cat-moldes-redondos","12":"product_cat-utensilios","14":"first","15":"instock","16":"taxable","17":"shipping-taxable","18":"purchasable","19":"product-type-simple"},"acf":[],"df_price":6.85,"df_sale_price":"","df_regular_price":6.85,"df_image_link":"https:\/\/glotomania.com\/wp-content\/uploads\/2025\/11\/img_22030_93168040feba7a1bae38d9b7dca80fd0_1-30-300x300.jpg","brands":[],"_links":{"self":[{"href":"https:\/\/glotomania.com\/pt-pt\/wp-json\/wp\/v2\/product\/389378","targetHints":{"allow":["GET"]}}],"collection":[{"href":"https:\/\/glotomania.com\/pt-pt\/wp-json\/wp\/v2\/product"}],"about":[{"href":"https:\/\/glotomania.com\/pt-pt\/wp-json\/wp\/v2\/types\/product"}],"replies":[{"embeddable":true,"href":"https:\/\/glotomania.com\/pt-pt\/wp-json\/wp\/v2\/comments?post=389378"}],"wp:featuredmedia":[{"embeddable":true,"href":"https:\/\/glotomania.com\/pt-pt\/wp-json\/wp\/v2\/media\/345251"}],"wp:attachment":[{"href":"https:\/\/glotomania.com\/pt-pt\/wp-json\/wp\/v2\/media?parent=389378"}],"wp:term":[{"taxonomy":"pwb-brand","embeddable":true,"href":"https:\/\/glotomania.com\/pt-pt\/wp-json\/wp\/v2\/pwb-brand?post=389378"},{"taxonomy":"product_brand","embeddable":true,"href":"https:\/\/glotomania.com\/pt-pt\/wp-json\/wp\/v2\/product_brand?post=389378"},{"taxonomy":"product_cat","embeddable":true,"href":"https:\/\/glotomania.com\/pt-pt\/wp-json\/wp\/v2\/product_cat?post=389378"},{"taxonomy":"product_tag","embeddable":true,"href":"https:\/\/glotomania.com\/pt-pt\/wp-json\/wp\/v2\/product_tag?post=389378"}],"curies":[{"name":"wp","href":"https:\/\/api.w.org\/{rel}","templated":true}]}}