{"id":389382,"date":"2025-09-02T10:45:31","date_gmt":"2025-09-02T10:45:31","guid":{"rendered":"https:\/\/glotomania.com\/p\/set-cortadores-numeros-patisse-2\/"},"modified":"2026-03-10T20:13:13","modified_gmt":"2026-03-10T20:13:13","slug":"set-cortadores-numeros-patisse-2","status":"publish","type":"product","link":"https:\/\/glotomania.com\/pt-pt\/p\/set-cortadores-numeros-patisse-2\/","title":{"rendered":"Conjunto De Cortadores De N\u00dameros &#8211; Patisse"},"content":{"rendered":"<p>&nbsp;<\/p>\n<p><span style=\"font-size:14px\">Fabricado em metal de qualidade alimentar.<\/span><\/p>\n<p><span style=\"font-size:14px\"><strong>Tamanho aproximado: <\/strong>3,7 cm.<\/span><\/p>\n","protected":false},"excerpt":{"rendered":"<p>Inclui 9 cortadores de metal Patisse para personalizar as suas cria\u00e7\u00f5es com os n\u00fameros de 0 a 8 (6 = 9).<\/p>\n","protected":false},"featured_media":350651,"comment_status":"open","ping_status":"closed","template":"","meta":{"_acf_changed":false},"pwb-brand":[],"product_brand":[],"product_cat":[3199,2907,3087,1788,1849,1767],"product_tag":[],"class_list":{"0":"post-389382","1":"product","2":"type-product","3":"status-publish","4":"has-post-thumbnail","6":"product_cat-cortadores-de-metal","7":"product_cat-festas","8":"product_cat-ordem-e-armazenamento","9":"product_cat-cortadores-de-cobre","10":"product_cat-fiestas","11":"product_cat-utensilios","13":"first","14":"instock","15":"taxable","16":"shipping-taxable","17":"purchasable","18":"product-type-simple"},"acf":[],"df_price":6.95,"df_sale_price":"","df_regular_price":6.95,"df_image_link":"https:\/\/glotomania.com\/wp-content\/uploads\/2025\/11\/img_22035_41640813870f8fc39fcbd3965a4e6fe7_1-48-300x300.jpg","brands":[],"_links":{"self":[{"href":"https:\/\/glotomania.com\/pt-pt\/wp-json\/wp\/v2\/product\/389382","targetHints":{"allow":["GET"]}}],"collection":[{"href":"https:\/\/glotomania.com\/pt-pt\/wp-json\/wp\/v2\/product"}],"about":[{"href":"https:\/\/glotomania.com\/pt-pt\/wp-json\/wp\/v2\/types\/product"}],"replies":[{"embeddable":true,"href":"https:\/\/glotomania.com\/pt-pt\/wp-json\/wp\/v2\/comments?post=389382"}],"wp:featuredmedia":[{"embeddable":true,"href":"https:\/\/glotomania.com\/pt-pt\/wp-json\/wp\/v2\/media\/350651"}],"wp:attachment":[{"href":"https:\/\/glotomania.com\/pt-pt\/wp-json\/wp\/v2\/media?parent=389382"}],"wp:term":[{"taxonomy":"pwb-brand","embeddable":true,"href":"https:\/\/glotomania.com\/pt-pt\/wp-json\/wp\/v2\/pwb-brand?post=389382"},{"taxonomy":"product_brand","embeddable":true,"href":"https:\/\/glotomania.com\/pt-pt\/wp-json\/wp\/v2\/product_brand?post=389382"},{"taxonomy":"product_cat","embeddable":true,"href":"https:\/\/glotomania.com\/pt-pt\/wp-json\/wp\/v2\/product_cat?post=389382"},{"taxonomy":"product_tag","embeddable":true,"href":"https:\/\/glotomania.com\/pt-pt\/wp-json\/wp\/v2\/product_tag?post=389382"}],"curies":[{"name":"wp","href":"https:\/\/api.w.org\/{rel}","templated":true}]}}