{"id":389386,"date":"2025-09-02T10:45:33","date_gmt":"2025-09-02T10:45:33","guid":{"rendered":"https:\/\/glotomania.com\/p\/tamiz-de-harina-patisse-20-cm-2\/"},"modified":"2026-03-10T20:13:20","modified_gmt":"2026-03-10T20:13:20","slug":"tamiz-de-harina-patisse-20-cm-2","status":"publish","type":"product","link":"https:\/\/glotomania.com\/pt-pt\/p\/tamiz-de-harina-patisse-20-cm-2\/","title":{"rendered":"Peneira Para Farinha Patisse &#8211; 20 Cm"},"content":{"rendered":"<p>&nbsp;<\/p>\n<p><span style=\"font-size:14px\">Fabricado em a&ccedil;o inoxid&aacute;vel de qualidade alimentar.<\/span><\/p>\n<p><span style=\"font-size:14px\"><strong>Dimens&otilde;es aproximadas: <\/strong>&Oslash; 20 cm.<\/span><\/p>\n","protected":false},"excerpt":{"rendered":"<p>Peneira de a\u00e7o inoxid\u00e1vel Patisse, ideal para farinha, a\u00e7\u00facar e misturas secas para bolos.<\/p>\n","protected":false},"featured_media":348382,"comment_status":"open","ping_status":"closed","template":"","meta":{"_acf_changed":false},"pwb-brand":[],"product_brand":[],"product_cat":[3106,3087,3141,1820,1991,1767],"product_tag":[],"class_list":{"0":"post-389386","1":"product","2":"type-product","3":"status-publish","4":"has-post-thumbnail","6":"product_cat-basicos-de-pastelaria","7":"product_cat-ordem-e-armazenamento","8":"product_cat-peneiras-2","9":"product_cat-basicos","10":"product_cat-tamizadores","11":"product_cat-utensilios","13":"first","14":"instock","15":"taxable","16":"shipping-taxable","17":"purchasable","18":"product-type-simple"},"acf":[],"df_price":12.58,"df_sale_price":"","df_regular_price":12.58,"df_image_link":"https:\/\/glotomania.com\/wp-content\/uploads\/2025\/11\/img_22039_42b7d99ad37ff6d4f2327e175cd66f10_1-47-300x300.jpg","brands":[],"_links":{"self":[{"href":"https:\/\/glotomania.com\/pt-pt\/wp-json\/wp\/v2\/product\/389386","targetHints":{"allow":["GET"]}}],"collection":[{"href":"https:\/\/glotomania.com\/pt-pt\/wp-json\/wp\/v2\/product"}],"about":[{"href":"https:\/\/glotomania.com\/pt-pt\/wp-json\/wp\/v2\/types\/product"}],"replies":[{"embeddable":true,"href":"https:\/\/glotomania.com\/pt-pt\/wp-json\/wp\/v2\/comments?post=389386"}],"wp:featuredmedia":[{"embeddable":true,"href":"https:\/\/glotomania.com\/pt-pt\/wp-json\/wp\/v2\/media\/348382"}],"wp:attachment":[{"href":"https:\/\/glotomania.com\/pt-pt\/wp-json\/wp\/v2\/media?parent=389386"}],"wp:term":[{"taxonomy":"pwb-brand","embeddable":true,"href":"https:\/\/glotomania.com\/pt-pt\/wp-json\/wp\/v2\/pwb-brand?post=389386"},{"taxonomy":"product_brand","embeddable":true,"href":"https:\/\/glotomania.com\/pt-pt\/wp-json\/wp\/v2\/product_brand?post=389386"},{"taxonomy":"product_cat","embeddable":true,"href":"https:\/\/glotomania.com\/pt-pt\/wp-json\/wp\/v2\/product_cat?post=389386"},{"taxonomy":"product_tag","embeddable":true,"href":"https:\/\/glotomania.com\/pt-pt\/wp-json\/wp\/v2\/product_tag?post=389386"}],"curies":[{"name":"wp","href":"https:\/\/api.w.org\/{rel}","templated":true}]}}