{"id":389388,"date":"2025-09-02T10:45:33","date_gmt":"2025-09-02T10:45:33","guid":{"rendered":"https:\/\/glotomania.com\/p\/tamizador-de-harina-patisse-400-g-2\/"},"modified":"2026-03-10T20:13:24","modified_gmt":"2026-03-10T20:13:24","slug":"tamizador-de-harina-patisse-400-g-2","status":"publish","type":"product","link":"https:\/\/glotomania.com\/pt-pt\/p\/tamizador-de-harina-patisse-400-g-2\/","title":{"rendered":"Peneira Para Farinha Patisse &#8211; 400 G"},"content":{"rendered":"<p>&nbsp;<\/p>\n<p><span style=\"font-size: 14px\">Fabricado em a&ccedil;o inoxid&aacute;vel de qualidade alimentar.<\/span><\/p>\n<p><span style=\"font-size: 14px\"><strong>Capacidade:&nbsp;<\/strong>400 g.<\/span><\/p>\n","protected":false},"excerpt":{"rendered":"<p>Peneira de a\u00e7o inoxid\u00e1vel Patisse, com capacidade at\u00e9 400 g de farinha.<\/p>\n","protected":false},"featured_media":348383,"comment_status":"open","ping_status":"closed","template":"","meta":{"_acf_changed":false},"pwb-brand":[],"product_brand":[],"product_cat":[3106,1820,3087,3141,1991,1767],"product_tag":[],"class_list":{"0":"post-389388","1":"product","2":"type-product","3":"status-publish","4":"has-post-thumbnail","6":"product_cat-basicos-de-pastelaria","7":"product_cat-basicos","8":"product_cat-ordem-e-armazenamento","9":"product_cat-peneiras-2","10":"product_cat-tamizadores","11":"product_cat-utensilios","13":"first","14":"instock","15":"taxable","16":"shipping-taxable","17":"purchasable","18":"product-type-simple"},"acf":[],"df_price":9.24,"df_sale_price":"","df_regular_price":9.24,"df_image_link":"https:\/\/glotomania.com\/wp-content\/uploads\/2025\/11\/img_22041_507056da8fdabe97110ec613a75acbef_1-33-300x300.jpg","brands":[],"_links":{"self":[{"href":"https:\/\/glotomania.com\/pt-pt\/wp-json\/wp\/v2\/product\/389388","targetHints":{"allow":["GET"]}}],"collection":[{"href":"https:\/\/glotomania.com\/pt-pt\/wp-json\/wp\/v2\/product"}],"about":[{"href":"https:\/\/glotomania.com\/pt-pt\/wp-json\/wp\/v2\/types\/product"}],"replies":[{"embeddable":true,"href":"https:\/\/glotomania.com\/pt-pt\/wp-json\/wp\/v2\/comments?post=389388"}],"wp:featuredmedia":[{"embeddable":true,"href":"https:\/\/glotomania.com\/pt-pt\/wp-json\/wp\/v2\/media\/348383"}],"wp:attachment":[{"href":"https:\/\/glotomania.com\/pt-pt\/wp-json\/wp\/v2\/media?parent=389388"}],"wp:term":[{"taxonomy":"pwb-brand","embeddable":true,"href":"https:\/\/glotomania.com\/pt-pt\/wp-json\/wp\/v2\/pwb-brand?post=389388"},{"taxonomy":"product_brand","embeddable":true,"href":"https:\/\/glotomania.com\/pt-pt\/wp-json\/wp\/v2\/product_brand?post=389388"},{"taxonomy":"product_cat","embeddable":true,"href":"https:\/\/glotomania.com\/pt-pt\/wp-json\/wp\/v2\/product_cat?post=389388"},{"taxonomy":"product_tag","embeddable":true,"href":"https:\/\/glotomania.com\/pt-pt\/wp-json\/wp\/v2\/product_tag?post=389388"}],"curies":[{"name":"wp","href":"https:\/\/api.w.org\/{rel}","templated":true}]}}