{"id":389390,"date":"2025-09-02T10:45:34","date_gmt":"2025-09-02T10:45:34","guid":{"rendered":"https:\/\/glotomania.com\/p\/cobertura-brillante-glaze-topping-funcakes-dorada-375-g-2\/"},"modified":"2026-04-15T12:41:37","modified_gmt":"2026-04-15T12:41:37","slug":"cobertura-brillante-glaze-topping-funcakes-dorada-375-g-2","status":"publish","type":"product","link":"https:\/\/glotomania.com\/pt-pt\/p\/cobertura-brillante-glaze-topping-funcakes-dorada-375-g-2\/","title":{"rendered":"Cobertura Brilhante &#8220;glaze Topping&#8221; Funcakes &#8211; Dourado (375 G)"},"content":{"rendered":"<p>&nbsp;<\/p>\n<p><span style=\"font-size: 14px\">D&ecirc;em aos vossos bolos, sobremesas e doces um lindo acabamento com cobertura&nbsp;<strong>dourada brilhante<\/strong>&nbsp;de FunCakes. Poder&atilde;o decorar as vossas cria&ccedil;&otilde;es com um&nbsp;<strong>efeito branco brilhante.&nbsp;<\/strong><\/span><\/p>\n<p><span style=\"font-size: 14px\"><strong>Direc&ccedil;&otilde;es:&nbsp;<\/strong>Para usar frio, espalhar com uma esp&aacute;tula nas sobremesas e bolos. Pode colori-lo. Sacudir antes de usar.<\/span><\/p>\n","protected":false},"excerpt":{"rendered":"<p>Funcakes gel frio, ideal para dar \u00e0s nossas cria\u00e7\u00f5es um belo acabamento dourado brilhante.<\/p>\n","protected":false},"featured_media":350654,"comment_status":"open","ping_status":"closed","template":"","meta":{"_acf_changed":false},"pwb-brand":[],"product_brand":[],"product_cat":[2910,2952,1880,1832,2907,2997,1901,1845,2996,1888,1849,3001],"product_tag":[],"class_list":{"0":"post-389390","1":"product","2":"type-product","3":"status-publish","4":"has-post-thumbnail","6":"product_cat-casamentos-2","7":"product_cat-coberturas-2","8":"product_cat-cobertura","9":"product_cat-diestas-especiales","10":"product_cat-festas","11":"product_cat-halal","12":"product_cat-dieta-halal","13":"product_cat-dieta-sin-e-171","14":"product_cat-produtos-vegetarianos","15":"product_cat-bodas","16":"product_cat-fiestas","17":"product_cat-sem-e-171-2","19":"first","20":"instock","21":"taxable","22":"shipping-taxable","23":"purchasable","24":"product-type-simple"},"acf":[],"df_price":5.95,"df_sale_price":"","df_regular_price":5.95,"df_image_link":"https:\/\/glotomania.com\/wp-content\/uploads\/2025\/11\/img_22045_aa066cc8adaa04bb53cd0fe88ce0ba7d_1-36-300x300.jpg","brands":[],"_links":{"self":[{"href":"https:\/\/glotomania.com\/pt-pt\/wp-json\/wp\/v2\/product\/389390","targetHints":{"allow":["GET"]}}],"collection":[{"href":"https:\/\/glotomania.com\/pt-pt\/wp-json\/wp\/v2\/product"}],"about":[{"href":"https:\/\/glotomania.com\/pt-pt\/wp-json\/wp\/v2\/types\/product"}],"replies":[{"embeddable":true,"href":"https:\/\/glotomania.com\/pt-pt\/wp-json\/wp\/v2\/comments?post=389390"}],"wp:featuredmedia":[{"embeddable":true,"href":"https:\/\/glotomania.com\/pt-pt\/wp-json\/wp\/v2\/media\/350654"}],"wp:attachment":[{"href":"https:\/\/glotomania.com\/pt-pt\/wp-json\/wp\/v2\/media?parent=389390"}],"wp:term":[{"taxonomy":"pwb-brand","embeddable":true,"href":"https:\/\/glotomania.com\/pt-pt\/wp-json\/wp\/v2\/pwb-brand?post=389390"},{"taxonomy":"product_brand","embeddable":true,"href":"https:\/\/glotomania.com\/pt-pt\/wp-json\/wp\/v2\/product_brand?post=389390"},{"taxonomy":"product_cat","embeddable":true,"href":"https:\/\/glotomania.com\/pt-pt\/wp-json\/wp\/v2\/product_cat?post=389390"},{"taxonomy":"product_tag","embeddable":true,"href":"https:\/\/glotomania.com\/pt-pt\/wp-json\/wp\/v2\/product_tag?post=389390"}],"curies":[{"name":"wp","href":"https:\/\/api.w.org\/{rel}","templated":true}]}}