{"id":389391,"date":"2025-09-02T10:45:35","date_gmt":"2025-09-02T10:45:35","guid":{"rendered":"https:\/\/glotomania.com\/p\/sprinkles-funcakes-mimosa-rosa-45-g-2\/"},"modified":"2026-04-14T10:43:32","modified_gmt":"2026-04-14T10:43:32","slug":"sprinkles-funcakes-mimosa-rosa-45-g-2","status":"publish","type":"product","link":"https:\/\/glotomania.com\/pt-pt\/p\/sprinkles-funcakes-mimosa-rosa-45-g-2\/","title":{"rendered":"Sprinkles Funcakes &#8211; Mimosa Rosas (45 G)"},"content":{"rendered":"<p>.<\/p>\n","protected":false},"excerpt":{"rendered":"<p>Decore as suas sobremesas com esta fant\u00e1stica mistura de mimosas brancas Funcakes, ideal para cria\u00e7\u00f5es de Inverno.<\/p>\n","protected":false},"featured_media":348385,"comment_status":"open","ping_status":"closed","template":"","meta":{"_acf_changed":false},"pwb-brand":[],"product_brand":[],"product_cat":[2908,2911,2979,2982,2907,2997,2996,2924,3001,1852,1839,1840,1832,1901,1845,1862,1885,1849],"product_tag":[],"class_list":{"0":"post-389391","1":"product","2":"type-product","3":"status-publish","4":"has-post-thumbnail","6":"product_cat-batizados","7":"product_cat-comunhoes","8":"product_cat-decoracoes-comestiveis-2","9":"product_cat-decoracoes-de-acucar","10":"product_cat-festas","11":"product_cat-halal","12":"product_cat-produtos-vegetarianos","13":"product_cat-sao-valentim-2","14":"product_cat-sem-e-171-2","15":"product_cat-san-valentin","16":"product_cat-decoracion-comestible","17":"product_cat-decoraciones-azucar-comestibles","18":"product_cat-diestas-especiales","19":"product_cat-dieta-halal","20":"product_cat-dieta-sin-e-171","21":"product_cat-comuniones","22":"product_cat-bautizos","23":"product_cat-fiestas","25":"first","26":"instock","27":"taxable","28":"shipping-taxable","29":"purchasable","30":"product-type-simple"},"acf":[],"df_price":2.49,"df_sale_price":"","df_regular_price":2.49,"df_image_link":"https:\/\/glotomania.com\/wp-content\/uploads\/2025\/11\/img_22048_753e37b1acbceef84384c14cbd90c194_1-40-300x300.jpg","brands":[],"_links":{"self":[{"href":"https:\/\/glotomania.com\/pt-pt\/wp-json\/wp\/v2\/product\/389391","targetHints":{"allow":["GET"]}}],"collection":[{"href":"https:\/\/glotomania.com\/pt-pt\/wp-json\/wp\/v2\/product"}],"about":[{"href":"https:\/\/glotomania.com\/pt-pt\/wp-json\/wp\/v2\/types\/product"}],"replies":[{"embeddable":true,"href":"https:\/\/glotomania.com\/pt-pt\/wp-json\/wp\/v2\/comments?post=389391"}],"wp:featuredmedia":[{"embeddable":true,"href":"https:\/\/glotomania.com\/pt-pt\/wp-json\/wp\/v2\/media\/348385"}],"wp:attachment":[{"href":"https:\/\/glotomania.com\/pt-pt\/wp-json\/wp\/v2\/media?parent=389391"}],"wp:term":[{"taxonomy":"pwb-brand","embeddable":true,"href":"https:\/\/glotomania.com\/pt-pt\/wp-json\/wp\/v2\/pwb-brand?post=389391"},{"taxonomy":"product_brand","embeddable":true,"href":"https:\/\/glotomania.com\/pt-pt\/wp-json\/wp\/v2\/product_brand?post=389391"},{"taxonomy":"product_cat","embeddable":true,"href":"https:\/\/glotomania.com\/pt-pt\/wp-json\/wp\/v2\/product_cat?post=389391"},{"taxonomy":"product_tag","embeddable":true,"href":"https:\/\/glotomania.com\/pt-pt\/wp-json\/wp\/v2\/product_tag?post=389391"}],"curies":[{"name":"wp","href":"https:\/\/api.w.org\/{rel}","templated":true}]}}