{"id":389396,"date":"2025-09-02T10:45:38","date_gmt":"2025-09-02T10:45:38","guid":{"rendered":"https:\/\/glotomania.com\/p\/maquina-de-algodon-de-azucar-scrapcooking-2\/"},"modified":"2026-04-22T00:21:09","modified_gmt":"2026-04-22T00:21:09","slug":"maquina-de-algodon-de-azucar-scrapcooking-2","status":"publish","type":"product","link":"https:\/\/glotomania.com\/pt-pt\/p\/maquina-de-algodon-de-azucar-scrapcooking-2\/","title":{"rendered":"M\u00c1quina De Algod\u00c3o Doce &#8211; Scrapcooking"},"content":{"rendered":"<div>&nbsp;<\/div>\n<div><span style=\"font-size:14px\"><strong>Pot&ecirc;ncia: 500 W. &#8211;<\/strong> Com bot&atilde;o on\/off e p&eacute;s antiderrapantes.<\/span><\/div>\n<div>&nbsp;<\/div>\n<div><span style=\"font-size:14px\"><strong>Modo de utiliza&ccedil;&atilde;o:<\/strong><br \/>\nAquecer o aparelho durante 3 minutos. Desligar e, quando a ta&ccedil;a acabar de girar, deitar uma colher de a&ccedil;&uacute;car no centro da ta&ccedil;a. Voltar a ligar a m&aacute;quina, pegar num pauzinho e desloc&aacute;-lo em torno da coroa superior, ligando-a; em seguida, fazer pequenos movimentos da esquerda para a direita, ligando-a. E divirta-se!<\/span><\/div>\n<div>&nbsp;<\/div>\n<div><span style=\"font-size:14px\"><strong>Dimens&otilde;es aproximadas da m&aacute;quina:<\/strong> &Oslash; 28 cm &#8211; Altura 18 cm.<br \/>\n<strong>Tens&atilde;o de alimenta&ccedil;&atilde;o:<\/strong> 220 V &#8211; 240 V ~ 50\/60 Hz.<\/span><\/div>\n<div>&nbsp;<\/div>\n<div><span style=\"font-size:14px\"><strong>Conselhos de manuten&ccedil;&atilde;o:<\/strong><br \/>\nRaspar o a&ccedil;&uacute;car com um utens&iacute;lio de pl&aacute;stico e limpar com uma esponja embebida em &aacute;gua morna e detergente l&iacute;quido. Para limpar o corpo do aparelho: utilizar um pano h&uacute;mido.&nbsp;<\/span><\/div>\n<div>\n<span style=\"font-size:14px\"><strong>O kit inclui: <\/strong>1 m&aacute;quina + instru&ccedil;&otilde;es + 1 colher de medida + 6 paus de madeira reutiliz&aacute;veis + 100 g de algod&atilde;o doce cor-de-rosa para fazer at&eacute; 12 pe&ccedil;as de algod&atilde;o doce.<\/span><\/div>\n<div>&nbsp;<\/div>\n<div><em><span style=\"font-size:14px\">Este produto n&atilde;o est&aacute; dispon&iacute;vel para a B&eacute;lgica, Fran&ccedil;a e Su&iacute;&ccedil;a.<\/span><\/em><\/div>\n<p>&nbsp;<\/p>\n","protected":false},"excerpt":{"rendered":"<p>Fant\u00e1stico conjunto de m\u00e1quinas de algod\u00e3o doce Scrapcooking, ideal para qualquer festa.<\/p>\n","protected":false},"featured_media":345305,"comment_status":"open","ping_status":"closed","template":"","meta":{"_acf_changed":false},"pwb-brand":[],"product_brand":[],"product_cat":[3087,3226,2996,3001,1832,1845,1811,1767],"product_tag":[],"class_list":{"0":"post-389396","1":"product","2":"type-product","3":"status-publish","4":"has-post-thumbnail","6":"product_cat-ordem-e-armazenamento","7":"product_cat-pequenos-eletrodomesticos","8":"product_cat-produtos-vegetarianos","9":"product_cat-sem-e-171-2","10":"product_cat-diestas-especiales","11":"product_cat-dieta-sin-e-171","12":"product_cat-cocina","13":"product_cat-utensilios","15":"first","16":"instock","17":"taxable","18":"shipping-taxable","19":"purchasable","20":"product-type-simple"},"acf":[],"df_price":50.29,"df_sale_price":50.29,"df_regular_price":71.84,"df_image_link":"https:\/\/glotomania.com\/wp-content\/uploads\/2025\/11\/img_22058_c6605b4f20eb17bdb6b1e7cdd35ad9e6_1-29-300x300.jpg","brands":[],"_links":{"self":[{"href":"https:\/\/glotomania.com\/pt-pt\/wp-json\/wp\/v2\/product\/389396","targetHints":{"allow":["GET"]}}],"collection":[{"href":"https:\/\/glotomania.com\/pt-pt\/wp-json\/wp\/v2\/product"}],"about":[{"href":"https:\/\/glotomania.com\/pt-pt\/wp-json\/wp\/v2\/types\/product"}],"replies":[{"embeddable":true,"href":"https:\/\/glotomania.com\/pt-pt\/wp-json\/wp\/v2\/comments?post=389396"}],"wp:featuredmedia":[{"embeddable":true,"href":"https:\/\/glotomania.com\/pt-pt\/wp-json\/wp\/v2\/media\/345305"}],"wp:attachment":[{"href":"https:\/\/glotomania.com\/pt-pt\/wp-json\/wp\/v2\/media?parent=389396"}],"wp:term":[{"taxonomy":"pwb-brand","embeddable":true,"href":"https:\/\/glotomania.com\/pt-pt\/wp-json\/wp\/v2\/pwb-brand?post=389396"},{"taxonomy":"product_brand","embeddable":true,"href":"https:\/\/glotomania.com\/pt-pt\/wp-json\/wp\/v2\/product_brand?post=389396"},{"taxonomy":"product_cat","embeddable":true,"href":"https:\/\/glotomania.com\/pt-pt\/wp-json\/wp\/v2\/product_cat?post=389396"},{"taxonomy":"product_tag","embeddable":true,"href":"https:\/\/glotomania.com\/pt-pt\/wp-json\/wp\/v2\/product_tag?post=389396"}],"curies":[{"name":"wp","href":"https:\/\/api.w.org\/{rel}","templated":true}]}}