{"id":389397,"date":"2025-09-02T10:45:39","date_gmt":"2025-09-02T10:45:39","guid":{"rendered":"https:\/\/glotomania.com\/p\/algodon-de-azucar-azul-scrapcooking-sabor-cola-160-g-2\/"},"modified":"2026-04-18T00:16:13","modified_gmt":"2026-04-18T00:16:13","slug":"algodon-de-azucar-azul-scrapcooking-sabor-cola-160-g-2","status":"publish","type":"product","link":"https:\/\/glotomania.com\/pt-pt\/p\/algodon-de-azucar-azul-scrapcooking-sabor-cola-160-g-2\/","title":{"rendered":"Algod\u00c3o Doce Azul Scrapcooking &#8211; Sabor Cola (160 G)"},"content":{"rendered":"<p>.<\/p>\n","protected":false},"excerpt":{"rendered":"<p>Mistura de a\u00e7\u00facar azul com sabor a cola da Scrapcooking, para fazer nuvens de algod\u00e3o e tamb\u00e9m para decorar as nossas sobremesas.<\/p>\n","protected":false},"featured_media":350659,"comment_status":"open","ping_status":"closed","template":"","meta":{"_acf_changed":false},"pwb-brand":[],"product_brand":[],"product_cat":[3023,2908,2911,2907,3018,2921,2996,3001,1928,1832,1844,1845,1862,1885,1849,1858],"product_tag":[],"class_list":{"0":"post-389397","1":"product","2":"type-product","3":"status-publish","4":"has-post-thumbnail","6":"product_cat-algodao-doce","7":"product_cat-batizados","8":"product_cat-comunhoes","9":"product_cat-festas","10":"product_cat-ingredientes-de-pastelaria-2","11":"product_cat-pascoa","12":"product_cat-produtos-vegetarianos","13":"product_cat-sem-e-171-2","14":"product_cat-algodon-azucar","15":"product_cat-diestas-especiales","16":"product_cat-ingredientes-reposteria","17":"product_cat-dieta-sin-e-171","18":"product_cat-comuniones","19":"product_cat-bautizos","20":"product_cat-fiestas","21":"product_cat-pascua","23":"first","24":"instock","25":"taxable","26":"shipping-taxable","27":"purchasable","28":"product-type-simple"},"acf":[],"df_price":4.17,"df_sale_price":4.17,"df_regular_price":5.95,"df_image_link":"https:\/\/glotomania.com\/wp-content\/uploads\/2025\/11\/img_22061_4e119f93716f68a7946baa0cd0ed79ae_1-35-300x300.jpg","brands":[],"_links":{"self":[{"href":"https:\/\/glotomania.com\/pt-pt\/wp-json\/wp\/v2\/product\/389397","targetHints":{"allow":["GET"]}}],"collection":[{"href":"https:\/\/glotomania.com\/pt-pt\/wp-json\/wp\/v2\/product"}],"about":[{"href":"https:\/\/glotomania.com\/pt-pt\/wp-json\/wp\/v2\/types\/product"}],"replies":[{"embeddable":true,"href":"https:\/\/glotomania.com\/pt-pt\/wp-json\/wp\/v2\/comments?post=389397"}],"wp:featuredmedia":[{"embeddable":true,"href":"https:\/\/glotomania.com\/pt-pt\/wp-json\/wp\/v2\/media\/350659"}],"wp:attachment":[{"href":"https:\/\/glotomania.com\/pt-pt\/wp-json\/wp\/v2\/media?parent=389397"}],"wp:term":[{"taxonomy":"pwb-brand","embeddable":true,"href":"https:\/\/glotomania.com\/pt-pt\/wp-json\/wp\/v2\/pwb-brand?post=389397"},{"taxonomy":"product_brand","embeddable":true,"href":"https:\/\/glotomania.com\/pt-pt\/wp-json\/wp\/v2\/product_brand?post=389397"},{"taxonomy":"product_cat","embeddable":true,"href":"https:\/\/glotomania.com\/pt-pt\/wp-json\/wp\/v2\/product_cat?post=389397"},{"taxonomy":"product_tag","embeddable":true,"href":"https:\/\/glotomania.com\/pt-pt\/wp-json\/wp\/v2\/product_tag?post=389397"}],"curies":[{"name":"wp","href":"https:\/\/api.w.org\/{rel}","templated":true}]}}