{"id":389407,"date":"2025-09-02T10:45:44","date_gmt":"2025-09-02T10:45:44","guid":{"rendered":"https:\/\/glotomania.com\/p\/laminas-papel-de-oblea-especial-turron-scrapcooking-2\/"},"modified":"2026-04-28T00:15:44","modified_gmt":"2026-04-28T00:15:44","slug":"laminas-papel-de-oblea-especial-turron-scrapcooking-2","status":"publish","type":"product","link":"https:\/\/glotomania.com\/pt-pt\/p\/laminas-papel-de-oblea-especial-turron-scrapcooking-2\/","title":{"rendered":"Folhas De H\u00d3stias Especiais Para Nougat &#8211; Scrapcooking"},"content":{"rendered":"<p>&nbsp;<\/p>\n<p><span style=\"font-size:14px\">As folhas de h&oacute;stia s&atilde;o indispens&aacute;veis para a confe&ccedil;&atilde;o de torr&otilde;es, pois permitem-nos sabore&aacute;-los sem que se colem aos dedos. Caneladas, f&aacute;ceis de cortar no tamanho desejado.<\/span><\/p>\n<p><span style=\"font-size:14px\"><strong>Medidas<\/strong>: 29,7 x 21 cm.<\/span><\/p>\n<p><em><span style=\"font-size:14px\">Este produto n&atilde;o est&aacute; dispon&iacute;vel para a B&eacute;lgica, Fran&ccedil;a e Su&iacute;&ccedil;a.<\/span><\/em><\/p>\n","protected":false},"excerpt":{"rendered":"<p>Inclui 6 folhas de bolachas sem fermento e caneladas Scrapcooking, indispens\u00e1veis para a produ\u00e7\u00e3o de nougat.<\/p>\n","protected":false},"featured_media":337845,"comment_status":"open","ping_status":"closed","template":"","meta":{"_acf_changed":false},"pwb-brand":[],"product_brand":[],"product_cat":[1832,1841,2925,1845,1877,2927,2996,3001,2933,1922],"product_tag":[],"class_list":{"0":"post-389407","1":"product","2":"type-product","3":"status-publish","4":"has-post-thumbnail","6":"product_cat-diestas-especiales","7":"product_cat-impresiones","8":"product_cat-impressoes-comestiveis","9":"product_cat-dieta-sin-e-171","10":"product_cat-papel-comestible","11":"product_cat-papel-comestivel","12":"product_cat-produtos-vegetarianos","13":"product_cat-sem-e-171-2","14":"product_cat-wafer-paper","15":"product_cat-wafer-transfer","17":"first","18":"instock","19":"taxable","20":"shipping-taxable","21":"purchasable","22":"product-type-simple"},"acf":[],"df_price":5.02,"df_sale_price":5.02,"df_regular_price":7.17,"df_image_link":"https:\/\/glotomania.com\/wp-content\/uploads\/2025\/11\/img_22082_9eca0d6c70f61323e527fe44e38c067c_1-36-300x300.jpg","brands":[],"_links":{"self":[{"href":"https:\/\/glotomania.com\/pt-pt\/wp-json\/wp\/v2\/product\/389407","targetHints":{"allow":["GET"]}}],"collection":[{"href":"https:\/\/glotomania.com\/pt-pt\/wp-json\/wp\/v2\/product"}],"about":[{"href":"https:\/\/glotomania.com\/pt-pt\/wp-json\/wp\/v2\/types\/product"}],"replies":[{"embeddable":true,"href":"https:\/\/glotomania.com\/pt-pt\/wp-json\/wp\/v2\/comments?post=389407"}],"wp:featuredmedia":[{"embeddable":true,"href":"https:\/\/glotomania.com\/pt-pt\/wp-json\/wp\/v2\/media\/337845"}],"wp:attachment":[{"href":"https:\/\/glotomania.com\/pt-pt\/wp-json\/wp\/v2\/media?parent=389407"}],"wp:term":[{"taxonomy":"pwb-brand","embeddable":true,"href":"https:\/\/glotomania.com\/pt-pt\/wp-json\/wp\/v2\/pwb-brand?post=389407"},{"taxonomy":"product_brand","embeddable":true,"href":"https:\/\/glotomania.com\/pt-pt\/wp-json\/wp\/v2\/product_brand?post=389407"},{"taxonomy":"product_cat","embeddable":true,"href":"https:\/\/glotomania.com\/pt-pt\/wp-json\/wp\/v2\/product_cat?post=389407"},{"taxonomy":"product_tag","embeddable":true,"href":"https:\/\/glotomania.com\/pt-pt\/wp-json\/wp\/v2\/product_tag?post=389407"}],"curies":[{"name":"wp","href":"https:\/\/api.w.org\/{rel}","templated":true}]}}