{"id":389411,"date":"2025-09-02T10:45:47","date_gmt":"2025-09-02T10:45:47","guid":{"rendered":"https:\/\/glotomania.com\/p\/palomitero-scrapcooking-verde-agua-2\/"},"modified":"2026-03-10T20:14:11","modified_gmt":"2026-03-10T20:14:11","slug":"palomitero-scrapcooking-verde-agua-2","status":"publish","type":"product","link":"https:\/\/glotomania.com\/pt-pt\/p\/palomitero-scrapcooking-verde-agua-2\/","title":{"rendered":"Pipoqueira El\u00c9ctrica Scrapcooking &#8211; Verde \u00c1gua"},"content":{"rendered":"<p>&nbsp;<\/p>\n<p><span style=\"font-size:14px\">Inclui uma colher doseadora (= uma por&ccedil;&atilde;o) + receita para criar deliciosas pipocas de caramelo.<\/span><\/p>\n<p><span style=\"font-size:14px\"><strong>Pot&ecirc;ncia<\/strong>: 1100 W.<br \/>\n<strong>Tens&atilde;o de alimenta&ccedil;&atilde;o:<\/strong> 220-240 V ~ 50\/60Hz.<\/span><\/p>\n<p><span style=\"font-size:14px\"><strong>Instru&ccedil;&otilde;es de utiliza&ccedil;&atilde;o:<\/strong><\/span><\/p>\n<ul>\n<li>Com a colher doseadora, deitar os gr&atilde;os de milho na c&acirc;mara de pipocas.<\/li>\n<li><span style=\"font-size:14px\">Ligar a m&aacute;quina.<\/span><\/li>\n<li><span style=\"font-size:14px\">Em apenas 01:30 min. ter&aacute; pipocas estaladi&ccedil;as.<\/span><\/li>\n<li><span style=\"font-size:14px\">Polvilhe as pipocas com a&ccedil;&uacute;car ou sal, ou cubra-as com caramelo ou chocolate.<\/span><\/li>\n<\/ul>\n<p><span style=\"font-size:14px\"><strong>Dimens&otilde;es aproximadas: <\/strong>28,5 x 15,5 x 16 cm.<\/span><\/p>\n<p><em><span style=\"font-size:14px\">Este produto n&atilde;o est&aacute; dispon&iacute;vel para a B&eacute;lgica, Fran&ccedil;a e Su&iacute;&ccedil;a.<\/span><\/em><\/p>\n","protected":false},"excerpt":{"rendered":"<p>M\u00e1quina de pipocas el\u00e9ctrica Scrapcooking para fazer pipocas fant\u00e1sticas num piscar de olhos!<\/p>\n","protected":false},"featured_media":350669,"comment_status":"open","ping_status":"closed","template":"","meta":{"_acf_changed":false},"pwb-brand":[],"product_brand":[],"product_cat":[3087,1811,3226,1767],"product_tag":[],"class_list":{"0":"post-389411","1":"product","2":"type-product","3":"status-publish","4":"has-post-thumbnail","6":"product_cat-ordem-e-armazenamento","7":"product_cat-cocina","8":"product_cat-pequenos-eletrodomesticos","9":"product_cat-utensilios","11":"first","12":"instock","13":"taxable","14":"shipping-taxable","15":"purchasable","16":"product-type-simple"},"acf":[],"df_price":41.99,"df_sale_price":"","df_regular_price":41.99,"df_image_link":"https:\/\/glotomania.com\/wp-content\/uploads\/2025\/11\/img_22092_17936fac9b5c98b1c04f3782e7ee2474_1-36-300x300.jpg","brands":[],"_links":{"self":[{"href":"https:\/\/glotomania.com\/pt-pt\/wp-json\/wp\/v2\/product\/389411","targetHints":{"allow":["GET"]}}],"collection":[{"href":"https:\/\/glotomania.com\/pt-pt\/wp-json\/wp\/v2\/product"}],"about":[{"href":"https:\/\/glotomania.com\/pt-pt\/wp-json\/wp\/v2\/types\/product"}],"replies":[{"embeddable":true,"href":"https:\/\/glotomania.com\/pt-pt\/wp-json\/wp\/v2\/comments?post=389411"}],"wp:featuredmedia":[{"embeddable":true,"href":"https:\/\/glotomania.com\/pt-pt\/wp-json\/wp\/v2\/media\/350669"}],"wp:attachment":[{"href":"https:\/\/glotomania.com\/pt-pt\/wp-json\/wp\/v2\/media?parent=389411"}],"wp:term":[{"taxonomy":"pwb-brand","embeddable":true,"href":"https:\/\/glotomania.com\/pt-pt\/wp-json\/wp\/v2\/pwb-brand?post=389411"},{"taxonomy":"product_brand","embeddable":true,"href":"https:\/\/glotomania.com\/pt-pt\/wp-json\/wp\/v2\/product_brand?post=389411"},{"taxonomy":"product_cat","embeddable":true,"href":"https:\/\/glotomania.com\/pt-pt\/wp-json\/wp\/v2\/product_cat?post=389411"},{"taxonomy":"product_tag","embeddable":true,"href":"https:\/\/glotomania.com\/pt-pt\/wp-json\/wp\/v2\/product_tag?post=389411"}],"curies":[{"name":"wp","href":"https:\/\/api.w.org\/{rel}","templated":true}]}}