{"id":389412,"date":"2025-09-02T10:45:47","date_gmt":"2025-09-02T10:45:47","guid":{"rendered":"https:\/\/glotomania.com\/p\/decoraciones-de-azucar-scrapcooking-unicornios-2\/"},"modified":"2026-04-22T00:21:13","modified_gmt":"2026-04-22T00:21:13","slug":"decoraciones-de-azucar-scrapcooking-unicornios-2","status":"publish","type":"product","link":"https:\/\/glotomania.com\/pt-pt\/p\/decoraciones-de-azucar-scrapcooking-unicornios-2\/","title":{"rendered":"Decora\u00c7\u00d5es Em A\u00c7\u00dacar Para Scrapcooking &#8211; Unic\u00d3rnios"},"content":{"rendered":"<p>&nbsp;<\/p>\n<p><span style=\"font-size:14px\"><strong>Dimens&otilde;es aproximadas&nbsp;<\/strong><\/span><\/p>\n<ul>\n<li><span style=\"font-size:14px\"><strong>Chifre de unic&oacute;rnio<\/strong> 2,7 x 1,5 &#8211; 2 x 0,8 cm.<\/span><\/li>\n<li><span style=\"font-size:14px\"><strong>Orelha de unic&oacute;rnio<\/strong> 1,8 x 0,9 x 0,5 cm.<\/span><\/li>\n<\/ul>\n<p><span style=\"font-size:14px\">Inclui 18 decora&ccedil;&otilde;es (6 cornos + 12 orelhas de unic&oacute;rnio).<\/span><\/p>\n<p><em><span style=\"font-size:14px\">Este produto n&atilde;o est&aacute; dispon&iacute;vel para a B&eacute;lgica, Fran&ccedil;a e Su&iacute;&ccedil;a.<\/span><\/em><\/p>\n","protected":false},"excerpt":{"rendered":"<p>Inclui 18 decora\u00e7\u00f5es em a\u00e7\u00facar Scrapcooking (6 cornos e 12 orelhas de unic\u00f3rnio) perfeitas para os nossos cupcakes.<\/p>\n","protected":false},"featured_media":350670,"comment_status":"open","ping_status":"closed","template":"","meta":{"_acf_changed":false},"pwb-brand":[],"product_brand":[],"product_cat":[1839,2979,1832,2907,2988,1999,1845,2996,1849,3001],"product_tag":[],"class_list":{"0":"post-389412","1":"product","2":"type-product","3":"status-publish","4":"has-post-thumbnail","6":"product_cat-decoracion-comestible","7":"product_cat-decoracoes-comestiveis-2","8":"product_cat-diestas-especiales","9":"product_cat-festas","10":"product_cat-figuras-de-acucar-comestiveis-2","11":"product_cat-figuras-de-azucar","12":"product_cat-dieta-sin-e-171","13":"product_cat-produtos-vegetarianos","14":"product_cat-fiestas","15":"product_cat-sem-e-171-2","17":"first","18":"instock","19":"taxable","20":"shipping-taxable","21":"purchasable","22":"product-type-simple"},"acf":[],"df_price":2.93,"df_sale_price":2.93,"df_regular_price":4.18,"df_image_link":"https:\/\/glotomania.com\/wp-content\/uploads\/2025\/11\/img_22093_5da935d7f1401356deb7f2b22ffe9576_1-34-300x300.jpg","brands":[],"_links":{"self":[{"href":"https:\/\/glotomania.com\/pt-pt\/wp-json\/wp\/v2\/product\/389412","targetHints":{"allow":["GET"]}}],"collection":[{"href":"https:\/\/glotomania.com\/pt-pt\/wp-json\/wp\/v2\/product"}],"about":[{"href":"https:\/\/glotomania.com\/pt-pt\/wp-json\/wp\/v2\/types\/product"}],"replies":[{"embeddable":true,"href":"https:\/\/glotomania.com\/pt-pt\/wp-json\/wp\/v2\/comments?post=389412"}],"wp:featuredmedia":[{"embeddable":true,"href":"https:\/\/glotomania.com\/pt-pt\/wp-json\/wp\/v2\/media\/350670"}],"wp:attachment":[{"href":"https:\/\/glotomania.com\/pt-pt\/wp-json\/wp\/v2\/media?parent=389412"}],"wp:term":[{"taxonomy":"pwb-brand","embeddable":true,"href":"https:\/\/glotomania.com\/pt-pt\/wp-json\/wp\/v2\/pwb-brand?post=389412"},{"taxonomy":"product_brand","embeddable":true,"href":"https:\/\/glotomania.com\/pt-pt\/wp-json\/wp\/v2\/product_brand?post=389412"},{"taxonomy":"product_cat","embeddable":true,"href":"https:\/\/glotomania.com\/pt-pt\/wp-json\/wp\/v2\/product_cat?post=389412"},{"taxonomy":"product_tag","embeddable":true,"href":"https:\/\/glotomania.com\/pt-pt\/wp-json\/wp\/v2\/product_tag?post=389412"}],"curies":[{"name":"wp","href":"https:\/\/api.w.org\/{rel}","templated":true}]}}