{"id":389413,"date":"2025-09-02T10:45:48","date_gmt":"2025-09-02T10:45:48","guid":{"rendered":"https:\/\/glotomania.com\/p\/set-utensilios-scrapcooking-osito-teddy-2\/"},"modified":"2026-03-10T20:14:16","modified_gmt":"2026-03-10T20:14:16","slug":"set-utensilios-scrapcooking-osito-teddy-2","status":"publish","type":"product","link":"https:\/\/glotomania.com\/pt-pt\/p\/set-utensilios-scrapcooking-osito-teddy-2\/","title":{"rendered":"Conjunto De Utens\u00cdlios De Cozinha &#8211; Ursinho De Peluche &#8220;teddy"},"content":{"rendered":"<p>&nbsp;<\/p>\n<p><span style=\"font-size:14px\">O conjunto inclui: molde, batedor, colher e cortador.<\/span><\/p>\n<p><span style=\"font-size:14px\"><u>O molde <\/u>e os utens&iacute;lios s&atilde;o feitos de <strong>silicone<\/strong> de qualidade alimentar.<br \/>\n<u>Cortador<\/u> em <strong>a&ccedil;o<\/strong> <strong>inoxid&aacute;vel<\/strong>, adequado para uso alimentar.<\/span><\/p>\n<p><span style=\"font-size:14px\"><strong>Dimens&otilde;es aproximadas: <\/strong><u>Molde <\/u>24 x 15,5 x 5,5 cm &#8211; <u>Cortador <\/u>7,9 x 8,3 cm &#8211; <u>Batedor <\/u>20,5 x 6 cm &#8211; <u>Colher<\/u> 20,5 x 4,1 cm.<\/span><\/p>\n<p><em><span style=\"font-size:14px\">Este produto n&atilde;o est&aacute; dispon&iacute;vel para a B&eacute;lgica, Fran&ccedil;a e Su&iacute;&ccedil;a.<\/span><\/em><\/p>\n","protected":false},"excerpt":{"rendered":"<p>Conjunto fant\u00e1stico de ursinhos de peluche em verde-\u00e1gua, com 1 molde de silicone, 1 cortador de a\u00e7o e 2 utens\u00edlios de cozinha.<\/p>\n","protected":false},"featured_media":350672,"comment_status":"open","ping_status":"closed","template":"","meta":{"_acf_changed":false},"pwb-brand":[],"product_brand":[],"product_cat":[3106,3146,2908,3199,2907,3214,3222,3087,1820,1788,1801,1810,1885,1849,1767,1913],"product_tag":[],"class_list":{"0":"post-389413","1":"product","2":"type-product","3":"status-publish","4":"has-post-thumbnail","6":"product_cat-basicos-de-pastelaria","7":"product_cat-batedores-e-utensilios-de-cozinha","8":"product_cat-batizados","9":"product_cat-cortadores-de-metal","10":"product_cat-festas","11":"product_cat-moldes-de-pastelaria","12":"product_cat-moldes-de-silicone","13":"product_cat-ordem-e-armazenamento","14":"product_cat-basicos","15":"product_cat-cortadores-de-cobre","16":"product_cat-moldes","17":"product_cat-moldes-silicona","18":"product_cat-bautizos","19":"product_cat-fiestas","20":"product_cat-utensilios","21":"product_cat-varillas","23":"first","24":"instock","25":"taxable","26":"shipping-taxable","27":"purchasable","28":"product-type-simple"},"acf":[],"df_price":22.95,"df_sale_price":"","df_regular_price":22.95,"df_image_link":"https:\/\/glotomania.com\/wp-content\/uploads\/2025\/11\/img_22095_18b3d81876c077a431b1a5ec7b939d36_1-40-300x300.jpg","brands":[],"_links":{"self":[{"href":"https:\/\/glotomania.com\/pt-pt\/wp-json\/wp\/v2\/product\/389413","targetHints":{"allow":["GET"]}}],"collection":[{"href":"https:\/\/glotomania.com\/pt-pt\/wp-json\/wp\/v2\/product"}],"about":[{"href":"https:\/\/glotomania.com\/pt-pt\/wp-json\/wp\/v2\/types\/product"}],"replies":[{"embeddable":true,"href":"https:\/\/glotomania.com\/pt-pt\/wp-json\/wp\/v2\/comments?post=389413"}],"wp:featuredmedia":[{"embeddable":true,"href":"https:\/\/glotomania.com\/pt-pt\/wp-json\/wp\/v2\/media\/350672"}],"wp:attachment":[{"href":"https:\/\/glotomania.com\/pt-pt\/wp-json\/wp\/v2\/media?parent=389413"}],"wp:term":[{"taxonomy":"pwb-brand","embeddable":true,"href":"https:\/\/glotomania.com\/pt-pt\/wp-json\/wp\/v2\/pwb-brand?post=389413"},{"taxonomy":"product_brand","embeddable":true,"href":"https:\/\/glotomania.com\/pt-pt\/wp-json\/wp\/v2\/product_brand?post=389413"},{"taxonomy":"product_cat","embeddable":true,"href":"https:\/\/glotomania.com\/pt-pt\/wp-json\/wp\/v2\/product_cat?post=389413"},{"taxonomy":"product_tag","embeddable":true,"href":"https:\/\/glotomania.com\/pt-pt\/wp-json\/wp\/v2\/product_tag?post=389413"}],"curies":[{"name":"wp","href":"https:\/\/api.w.org\/{rel}","templated":true}]}}