{"id":389426,"date":"2025-09-02T10:45:59","date_gmt":"2025-09-02T10:45:59","guid":{"rendered":"https:\/\/glotomania.com\/p\/mazapan-funcakes-natural-14-1-kg-2\/"},"modified":"2026-04-25T17:21:40","modified_gmt":"2026-04-25T17:21:40","slug":"mazapan-funcakes-natural-14-1-kg-2","status":"publish","type":"product","link":"https:\/\/glotomania.com\/pt-pt\/p\/mazapan-funcakes-natural-14-1-kg-2\/","title":{"rendered":"Ma\u00c7ap\u00c3o Funcakes &#8211; Natural (1:4) 1 Kg"},"content":{"rendered":"<p>&nbsp;<\/p>\n<p><span style=\"font-size: 14px\">Fondant de am&ecirc;ndoa FunCakes, tamb&eacute;m conhecido como&nbsp;<strong>ma&ccedil;ap&atilde;o&nbsp;<\/strong>(n&atilde;o confundir com o doce t&iacute;pico de Natal espanhol).<\/span><\/p>\n<p><span style=\"font-size: 14px\"><strong>Sugest&atilde;o:<\/strong>&nbsp;para cobrir um bolo redondo ou um bolo com cerca de 24-26 cm, ou uma forma quadrada com cerca de 20&#215;20 cm, precisar&aacute; de cerca de 500 g de fondant de am&ecirc;ndoa.&nbsp;<\/span><\/p>\n<ul>\n<li><span style=\"font-size: 14px\">Antes de utilizar, amasse bem e espalhe uma camada fina de a&ccedil;&uacute;car em p&oacute;.<\/span><\/li>\n<li><span style=\"font-size: 14px\">Se desejar tornar a cor mais clara, pode misturar o fondant de am&ecirc;ndoa colorido com o branco. As cores tamb&eacute;m podem ser misturadas umas com as outras.<\/span><\/li>\n<\/ul>\n<p><font color=\"#000000\"><span style=\"font-size: 14px\"><b><u>Propor&ccedil;&otilde;es<\/u><\/b><\/span><\/font><span style=\"font-size: 14px\"><span><strong>:<\/strong><\/span><\/span><\/p>\n<table align=\"center\" border=\"1\" cellpadding=\"1\" cellspacing=\"1\" style=\"width: 500px\">\n<tbody>\n<tr>\n<td style=\"text-align: center\"><font color=\"#000000\"><span style=\"font-size: 14px\">50%&nbsp;a&ccedil;&uacute;car&nbsp;&#8211; 50%&nbsp;am&ecirc;ndoas&nbsp;<\/span><\/font><\/td>\n<td style=\"text-align: center\"><span style=\"font-size: 14px\"><span>1:1<\/span><\/span><\/td>\n<\/tr>\n<tr>\n<td style=\"text-align: center\"><font color=\"#000000\"><span style=\"font-size: 14px\">67%&nbsp;a&ccedil;&uacute;car&nbsp;&#8211; 33%&nbsp;am&ecirc;ndoas&nbsp;<\/span><\/font><\/td>\n<td style=\"text-align: center\"><span style=\"font-size: 14px\"><span>1:2<\/span><\/span><\/td>\n<\/tr>\n<tr>\n<td style=\"text-align: center\"><font color=\"#000000\"><span style=\"font-size: 14px\">75%&nbsp;a&ccedil;&uacute;car&nbsp;&#8211; 25%&nbsp;am&ecirc;ndoas&nbsp;<\/span><\/font><\/td>\n<td style=\"text-align: center\"><span style=\"font-size: 14px\"><span>1:3<\/span><\/span><\/td>\n<\/tr>\n<tr>\n<td style=\"text-align: center\"><font color=\"#000000\"><span style=\"font-size: 14px\"><b>80%&nbsp;a&ccedil;&uacute;car&nbsp;<\/b><\/span><\/font><b style=\"font-size: 14px\">&nbsp;&#8211; 20%&nbsp;<\/b><font color=\"#000000\"><span style=\"font-size: 14px\"><b>am&ecirc;ndoas&nbsp;<\/b><\/span><\/font><\/td>\n<td style=\"text-align: center\"><span style=\"font-size: 14px\"><span><strong>1:4<\/strong><\/span><\/span><\/td>\n<\/tr>\n<\/tbody>\n<\/table>\n","protected":false},"excerpt":{"rendered":"<p>Deliciosa pasta de am\u00eandoa Funcakes, perfeita para estender e cobrir bolos, gra\u00e7as \u00e0 sua suavidade e flexibilidade.<\/p>\n","protected":false},"featured_media":345356,"comment_status":"open","ping_status":"closed","template":"","meta":{"_acf_changed":false},"pwb-brand":[],"product_brand":[],"product_cat":[1832,1847,2777,2774,2997,1901,1902,1845,2999,3044,1933,3006,2996,3001],"product_tag":[],"class_list":{"0":"post-389426","1":"product","2":"type-product","3":"status-publish","4":"has-post-thumbnail","6":"product_cat-diestas-especiales","7":"product_cat-fondant","8":"product_cat-fondant-halal","9":"product_cat-fondant-kosher","10":"product_cat-halal","11":"product_cat-dieta-halal","12":"product_cat-dieta-kosher","13":"product_cat-dieta-sin-e-171","14":"product_cat-kosher-2","15":"product_cat-massapao-para-pastelaria-2","16":"product_cat-pasta-almendras","17":"product_cat-pastas-de-acucar-2","18":"product_cat-produtos-vegetarianos","19":"product_cat-sem-e-171-2","21":"first","22":"instock","23":"taxable","24":"shipping-taxable","25":"purchasable","26":"product-type-simple"},"acf":[],"df_price":13.95,"df_sale_price":"","df_regular_price":13.95,"df_image_link":"https:\/\/glotomania.com\/wp-content\/uploads\/2025\/11\/img_22132_1c4787e6e7800b62c48579d8bade57f3_1-43-300x300.jpg","brands":[],"_links":{"self":[{"href":"https:\/\/glotomania.com\/pt-pt\/wp-json\/wp\/v2\/product\/389426","targetHints":{"allow":["GET"]}}],"collection":[{"href":"https:\/\/glotomania.com\/pt-pt\/wp-json\/wp\/v2\/product"}],"about":[{"href":"https:\/\/glotomania.com\/pt-pt\/wp-json\/wp\/v2\/types\/product"}],"replies":[{"embeddable":true,"href":"https:\/\/glotomania.com\/pt-pt\/wp-json\/wp\/v2\/comments?post=389426"}],"wp:featuredmedia":[{"embeddable":true,"href":"https:\/\/glotomania.com\/pt-pt\/wp-json\/wp\/v2\/media\/345356"}],"wp:attachment":[{"href":"https:\/\/glotomania.com\/pt-pt\/wp-json\/wp\/v2\/media?parent=389426"}],"wp:term":[{"taxonomy":"pwb-brand","embeddable":true,"href":"https:\/\/glotomania.com\/pt-pt\/wp-json\/wp\/v2\/pwb-brand?post=389426"},{"taxonomy":"product_brand","embeddable":true,"href":"https:\/\/glotomania.com\/pt-pt\/wp-json\/wp\/v2\/product_brand?post=389426"},{"taxonomy":"product_cat","embeddable":true,"href":"https:\/\/glotomania.com\/pt-pt\/wp-json\/wp\/v2\/product_cat?post=389426"},{"taxonomy":"product_tag","embeddable":true,"href":"https:\/\/glotomania.com\/pt-pt\/wp-json\/wp\/v2\/product_tag?post=389426"}],"curies":[{"name":"wp","href":"https:\/\/api.w.org\/{rel}","templated":true}]}}