{"id":389428,"date":"2025-09-02T10:46:00","date_gmt":"2025-09-02T10:46:00","guid":{"rendered":"https:\/\/glotomania.com\/p\/decoraciones-de-azucar-funcakes-animales-granja-2\/"},"modified":"2026-03-10T20:14:47","modified_gmt":"2026-03-10T20:14:47","slug":"decoraciones-de-azucar-funcakes-animales-granja-2","status":"publish","type":"product","link":"https:\/\/glotomania.com\/pt-pt\/p\/decoraciones-de-azucar-funcakes-animales-granja-2\/","title":{"rendered":"Decora\u00c7\u00d5es Em A\u00c7\u00dacar Funcakes &#8211; Animais Da Quinta"},"content":{"rendered":"<p>\n<span style=\"font-size: 14px\"><strong>Tamanho aproximado:&nbsp;<\/strong><\/span><span style=\"font-size: 14px\">2,2 cm&nbsp;&nbsp;<\/span><\/p>\n<p><span style=\"font-size:14px\">O conjunto inclui 12 pe&ccedil;as com os seguintes desenhos de animais: cavalo, vaca, ovelha e porco.<\/span><\/p>\n","protected":false},"excerpt":{"rendered":"<p>12 decora\u00e7\u00f5es em a\u00e7\u00facar com a forma de animais da quinta Funcakes, perfeitas para dar um toque divertido e original \u00e0s nossas cria\u00e7\u00f5es.<\/p>\n","protected":false},"featured_media":348417,"comment_status":"open","ping_status":"closed","template":"","meta":{"_acf_changed":false},"pwb-brand":[],"product_brand":[],"product_cat":[1839,2979,1832,2907,2988,1999,1845,1833,2921,2996,1849,1858,3001,3004],"product_tag":[],"class_list":{"0":"post-389428","1":"product","2":"type-product","3":"status-publish","4":"has-post-thumbnail","6":"product_cat-decoracion-comestible","7":"product_cat-decoracoes-comestiveis-2","8":"product_cat-diestas-especiales","9":"product_cat-festas","10":"product_cat-figuras-de-acucar-comestiveis-2","11":"product_cat-figuras-de-azucar","12":"product_cat-dieta-sin-e-171","13":"product_cat-dieta-sin-gluten","14":"product_cat-pascoa","15":"product_cat-produtos-vegetarianos","16":"product_cat-fiestas","17":"product_cat-pascua","18":"product_cat-sem-e-171-2","19":"product_cat-sem-gluten-2","21":"first","22":"instock","23":"taxable","24":"shipping-taxable","25":"purchasable","26":"product-type-simple"},"acf":[],"df_price":4.69,"df_sale_price":"","df_regular_price":4.69,"df_image_link":"https:\/\/glotomania.com\/wp-content\/uploads\/2025\/11\/img_22142_ee86cd5f75dfb621bc2dd8d4376fbfcb_1-48-300x300.jpg","brands":[],"_links":{"self":[{"href":"https:\/\/glotomania.com\/pt-pt\/wp-json\/wp\/v2\/product\/389428","targetHints":{"allow":["GET"]}}],"collection":[{"href":"https:\/\/glotomania.com\/pt-pt\/wp-json\/wp\/v2\/product"}],"about":[{"href":"https:\/\/glotomania.com\/pt-pt\/wp-json\/wp\/v2\/types\/product"}],"replies":[{"embeddable":true,"href":"https:\/\/glotomania.com\/pt-pt\/wp-json\/wp\/v2\/comments?post=389428"}],"wp:featuredmedia":[{"embeddable":true,"href":"https:\/\/glotomania.com\/pt-pt\/wp-json\/wp\/v2\/media\/348417"}],"wp:attachment":[{"href":"https:\/\/glotomania.com\/pt-pt\/wp-json\/wp\/v2\/media?parent=389428"}],"wp:term":[{"taxonomy":"pwb-brand","embeddable":true,"href":"https:\/\/glotomania.com\/pt-pt\/wp-json\/wp\/v2\/pwb-brand?post=389428"},{"taxonomy":"product_brand","embeddable":true,"href":"https:\/\/glotomania.com\/pt-pt\/wp-json\/wp\/v2\/product_brand?post=389428"},{"taxonomy":"product_cat","embeddable":true,"href":"https:\/\/glotomania.com\/pt-pt\/wp-json\/wp\/v2\/product_cat?post=389428"},{"taxonomy":"product_tag","embeddable":true,"href":"https:\/\/glotomania.com\/pt-pt\/wp-json\/wp\/v2\/product_tag?post=389428"}],"curies":[{"name":"wp","href":"https:\/\/api.w.org\/{rel}","templated":true}]}}