{"id":389429,"date":"2025-09-02T10:46:01","date_gmt":"2025-09-02T10:46:01","guid":{"rendered":"https:\/\/glotomania.com\/p\/decoraciones-de-azucar-funcakes-pajaros-rosas-y-azules-2\/"},"modified":"2026-03-10T20:14:49","modified_gmt":"2026-03-10T20:14:49","slug":"decoraciones-de-azucar-funcakes-pajaros-rosas-y-azules-2","status":"publish","type":"product","link":"https:\/\/glotomania.com\/pt-pt\/p\/decoraciones-de-azucar-funcakes-pajaros-rosas-y-azules-2\/","title":{"rendered":"Decora\u00c7\u00d5es Em A\u00c7\u00dacar Funcakes &#8211; P\u00c1ssaros Cor-de-rosa E Azuis"},"content":{"rendered":"<p>\n<span style=\"font-size:14px\"><strong>Tamanho aproximado:&nbsp;<\/strong>1,5 x 2,5 cm.<\/span><\/p>\n<p><span style=\"font-size:14px\">O conjunto inclui 16 pe&ccedil;as: 8 p&aacute;ssaros azuis e 8 p&aacute;ssaros cor-de-rosa.<\/span><\/p>\n","protected":false},"excerpt":{"rendered":"<p>16 decora\u00e7\u00f5es em a\u00e7\u00facar Funcakes em forma de passarinhos, perfeitas para dar um toque rom\u00e2ntico e original \u00e0s nossas cria\u00e7\u00f5es.<\/p>\n","protected":false},"featured_media":345364,"comment_status":"open","ping_status":"closed","template":"","meta":{"_acf_changed":false},"pwb-brand":[],"product_brand":[],"product_cat":[2908,2979,2907,2988,2921,2996,2924,3001,3004,1852,1839,1832,1999,1845,1833,1885,1849,1858],"product_tag":[],"class_list":{"0":"post-389429","1":"product","2":"type-product","3":"status-publish","4":"has-post-thumbnail","6":"product_cat-batizados","7":"product_cat-decoracoes-comestiveis-2","8":"product_cat-festas","9":"product_cat-figuras-de-acucar-comestiveis-2","10":"product_cat-pascoa","11":"product_cat-produtos-vegetarianos","12":"product_cat-sao-valentim-2","13":"product_cat-sem-e-171-2","14":"product_cat-sem-gluten-2","15":"product_cat-san-valentin","16":"product_cat-decoracion-comestible","17":"product_cat-diestas-especiales","18":"product_cat-figuras-de-azucar","19":"product_cat-dieta-sin-e-171","20":"product_cat-dieta-sin-gluten","21":"product_cat-bautizos","22":"product_cat-fiestas","23":"product_cat-pascua","25":"first","26":"instock","27":"taxable","28":"shipping-taxable","29":"purchasable","30":"product-type-simple"},"acf":[],"df_price":3.44,"df_sale_price":"","df_regular_price":3.44,"df_image_link":"https:\/\/glotomania.com\/wp-content\/uploads\/2025\/11\/img_22149_20aa94463b123e80a43fb179eb56297d_1-34-300x300.jpg","brands":[],"_links":{"self":[{"href":"https:\/\/glotomania.com\/pt-pt\/wp-json\/wp\/v2\/product\/389429","targetHints":{"allow":["GET"]}}],"collection":[{"href":"https:\/\/glotomania.com\/pt-pt\/wp-json\/wp\/v2\/product"}],"about":[{"href":"https:\/\/glotomania.com\/pt-pt\/wp-json\/wp\/v2\/types\/product"}],"replies":[{"embeddable":true,"href":"https:\/\/glotomania.com\/pt-pt\/wp-json\/wp\/v2\/comments?post=389429"}],"wp:featuredmedia":[{"embeddable":true,"href":"https:\/\/glotomania.com\/pt-pt\/wp-json\/wp\/v2\/media\/345364"}],"wp:attachment":[{"href":"https:\/\/glotomania.com\/pt-pt\/wp-json\/wp\/v2\/media?parent=389429"}],"wp:term":[{"taxonomy":"pwb-brand","embeddable":true,"href":"https:\/\/glotomania.com\/pt-pt\/wp-json\/wp\/v2\/pwb-brand?post=389429"},{"taxonomy":"product_brand","embeddable":true,"href":"https:\/\/glotomania.com\/pt-pt\/wp-json\/wp\/v2\/product_brand?post=389429"},{"taxonomy":"product_cat","embeddable":true,"href":"https:\/\/glotomania.com\/pt-pt\/wp-json\/wp\/v2\/product_cat?post=389429"},{"taxonomy":"product_tag","embeddable":true,"href":"https:\/\/glotomania.com\/pt-pt\/wp-json\/wp\/v2\/product_tag?post=389429"}],"curies":[{"name":"wp","href":"https:\/\/api.w.org\/{rel}","templated":true}]}}