{"id":389431,"date":"2025-09-02T10:46:03","date_gmt":"2025-09-02T10:46:03","guid":{"rendered":"https:\/\/glotomania.com\/p\/spray-velvet-efecto-terciopelo-funcakes-rojo-100-ml-3\/"},"modified":"2026-04-15T12:58:35","modified_gmt":"2026-04-15T12:58:35","slug":"spray-velvet-efecto-terciopelo-funcakes-rojo-100-ml-3","status":"publish","type":"product","link":"https:\/\/glotomania.com\/pt-pt\/p\/spray-velvet-efecto-terciopelo-funcakes-rojo-100-ml-3\/","title":{"rendered":"Spray &#8220;velvet&#8221; Efeito Veludo Funcakes &#8211; Vermelho (100 Ml)"},"content":{"rendered":"<p>&nbsp;<\/p>\n<p><span style=\"color:#000000\"><strong><span style=\"font-size:14px\">Modo de utiliza&ccedil;&atilde;o:<\/span><\/strong><\/span><\/p>\n<ul>\n<li><span style=\"color:#000000\"><span style=\"font-size:14px\">Conservar &agrave; temperatura ambiente 20 &#8211; 25 &deg;C cerca de 2 h antes da utiliza&ccedil;&atilde;o.<\/span><\/span><\/li>\n<li><span style=\"color:#000000\"><span style=\"font-size:14px\">Agitar bem e aquecer a lata em &aacute;gua quente entre 25 &#8211; 35 &deg;C.<\/span><\/span><\/li>\n<li><span style=\"color:#000000\"><span style=\"font-size:14px\">Pulverizar uma camada uniforme sobre uma superf&iacute;cie congelada a uma dist&acirc;ncia de 20 &#8211; 25 cm.<\/span><\/span><\/li>\n<li><span style=\"color:#000000\"><span style=\"font-size:14px\">O tempo de endurecimento recomendado antes da utiliza&ccedil;&atilde;o &eacute; de 4 horas.<\/span><\/span><\/li>\n<li><span style=\"color:#000000\"><span style=\"font-size:14px\">Ap&oacute;s a utiliza&ccedil;&atilde;o, virar a lata de cabe&ccedil;a para baixo e pulverizar durante alguns segundos para a limpar.<\/span><\/span><\/li>\n<li><span style=\"color:#000000\"><span style=\"font-size:14px\">Limpar o bico com &aacute;gua morna se n&atilde;o pulverizar uniformemente.<\/span><\/span><\/li>\n<\/ul>\n<p><span style=\"color:#000000\"><span style=\"font-size:14px\"><strong>Dosagem m&aacute;xima recomendada: <\/strong>3,8 g \/ kg.<\/span><\/span><\/p>\n","protected":false},"excerpt":{"rendered":"<p>D\u00ea um belo efeito de veludo \u00e0s suas cria\u00e7\u00f5es com este fant\u00e1stico spray de veludo da Funcakes.<\/p>\n","protected":false},"featured_media":350683,"comment_status":"open","ping_status":"closed","template":"","meta":{"_acf_changed":false},"pwb-brand":[],"product_brand":[],"product_cat":[1852,1835,1898,2953,2962,1832,2907,2997,1901,1902,1845,2999,2920,2996,1849,1866,2924,3001],"product_tag":[],"class_list":{"0":"post-389431","1":"product","2":"type-product","3":"status-publish","4":"has-post-thumbnail","6":"product_cat-san-valentin","7":"product_cat-colorantes","8":"product_cat-colorantes-spray","9":"product_cat-corantes-e-pinturas","10":"product_cat-corantes-em-spray","11":"product_cat-diestas-especiales","12":"product_cat-festas","13":"product_cat-halal","14":"product_cat-dieta-halal","15":"product_cat-dieta-kosher","16":"product_cat-dieta-sin-e-171","17":"product_cat-kosher-2","18":"product_cat-natal-2","19":"product_cat-produtos-vegetarianos","20":"product_cat-fiestas","21":"product_cat-navidad","22":"product_cat-sao-valentim-2","23":"product_cat-sem-e-171-2","25":"first","26":"instock","27":"taxable","28":"shipping-taxable","29":"purchasable","30":"product-type-simple"},"acf":[],"df_price":7.85,"df_sale_price":"","df_regular_price":7.85,"df_image_link":"https:\/\/glotomania.com\/wp-content\/uploads\/2025\/11\/img_22157_81dc46d506f68a5c129eb3bbadab8172_1-36-300x300.jpg","brands":[],"_links":{"self":[{"href":"https:\/\/glotomania.com\/pt-pt\/wp-json\/wp\/v2\/product\/389431","targetHints":{"allow":["GET"]}}],"collection":[{"href":"https:\/\/glotomania.com\/pt-pt\/wp-json\/wp\/v2\/product"}],"about":[{"href":"https:\/\/glotomania.com\/pt-pt\/wp-json\/wp\/v2\/types\/product"}],"replies":[{"embeddable":true,"href":"https:\/\/glotomania.com\/pt-pt\/wp-json\/wp\/v2\/comments?post=389431"}],"wp:featuredmedia":[{"embeddable":true,"href":"https:\/\/glotomania.com\/pt-pt\/wp-json\/wp\/v2\/media\/350683"}],"wp:attachment":[{"href":"https:\/\/glotomania.com\/pt-pt\/wp-json\/wp\/v2\/media?parent=389431"}],"wp:term":[{"taxonomy":"pwb-brand","embeddable":true,"href":"https:\/\/glotomania.com\/pt-pt\/wp-json\/wp\/v2\/pwb-brand?post=389431"},{"taxonomy":"product_brand","embeddable":true,"href":"https:\/\/glotomania.com\/pt-pt\/wp-json\/wp\/v2\/product_brand?post=389431"},{"taxonomy":"product_cat","embeddable":true,"href":"https:\/\/glotomania.com\/pt-pt\/wp-json\/wp\/v2\/product_cat?post=389431"},{"taxonomy":"product_tag","embeddable":true,"href":"https:\/\/glotomania.com\/pt-pt\/wp-json\/wp\/v2\/product_tag?post=389431"}],"curies":[{"name":"wp","href":"https:\/\/api.w.org\/{rel}","templated":true}]}}