{"id":389434,"date":"2025-09-02T10:46:04","date_gmt":"2025-09-02T10:46:04","guid":{"rendered":"https:\/\/glotomania.com\/p\/brillo-comestible-sugarflair-silky-peach-melocoton-4-g-2\/"},"modified":"2026-03-18T10:04:46","modified_gmt":"2026-03-18T10:04:46","slug":"brillo-comestible-sugarflair-silky-peach-melocoton-4-g-2","status":"publish","type":"product","link":"https:\/\/glotomania.com\/pt-pt\/p\/brillo-comestible-sugarflair-silky-peach-melocoton-4-g-2\/","title":{"rendered":"Glitter Comest\u00cdvel Sugarflair &#8211; Gold Rush \/ P\u00casssego (4 G)"},"content":{"rendered":"<p>&nbsp;<\/p>\n<p><span style=\"font-size:14px\">Os brilhantes comest&iacute;veis d&atilde;o resultados soberbos, quer sejam aplicados a seco com um pincel ou misturados com um pouco de &aacute;lcool alimentar para criar a sua pr&oacute;pria tinta dourada.<\/span><\/p>\n<p>&nbsp;<\/p>\n","protected":false},"excerpt":{"rendered":"<p>Glitter P\u00eassego Sedoso Sugarflair, o complemento perfeito para conseguir belos brilhos nas nossas cria\u00e7\u00f5es.<\/p>\n","protected":false},"featured_media":348420,"comment_status":"open","ping_status":"closed","template":"","meta":{"_acf_changed":false},"pwb-brand":[],"product_brand":[],"product_cat":[2955,1900,1835,1894,2953,2961,1832,2907,2917,1902,1845,2999,2921,2996,1849,1863,1858,3001],"product_tag":[],"class_list":{"0":"post-389434","1":"product","2":"type-product","3":"status-publish","4":"has-post-thumbnail","6":"product_cat-brilhos-comestiveis-2","7":"product_cat-brillos-comestibles","8":"product_cat-colorantes","9":"product_cat-colorantes-polvo","10":"product_cat-corantes-e-pinturas","11":"product_cat-corantes-em-po-2","12":"product_cat-diestas-especiales","13":"product_cat-festas","14":"product_cat-halloween","15":"product_cat-dieta-kosher","16":"product_cat-dieta-sin-e-171","17":"product_cat-kosher-2","18":"product_cat-pascoa","19":"product_cat-produtos-vegetarianos","20":"product_cat-fiestas","22":"product_cat-pascua","23":"product_cat-sem-e-171-2","25":"first","26":"instock","27":"taxable","28":"shipping-taxable","29":"purchasable","30":"product-type-simple"},"acf":[],"df_price":3.91,"df_sale_price":"","df_regular_price":3.91,"df_image_link":"https:\/\/glotomania.com\/wp-content\/uploads\/2025\/11\/img_22161_c982c66f4fdbe4d0099a280ea00f8157_1-34-300x300.jpg","brands":[],"_links":{"self":[{"href":"https:\/\/glotomania.com\/pt-pt\/wp-json\/wp\/v2\/product\/389434","targetHints":{"allow":["GET"]}}],"collection":[{"href":"https:\/\/glotomania.com\/pt-pt\/wp-json\/wp\/v2\/product"}],"about":[{"href":"https:\/\/glotomania.com\/pt-pt\/wp-json\/wp\/v2\/types\/product"}],"replies":[{"embeddable":true,"href":"https:\/\/glotomania.com\/pt-pt\/wp-json\/wp\/v2\/comments?post=389434"}],"wp:featuredmedia":[{"embeddable":true,"href":"https:\/\/glotomania.com\/pt-pt\/wp-json\/wp\/v2\/media\/348420"}],"wp:attachment":[{"href":"https:\/\/glotomania.com\/pt-pt\/wp-json\/wp\/v2\/media?parent=389434"}],"wp:term":[{"taxonomy":"pwb-brand","embeddable":true,"href":"https:\/\/glotomania.com\/pt-pt\/wp-json\/wp\/v2\/pwb-brand?post=389434"},{"taxonomy":"product_brand","embeddable":true,"href":"https:\/\/glotomania.com\/pt-pt\/wp-json\/wp\/v2\/product_brand?post=389434"},{"taxonomy":"product_cat","embeddable":true,"href":"https:\/\/glotomania.com\/pt-pt\/wp-json\/wp\/v2\/product_cat?post=389434"},{"taxonomy":"product_tag","embeddable":true,"href":"https:\/\/glotomania.com\/pt-pt\/wp-json\/wp\/v2\/product_tag?post=389434"}],"curies":[{"name":"wp","href":"https:\/\/api.w.org\/{rel}","templated":true}]}}