{"id":389443,"date":"2025-09-02T10:46:08","date_gmt":"2025-09-02T10:46:08","guid":{"rendered":"https:\/\/glotomania.com\/p\/set-41-cortadores-wilton-letras-y-numeros-2\/"},"modified":"2026-03-10T20:15:29","modified_gmt":"2026-03-10T20:15:29","slug":"set-41-cortadores-wilton-letras-y-numeros-2","status":"publish","type":"product","link":"https:\/\/glotomania.com\/pt-pt\/p\/set-41-cortadores-wilton-letras-y-numeros-2\/","title":{"rendered":"Conjunto 41 Cortadores Wilton &#8211; Letras Y Numeros"},"content":{"rendered":"<p>&nbsp;<\/p>\n<p><span style=\"font-size:14px\">Fabricados em pl&aacute;stico resistente, de alta qualidade e seguro para alimentos.<\/span><\/p>\n<p><span style=\"font-size:14px\">Antes da primeira utiliza&ccedil;&atilde;o e ap&oacute;s cada utiliza&ccedil;&atilde;o, lavar com &aacute;gua morna e sab&atilde;o, enxaguar bem e secar ao ar.<\/span><\/p>\n<p><span style=\"font-size:14px\">Inclui:<\/span><\/p>\n<ul>\n<li><span style=\"font-size:14px\"><strong>Letras <\/strong>&#8211; A, B, C, D, E, F, G, H, I, J, K, L, M, N, P, Q, R, S, T, U, V, W, X, Y, Z.<\/span><\/li>\n<li><span style=\"font-size:14px\"><strong>N&uacute;meros <\/strong>&#8211; 0, 1, 2, 3, 3, 4, 5, 5, 6, 7, 8, 9 (6 e 9 s&atilde;o o mesmo cortador).<\/span><\/li>\n<li><span style=\"font-size:14px\"><strong>S&iacute;mbolos <\/strong>&#8211; ?, !, #, &amp;, ;.<\/span><\/li>\n<\/ul>\n<p><span style=\"font-size:14px\"><strong>Dimens&otilde;es aproximadas:<\/strong> 2,5 cm.<\/span><\/p>\n","protected":false},"excerpt":{"rendered":"<p>Fant\u00e1stico conjunto de 40 cortadores + 1 utens\u00edlio da Wilton, inclui: as letras do alfabeto, n\u00fameros de 0 a 9 e s\u00edmbolos.<\/p>\n","protected":false},"featured_media":348423,"comment_status":"open","ping_status":"closed","template":"","meta":{"_acf_changed":false},"pwb-brand":[],"product_brand":[],"product_cat":[3199,3215,3214,3087,1788,1801,1809,1767],"product_tag":[],"class_list":{"0":"post-389443","1":"product","2":"type-product","3":"status-publish","4":"has-post-thumbnail","6":"product_cat-cortadores-de-metal","7":"product_cat-marcadores","8":"product_cat-moldes-de-pastelaria","9":"product_cat-ordem-e-armazenamento","10":"product_cat-cortadores-de-cobre","11":"product_cat-moldes","12":"product_cat-moldes-marcadores","13":"product_cat-utensilios","15":"first","16":"instock","17":"taxable","18":"shipping-taxable","19":"purchasable","20":"product-type-simple"},"acf":[],"df_price":13.75,"df_sale_price":"","df_regular_price":13.75,"df_image_link":"https:\/\/glotomania.com\/wp-content\/uploads\/2025\/11\/img_22179_971ca3f4d9285a58896e1e65f8700e0b_1-32-300x300.jpg","brands":[],"_links":{"self":[{"href":"https:\/\/glotomania.com\/pt-pt\/wp-json\/wp\/v2\/product\/389443","targetHints":{"allow":["GET"]}}],"collection":[{"href":"https:\/\/glotomania.com\/pt-pt\/wp-json\/wp\/v2\/product"}],"about":[{"href":"https:\/\/glotomania.com\/pt-pt\/wp-json\/wp\/v2\/types\/product"}],"replies":[{"embeddable":true,"href":"https:\/\/glotomania.com\/pt-pt\/wp-json\/wp\/v2\/comments?post=389443"}],"wp:featuredmedia":[{"embeddable":true,"href":"https:\/\/glotomania.com\/pt-pt\/wp-json\/wp\/v2\/media\/348423"}],"wp:attachment":[{"href":"https:\/\/glotomania.com\/pt-pt\/wp-json\/wp\/v2\/media?parent=389443"}],"wp:term":[{"taxonomy":"pwb-brand","embeddable":true,"href":"https:\/\/glotomania.com\/pt-pt\/wp-json\/wp\/v2\/pwb-brand?post=389443"},{"taxonomy":"product_brand","embeddable":true,"href":"https:\/\/glotomania.com\/pt-pt\/wp-json\/wp\/v2\/product_brand?post=389443"},{"taxonomy":"product_cat","embeddable":true,"href":"https:\/\/glotomania.com\/pt-pt\/wp-json\/wp\/v2\/product_cat?post=389443"},{"taxonomy":"product_tag","embeddable":true,"href":"https:\/\/glotomania.com\/pt-pt\/wp-json\/wp\/v2\/product_tag?post=389443"}],"curies":[{"name":"wp","href":"https:\/\/api.w.org\/{rel}","templated":true}]}}