{"id":389453,"date":"2025-09-02T10:46:13","date_gmt":"2025-09-02T10:46:13","guid":{"rendered":"https:\/\/glotomania.com\/p\/bandeja-y-rejilla-para-horno-wilton-2\/"},"modified":"2026-03-24T11:42:27","modified_gmt":"2026-03-24T11:42:27","slug":"bandeja-y-rejilla-para-horno-wilton-2","status":"publish","type":"product","link":"https:\/\/glotomania.com\/pt-pt\/p\/bandeja-y-rejilla-para-horno-wilton-2\/","title":{"rendered":"Tabuleiro E Grelha &#8211; Wilton"},"content":{"rendered":"<p>&nbsp;<\/p>\n<p><span style=\"font-size:14px\">Fabricado em metal de qualidade alimentar, com revestimento antiaderente e resistente a altas temperaturas do forno.<\/span><\/p>\n<p><span style=\"font-size:14px\"><strong>Dimens&otilde;es aproximadas:<\/strong> Tabuleiro 38,7 x 26 x 1,9 cm &#8211; Grelha 35,5 x 25,4 cm.<\/span><\/p>\n<p><em><span style=\"font-size:14px\">O conjunto inclui 1 tabuleiro e 1 grelha.<\/span><\/em><\/p>\n","protected":false},"excerpt":{"rendered":"<p>Fant\u00e1stico conjunto Wilton (tabuleiro + grelha antiaderente) para cozer e decorar as nossas sobremesas de chocolate. Tamb\u00e9m \u00e9 ideal para coberturas.<\/p>\n","protected":false},"featured_media":348430,"comment_status":"open","ping_status":"closed","template":"","meta":{"_acf_changed":false},"pwb-brand":[],"product_brand":[],"product_cat":[3106,3087,3112,1892,1820,1767],"product_tag":[],"class_list":{"0":"post-389453","1":"product","2":"type-product","3":"status-publish","4":"has-post-thumbnail","6":"product_cat-basicos-de-pastelaria","7":"product_cat-ordem-e-armazenamento","8":"product_cat-tabuleiros-e-acessorios-2","9":"product_cat-bandejas-horno","10":"product_cat-basicos","11":"product_cat-utensilios","13":"first","14":"instock","15":"taxable","16":"shipping-taxable","17":"purchasable","18":"product-type-simple"},"acf":[],"df_price":14.06,"df_sale_price":"","df_regular_price":14.06,"df_image_link":"https:\/\/glotomania.com\/wp-content\/uploads\/2025\/11\/img_22200_9adf4655cb0d1189358af240bd90dd1b_1-35-300x300.jpg","brands":[],"_links":{"self":[{"href":"https:\/\/glotomania.com\/pt-pt\/wp-json\/wp\/v2\/product\/389453","targetHints":{"allow":["GET"]}}],"collection":[{"href":"https:\/\/glotomania.com\/pt-pt\/wp-json\/wp\/v2\/product"}],"about":[{"href":"https:\/\/glotomania.com\/pt-pt\/wp-json\/wp\/v2\/types\/product"}],"replies":[{"embeddable":true,"href":"https:\/\/glotomania.com\/pt-pt\/wp-json\/wp\/v2\/comments?post=389453"}],"wp:featuredmedia":[{"embeddable":true,"href":"https:\/\/glotomania.com\/pt-pt\/wp-json\/wp\/v2\/media\/348430"}],"wp:attachment":[{"href":"https:\/\/glotomania.com\/pt-pt\/wp-json\/wp\/v2\/media?parent=389453"}],"wp:term":[{"taxonomy":"pwb-brand","embeddable":true,"href":"https:\/\/glotomania.com\/pt-pt\/wp-json\/wp\/v2\/pwb-brand?post=389453"},{"taxonomy":"product_brand","embeddable":true,"href":"https:\/\/glotomania.com\/pt-pt\/wp-json\/wp\/v2\/product_brand?post=389453"},{"taxonomy":"product_cat","embeddable":true,"href":"https:\/\/glotomania.com\/pt-pt\/wp-json\/wp\/v2\/product_cat?post=389453"},{"taxonomy":"product_tag","embeddable":true,"href":"https:\/\/glotomania.com\/pt-pt\/wp-json\/wp\/v2\/product_tag?post=389453"}],"curies":[{"name":"wp","href":"https:\/\/api.w.org\/{rel}","templated":true}]}}