{"id":389454,"date":"2025-09-02T10:46:14","date_gmt":"2025-09-02T10:46:14","guid":{"rendered":"https:\/\/glotomania.com\/p\/caja-para-galletas-con-corazones-color-champagne-2\/"},"modified":"2026-03-10T20:15:58","modified_gmt":"2026-03-10T20:15:58","slug":"caja-para-galletas-con-corazones-color-champagne-2","status":"publish","type":"product","link":"https:\/\/glotomania.com\/pt-pt\/p\/caja-para-galletas-con-corazones-color-champagne-2\/","title":{"rendered":"Caixa Para Biscoitos Com Cora\u00c7\u00d5es &#8211; Cor Champanhe"},"content":{"rendered":"<p>&nbsp;<\/p>\n<p><span style=\"font-size:14px\">Fabricado em cart&atilde;o resistente de alta qualidade e janela de pl&aacute;stico, adequado para uso alimentar.<\/span><\/p>\n<p><span style=\"font-size:14px\"><strong>Medidas: <\/strong>14 x 13 x 5 cm.&nbsp;<\/span><\/p>\n","protected":false},"excerpt":{"rendered":"<p>Ideal para apresentar de uma forma rom\u00e2ntica e original as nossas pequenas cria\u00e7\u00f5es, como bolachas, chocolates, bolos,&#8230; e muito mais!<\/p>\n","protected":false},"featured_media":348432,"comment_status":"open","ping_status":"closed","template":"","meta":{"_acf_changed":false},"pwb-brand":[],"product_brand":[],"product_cat":[3158,3168,2907,3087,2924,1852,1785,1782,1849,1767],"product_tag":[],"class_list":{"0":"post-389454","1":"product","2":"type-product","3":"status-publish","4":"has-post-thumbnail","6":"product_cat-caixas-de-pastelaria","7":"product_cat-caixas-para-bolachas-2","8":"product_cat-festas","9":"product_cat-ordem-e-armazenamento","10":"product_cat-sao-valentim-2","11":"product_cat-san-valentin","12":"product_cat-cajas-galletas","13":"product_cat-cajas","14":"product_cat-fiestas","15":"product_cat-utensilios","17":"first","18":"instock","19":"taxable","20":"shipping-taxable","21":"purchasable","22":"product-type-simple"},"acf":[],"df_price":0.7,"df_sale_price":"","df_regular_price":0.7,"df_image_link":"https:\/\/glotomania.com\/wp-content\/uploads\/2025\/11\/img_22201_8495bb04a236fbdbd5bfd81af57665e0_1-33-300x300.jpg","brands":[],"_links":{"self":[{"href":"https:\/\/glotomania.com\/pt-pt\/wp-json\/wp\/v2\/product\/389454","targetHints":{"allow":["GET"]}}],"collection":[{"href":"https:\/\/glotomania.com\/pt-pt\/wp-json\/wp\/v2\/product"}],"about":[{"href":"https:\/\/glotomania.com\/pt-pt\/wp-json\/wp\/v2\/types\/product"}],"replies":[{"embeddable":true,"href":"https:\/\/glotomania.com\/pt-pt\/wp-json\/wp\/v2\/comments?post=389454"}],"wp:featuredmedia":[{"embeddable":true,"href":"https:\/\/glotomania.com\/pt-pt\/wp-json\/wp\/v2\/media\/348432"}],"wp:attachment":[{"href":"https:\/\/glotomania.com\/pt-pt\/wp-json\/wp\/v2\/media?parent=389454"}],"wp:term":[{"taxonomy":"pwb-brand","embeddable":true,"href":"https:\/\/glotomania.com\/pt-pt\/wp-json\/wp\/v2\/pwb-brand?post=389454"},{"taxonomy":"product_brand","embeddable":true,"href":"https:\/\/glotomania.com\/pt-pt\/wp-json\/wp\/v2\/product_brand?post=389454"},{"taxonomy":"product_cat","embeddable":true,"href":"https:\/\/glotomania.com\/pt-pt\/wp-json\/wp\/v2\/product_cat?post=389454"},{"taxonomy":"product_tag","embeddable":true,"href":"https:\/\/glotomania.com\/pt-pt\/wp-json\/wp\/v2\/product_tag?post=389454"}],"curies":[{"name":"wp","href":"https:\/\/api.w.org\/{rel}","templated":true}]}}