{"id":389455,"date":"2025-09-02T10:46:14","date_gmt":"2025-09-02T10:46:14","guid":{"rendered":"https:\/\/glotomania.com\/p\/caja-para-tarta-con-corazones-color-champagne-2\/"},"modified":"2026-04-12T19:10:51","modified_gmt":"2026-04-12T19:10:51","slug":"caja-para-tarta-con-corazones-color-champagne-2","status":"publish","type":"product","link":"https:\/\/glotomania.com\/pt-pt\/p\/caja-para-tarta-con-corazones-color-champagne-2\/","title":{"rendered":"Caixa Para Bolos Com Cora\u00c7\u00d5es &#8211; Cor Champanhe"},"content":{"rendered":"<p>&nbsp;<\/p>\n<p><span style=\"font-size:14px\">Fabricada em cart&atilde;o resistente de alta qualidade e janela de pl&aacute;stico, adequada para uso alimentar.<\/span><\/p>\n<p><span style=\"font-size:14px\"><strong>Medidas:<\/strong> 20 x 20 x 7,5 cm.<\/span><\/p>\n","protected":false},"excerpt":{"rendered":"<p>Ideal para apresentar de uma forma rom\u00e2ntica e original as nossas pequenas cria\u00e7\u00f5es.<\/p>\n","protected":false},"featured_media":348434,"comment_status":"open","ping_status":"closed","template":"","meta":{"_acf_changed":false},"pwb-brand":[],"product_brand":[],"product_cat":[3158,3168,3178,2907,3087,2924,1852,1785,1782,1783,1849,1767],"product_tag":[],"class_list":{"0":"post-389455","1":"product","2":"type-product","3":"status-publish","4":"has-post-thumbnail","6":"product_cat-caixas-de-pastelaria","7":"product_cat-caixas-para-bolachas-2","8":"product_cat-caixas-para-bolos-2","9":"product_cat-festas","10":"product_cat-ordem-e-armazenamento","11":"product_cat-sao-valentim-2","12":"product_cat-san-valentin","13":"product_cat-cajas-galletas","14":"product_cat-cajas","15":"product_cat-cajas-tartas","16":"product_cat-fiestas","17":"product_cat-utensilios","19":"first","20":"instock","21":"taxable","22":"shipping-taxable","23":"purchasable","24":"product-type-simple"},"acf":[],"df_price":1.05,"df_sale_price":"","df_regular_price":1.05,"df_image_link":"https:\/\/glotomania.com\/wp-content\/uploads\/2025\/11\/img_22203_e02bcd2116eddd5638d5b19b36146e1b_1-31-300x300.jpg","brands":[],"_links":{"self":[{"href":"https:\/\/glotomania.com\/pt-pt\/wp-json\/wp\/v2\/product\/389455","targetHints":{"allow":["GET"]}}],"collection":[{"href":"https:\/\/glotomania.com\/pt-pt\/wp-json\/wp\/v2\/product"}],"about":[{"href":"https:\/\/glotomania.com\/pt-pt\/wp-json\/wp\/v2\/types\/product"}],"replies":[{"embeddable":true,"href":"https:\/\/glotomania.com\/pt-pt\/wp-json\/wp\/v2\/comments?post=389455"}],"wp:featuredmedia":[{"embeddable":true,"href":"https:\/\/glotomania.com\/pt-pt\/wp-json\/wp\/v2\/media\/348434"}],"wp:attachment":[{"href":"https:\/\/glotomania.com\/pt-pt\/wp-json\/wp\/v2\/media?parent=389455"}],"wp:term":[{"taxonomy":"pwb-brand","embeddable":true,"href":"https:\/\/glotomania.com\/pt-pt\/wp-json\/wp\/v2\/pwb-brand?post=389455"},{"taxonomy":"product_brand","embeddable":true,"href":"https:\/\/glotomania.com\/pt-pt\/wp-json\/wp\/v2\/product_brand?post=389455"},{"taxonomy":"product_cat","embeddable":true,"href":"https:\/\/glotomania.com\/pt-pt\/wp-json\/wp\/v2\/product_cat?post=389455"},{"taxonomy":"product_tag","embeddable":true,"href":"https:\/\/glotomania.com\/pt-pt\/wp-json\/wp\/v2\/product_tag?post=389455"}],"curies":[{"name":"wp","href":"https:\/\/api.w.org\/{rel}","templated":true}]}}