{"id":389456,"date":"2025-09-02T10:46:15","date_gmt":"2025-09-02T10:46:15","guid":{"rendered":"https:\/\/glotomania.com\/p\/base-redonda-dorada-6-cm-o-1-mm-grosor-100-u-2\/"},"modified":"2026-03-10T20:16:02","modified_gmt":"2026-03-10T20:16:02","slug":"base-redonda-dorada-6-cm-o-1-mm-grosor-100-u-2","status":"publish","type":"product","link":"https:\/\/glotomania.com\/pt-pt\/p\/base-redonda-dorada-6-cm-o-1-mm-grosor-100-u-2\/","title":{"rendered":"Base Redonda Dourada &#8211; 6 Cm \u00d8 \/ 1 Mm Espessura (100 Unid.)"},"content":{"rendered":"<div>&nbsp;<\/div>\n<div><span style=\"font-size:14px\">Fabricado em cart&atilde;o resistente, adequado para uso alimentar.&nbsp;<\/span><br \/>\n&nbsp;<\/div>\n<div><span style=\"font-size:14px\"><strong>Tamanhos: <\/strong>&Oslash; 6 cm &#8211; 1&nbsp;mm de espessura.<\/span><\/div>\n<div>\n<span style=\"font-size:14px\"><em>Vendido em embalagens de 100 unidades, sem pl&aacute;stico de prote&ccedil;&atilde;o por unidade.<\/em><\/span><\/div>\n","protected":false},"excerpt":{"rendered":"<p>Base redonda monopor\u00e7\u00e3o com rebordo ondulado, perfeita para as nossas elabora\u00e7\u00f5es devido \u00e0 sua grande rigidez.<\/p>\n","protected":false},"featured_media":38384,"comment_status":"open","ping_status":"closed","template":"","meta":{"_acf_changed":false},"pwb-brand":[],"product_brand":[],"product_cat":[3093,3105,3087,1768,1962,1767],"product_tag":[],"class_list":{"0":"post-389456","1":"product","2":"type-product","3":"status-publish","4":"has-post-thumbnail","6":"product_cat-bases-para-bolos-2","7":"product_cat-bases-redondas-5-mm","8":"product_cat-ordem-e-armazenamento","9":"product_cat-bases","10":"product_cat-bases-redondas","11":"product_cat-utensilios","13":"first","14":"instock","15":"taxable","16":"shipping-taxable","17":"purchasable","18":"product-type-simple"},"acf":[],"df_price":4.1,"df_sale_price":"","df_regular_price":4.1,"df_image_link":"https:\/\/glotomania.com\/wp-content\/uploads\/2024\/05\/img_22206_99b2a6a7097db180ad99ddeda610f5cd_1-300x300.png","brands":[],"_links":{"self":[{"href":"https:\/\/glotomania.com\/pt-pt\/wp-json\/wp\/v2\/product\/389456","targetHints":{"allow":["GET"]}}],"collection":[{"href":"https:\/\/glotomania.com\/pt-pt\/wp-json\/wp\/v2\/product"}],"about":[{"href":"https:\/\/glotomania.com\/pt-pt\/wp-json\/wp\/v2\/types\/product"}],"replies":[{"embeddable":true,"href":"https:\/\/glotomania.com\/pt-pt\/wp-json\/wp\/v2\/comments?post=389456"}],"wp:featuredmedia":[{"embeddable":true,"href":"https:\/\/glotomania.com\/pt-pt\/wp-json\/wp\/v2\/media\/38384"}],"wp:attachment":[{"href":"https:\/\/glotomania.com\/pt-pt\/wp-json\/wp\/v2\/media?parent=389456"}],"wp:term":[{"taxonomy":"pwb-brand","embeddable":true,"href":"https:\/\/glotomania.com\/pt-pt\/wp-json\/wp\/v2\/pwb-brand?post=389456"},{"taxonomy":"product_brand","embeddable":true,"href":"https:\/\/glotomania.com\/pt-pt\/wp-json\/wp\/v2\/product_brand?post=389456"},{"taxonomy":"product_cat","embeddable":true,"href":"https:\/\/glotomania.com\/pt-pt\/wp-json\/wp\/v2\/product_cat?post=389456"},{"taxonomy":"product_tag","embeddable":true,"href":"https:\/\/glotomania.com\/pt-pt\/wp-json\/wp\/v2\/product_tag?post=389456"}],"curies":[{"name":"wp","href":"https:\/\/api.w.org\/{rel}","templated":true}]}}