{"id":389458,"date":"2025-09-02T10:46:20","date_gmt":"2025-09-02T10:46:20","guid":{"rendered":"https:\/\/glotomania.com\/p\/caja-para-galletas-rectangular-reversible-blanca-y-corazones-2\/"},"modified":"2026-03-10T20:16:16","modified_gmt":"2026-03-10T20:16:16","slug":"caja-para-galletas-rectangular-reversible-blanca-y-corazones-2","status":"publish","type":"product","link":"https:\/\/glotomania.com\/pt-pt\/p\/caja-para-galletas-rectangular-reversible-blanca-y-corazones-2\/","title":{"rendered":"Caixa Para Biscoitos Rectangular Revers\u00cdvel &#8211; Branco E Cora\u00c7\u00d5es"},"content":{"rendered":"<p>&nbsp;<\/p>\n<p><span style=\"font-size: 14px\">Fabricado em cart&atilde;o resistente de alta qualidade e janela de pl&aacute;stico, adequado para uso alimentar.<\/span><\/p>\n<p><span style=\"font-size: 14px\"><strong>Medidas:&nbsp;<\/strong><\/span><span style=\"font-size: 14px\">18&nbsp;x 9&nbsp;x&nbsp;5 cm.<\/span><\/p>\n","protected":false},"excerpt":{"rendered":"<p>Ideal para apresentar de uma forma rom\u00e2ntica e original as nossas pequenas cria\u00e7\u00f5es, como bolachas, chocolates, bolos,&#8230; e muito mais!<\/p>\n","protected":false},"featured_media":155743,"comment_status":"open","ping_status":"closed","template":"","meta":{"_acf_changed":false},"pwb-brand":[],"product_brand":[],"product_cat":[1852,3158,3168,3162,1921,1785,1782,2907,3087,1849,2924,1767],"product_tag":[],"class_list":{"0":"post-389458","1":"product","2":"type-product","3":"status-publish","4":"has-post-thumbnail","6":"product_cat-san-valentin","7":"product_cat-caixas-de-pastelaria","8":"product_cat-caixas-para-bolachas-2","9":"product_cat-caixas-para-chocolates-2","10":"product_cat-cajas-bombones","11":"product_cat-cajas-galletas","12":"product_cat-cajas","13":"product_cat-festas","14":"product_cat-ordem-e-armazenamento","15":"product_cat-fiestas","16":"product_cat-sao-valentim-2","17":"product_cat-utensilios","19":"first","20":"instock","21":"taxable","22":"shipping-taxable","23":"purchasable","24":"product-type-simple"},"acf":[],"df_price":0.45,"df_sale_price":"","df_regular_price":0.45,"df_image_link":"https:\/\/glotomania.com\/wp-content\/uploads\/2025\/09\/img_22215_51346795be8ec8cc35c981a3d3b98bf0_1-300x300.png","brands":[],"_links":{"self":[{"href":"https:\/\/glotomania.com\/pt-pt\/wp-json\/wp\/v2\/product\/389458","targetHints":{"allow":["GET"]}}],"collection":[{"href":"https:\/\/glotomania.com\/pt-pt\/wp-json\/wp\/v2\/product"}],"about":[{"href":"https:\/\/glotomania.com\/pt-pt\/wp-json\/wp\/v2\/types\/product"}],"replies":[{"embeddable":true,"href":"https:\/\/glotomania.com\/pt-pt\/wp-json\/wp\/v2\/comments?post=389458"}],"wp:featuredmedia":[{"embeddable":true,"href":"https:\/\/glotomania.com\/pt-pt\/wp-json\/wp\/v2\/media\/155743"}],"wp:attachment":[{"href":"https:\/\/glotomania.com\/pt-pt\/wp-json\/wp\/v2\/media?parent=389458"}],"wp:term":[{"taxonomy":"pwb-brand","embeddable":true,"href":"https:\/\/glotomania.com\/pt-pt\/wp-json\/wp\/v2\/pwb-brand?post=389458"},{"taxonomy":"product_brand","embeddable":true,"href":"https:\/\/glotomania.com\/pt-pt\/wp-json\/wp\/v2\/product_brand?post=389458"},{"taxonomy":"product_cat","embeddable":true,"href":"https:\/\/glotomania.com\/pt-pt\/wp-json\/wp\/v2\/product_cat?post=389458"},{"taxonomy":"product_tag","embeddable":true,"href":"https:\/\/glotomania.com\/pt-pt\/wp-json\/wp\/v2\/product_tag?post=389458"}],"curies":[{"name":"wp","href":"https:\/\/api.w.org\/{rel}","templated":true}]}}