{"id":389459,"date":"2025-09-02T10:46:20","date_gmt":"2025-09-02T10:46:20","guid":{"rendered":"https:\/\/glotomania.com\/p\/caja-bandeja-kraft-para-porcion-de-tarta-2\/"},"modified":"2026-03-24T03:03:02","modified_gmt":"2026-03-24T03:03:02","slug":"caja-bandeja-kraft-para-porcion-de-tarta-2","status":"publish","type":"product","link":"https:\/\/glotomania.com\/pt-pt\/p\/caja-bandeja-kraft-para-porcion-de-tarta-2\/","title":{"rendered":"Caixa + Tabuleiro Kraft Para Fatia De Bolo"},"content":{"rendered":"<p>&nbsp;<\/p>\n<p><span style=\"font-size:14px\">Fabricada em cart&atilde;o + janela em acetato, qualidade alimentar.<\/span><\/p>\n<p><span style=\"font-size:14px\"><strong>Dimens&otilde;es aproximadas: <\/strong>15,5 x 10 x 9 cm.<\/span><\/p>\n<p><em><span style=\"font-size:14px\">Inclui 1 caixa de cart&atilde;o com janela + 1 tabuleiro revers&iacute;vel para por&ccedil;&otilde;es de bolos (cor branca ou kraft).<\/span><\/em><\/p>\n","protected":false},"excerpt":{"rendered":"<p>Caixa com janela + base kraft com interior branco, ideal para por\u00e7\u00f5es de bolo. Ideal tamb\u00e9m para salgados, como fatias de pizza ou de quiche.<\/p>\n","protected":false},"featured_media":350697,"comment_status":"open","ping_status":"closed","template":"","meta":{"_acf_changed":false},"pwb-brand":[],"product_brand":[],"product_cat":[3158,3178,3087,1782,1783,1767],"product_tag":[],"class_list":{"0":"post-389459","1":"product","2":"type-product","3":"status-publish","4":"has-post-thumbnail","6":"product_cat-caixas-de-pastelaria","7":"product_cat-caixas-para-bolos-2","8":"product_cat-ordem-e-armazenamento","9":"product_cat-cajas","10":"product_cat-cajas-tartas","11":"product_cat-utensilios","13":"first","14":"instock","15":"taxable","16":"shipping-taxable","17":"purchasable","18":"product-type-simple"},"acf":[],"df_price":0.45,"df_sale_price":"","df_regular_price":0.45,"df_image_link":"https:\/\/glotomania.com\/wp-content\/uploads\/2025\/11\/img_22218_abf33a2aecc89e77a470fed5bb11461f_1-44-300x300.jpg","brands":[],"_links":{"self":[{"href":"https:\/\/glotomania.com\/pt-pt\/wp-json\/wp\/v2\/product\/389459","targetHints":{"allow":["GET"]}}],"collection":[{"href":"https:\/\/glotomania.com\/pt-pt\/wp-json\/wp\/v2\/product"}],"about":[{"href":"https:\/\/glotomania.com\/pt-pt\/wp-json\/wp\/v2\/types\/product"}],"replies":[{"embeddable":true,"href":"https:\/\/glotomania.com\/pt-pt\/wp-json\/wp\/v2\/comments?post=389459"}],"wp:featuredmedia":[{"embeddable":true,"href":"https:\/\/glotomania.com\/pt-pt\/wp-json\/wp\/v2\/media\/350697"}],"wp:attachment":[{"href":"https:\/\/glotomania.com\/pt-pt\/wp-json\/wp\/v2\/media?parent=389459"}],"wp:term":[{"taxonomy":"pwb-brand","embeddable":true,"href":"https:\/\/glotomania.com\/pt-pt\/wp-json\/wp\/v2\/pwb-brand?post=389459"},{"taxonomy":"product_brand","embeddable":true,"href":"https:\/\/glotomania.com\/pt-pt\/wp-json\/wp\/v2\/product_brand?post=389459"},{"taxonomy":"product_cat","embeddable":true,"href":"https:\/\/glotomania.com\/pt-pt\/wp-json\/wp\/v2\/product_cat?post=389459"},{"taxonomy":"product_tag","embeddable":true,"href":"https:\/\/glotomania.com\/pt-pt\/wp-json\/wp\/v2\/product_tag?post=389459"}],"curies":[{"name":"wp","href":"https:\/\/api.w.org\/{rel}","templated":true}]}}