{"id":389460,"date":"2025-09-02T10:46:21","date_gmt":"2025-09-02T10:46:21","guid":{"rendered":"https:\/\/glotomania.com\/p\/caja-para-donuts-blanca-y-azul-125-x-10-cm-2\/"},"modified":"2026-03-10T20:16:19","modified_gmt":"2026-03-10T20:16:19","slug":"caja-para-donuts-blanca-y-azul-125-x-10-cm-2","status":"publish","type":"product","link":"https:\/\/glotomania.com\/pt-pt\/p\/caja-para-donuts-blanca-y-azul-125-x-10-cm-2\/","title":{"rendered":"Caixa De Donuts Branca E Azul &#8211; 12,5 X 10 Cm"},"content":{"rendered":"<p>&nbsp;<\/p>\n<p><span style=\"font-size:14px\">A parte superior da caixa tem uma <strong>janela <\/strong>de pl&aacute;stico transparente para visualizar o produto.&nbsp;<\/span><\/p>\n<p><span style=\"font-size:14px\">Tem um <strong>revestimento interior <\/strong>de pl&aacute;stico &agrave; <strong>prova de gordura<\/strong> (adequado para g&eacute;neros aliment&iacute;cios).<\/span><\/p>\n<p><span style=\"font-size:14px\">F&aacute;cil de desdobrar e f&aacute;cil de <strong>fechar<\/strong>. Fabricada em cart&atilde;o resistente e com janela de pl&aacute;stico, adequada para uso alimentar.<\/span><\/p>\n<p><span style=\"font-size:14px\"><strong>Tamanho<\/strong>: 12,5 x 10 x 10 cm.<\/span><\/p>\n","protected":false},"excerpt":{"rendered":"<p>Pr\u00e1tica caixa de cart\u00e3o para chocolates, pastelaria, bolos, salgados,&#8230; para transportar ou como inv\u00f3lucro.<\/p>\n","protected":false},"featured_media":348437,"comment_status":"open","ping_status":"closed","template":"","meta":{"_acf_changed":false},"pwb-brand":[],"product_brand":[],"product_cat":[3158,3168,3087,1785,1782,1767],"product_tag":[],"class_list":{"0":"post-389460","1":"product","2":"type-product","3":"status-publish","4":"has-post-thumbnail","6":"product_cat-caixas-de-pastelaria","7":"product_cat-caixas-para-bolachas-2","8":"product_cat-ordem-e-armazenamento","9":"product_cat-cajas-galletas","10":"product_cat-cajas","11":"product_cat-utensilios","13":"first","14":"instock","15":"taxable","16":"shipping-taxable","17":"purchasable","18":"product-type-simple"},"acf":[],"df_price":0.7,"df_sale_price":"","df_regular_price":0.7,"df_image_link":"https:\/\/glotomania.com\/wp-content\/uploads\/2025\/11\/img_22220_291868b84cf31772d7ad9ee726a29c88_1-36-300x300.jpg","brands":[],"_links":{"self":[{"href":"https:\/\/glotomania.com\/pt-pt\/wp-json\/wp\/v2\/product\/389460","targetHints":{"allow":["GET"]}}],"collection":[{"href":"https:\/\/glotomania.com\/pt-pt\/wp-json\/wp\/v2\/product"}],"about":[{"href":"https:\/\/glotomania.com\/pt-pt\/wp-json\/wp\/v2\/types\/product"}],"replies":[{"embeddable":true,"href":"https:\/\/glotomania.com\/pt-pt\/wp-json\/wp\/v2\/comments?post=389460"}],"wp:featuredmedia":[{"embeddable":true,"href":"https:\/\/glotomania.com\/pt-pt\/wp-json\/wp\/v2\/media\/348437"}],"wp:attachment":[{"href":"https:\/\/glotomania.com\/pt-pt\/wp-json\/wp\/v2\/media?parent=389460"}],"wp:term":[{"taxonomy":"pwb-brand","embeddable":true,"href":"https:\/\/glotomania.com\/pt-pt\/wp-json\/wp\/v2\/pwb-brand?post=389460"},{"taxonomy":"product_brand","embeddable":true,"href":"https:\/\/glotomania.com\/pt-pt\/wp-json\/wp\/v2\/product_brand?post=389460"},{"taxonomy":"product_cat","embeddable":true,"href":"https:\/\/glotomania.com\/pt-pt\/wp-json\/wp\/v2\/product_cat?post=389460"},{"taxonomy":"product_tag","embeddable":true,"href":"https:\/\/glotomania.com\/pt-pt\/wp-json\/wp\/v2\/product_tag?post=389460"}],"curies":[{"name":"wp","href":"https:\/\/api.w.org\/{rel}","templated":true}]}}