{"id":389461,"date":"2025-09-02T10:46:21","date_gmt":"2025-09-02T10:46:21","guid":{"rendered":"https:\/\/glotomania.com\/p\/gofrera-azul-patrulla-canina-bestron-2\/"},"modified":"2026-04-22T00:21:14","modified_gmt":"2026-04-22T00:21:14","slug":"gofrera-azul-patrulla-canina-bestron-2","status":"publish","type":"product","link":"https:\/\/glotomania.com\/pt-pt\/p\/gofrera-azul-patrulla-canina-bestron-2\/","title":{"rendered":"M\u00c1quina De Waffles Azul &#8220;patrulha Canina&#8221; &#8211; Bestron"},"content":{"rendered":"<p>&nbsp;<\/p>\n<ul>\n<li><span style=\"font-size:14px\">Este ferro para waffles tem uma caixa resistente ao calor, controlo autom&aacute;tico da temperatura e um revestimento antiaderente.&nbsp;<\/span><\/li>\n<li><span style=\"font-size:14px\">Tem tamb&eacute;m uma luz indicadora de energia e uma luz verde para o informar de que est&aacute; pronto a ser utilizado.&nbsp;<\/span><\/li>\n<li><span style=\"font-size:14px\">P&eacute;s antiderrapantes.<\/span><\/li>\n<\/ul>\n<p><span style=\"font-size:14px\"><strong>Pot&ecirc;ncia<\/strong>: 550 W &#8211; <strong>Cor<\/strong>: azul.<\/span><\/p>\n<p><span style=\"font-size:14px\"><strong>Dimens&otilde;es aproximadas:<\/strong> <u>M&aacute;quina <\/u>15,4 x 11,3 x 20,3 cm &#8211; <u>Waffle <\/u>&Oslash; 10 cm.<\/span><\/p>\n","protected":false},"excerpt":{"rendered":"<p>Fa\u00e7a deliciosas e originais waffles &#8220;Paw Patrol&#8221; com esta fant\u00e1stica m\u00e1quina de waffles azul da Bestron.<\/p>\n","protected":false},"featured_media":348439,"comment_status":"open","ping_status":"closed","template":"","meta":{"_acf_changed":false},"pwb-brand":[],"product_brand":[],"product_cat":[2907,3087,3226,1811,1849,1767],"product_tag":[],"class_list":{"0":"post-389461","1":"product","2":"type-product","3":"status-publish","4":"has-post-thumbnail","6":"product_cat-festas","7":"product_cat-ordem-e-armazenamento","8":"product_cat-pequenos-eletrodomesticos","9":"product_cat-cocina","10":"product_cat-fiestas","11":"product_cat-utensilios","13":"first","14":"instock","15":"taxable","16":"shipping-taxable","17":"purchasable","18":"product-type-simple"},"acf":[],"df_price":23.76,"df_sale_price":23.76,"df_regular_price":33.95,"df_image_link":"https:\/\/glotomania.com\/wp-content\/uploads\/2025\/11\/img_22221_ab5943e3a8101eb4cdaac9f901d5fb46_1-32-300x300.jpg","brands":[],"_links":{"self":[{"href":"https:\/\/glotomania.com\/pt-pt\/wp-json\/wp\/v2\/product\/389461","targetHints":{"allow":["GET"]}}],"collection":[{"href":"https:\/\/glotomania.com\/pt-pt\/wp-json\/wp\/v2\/product"}],"about":[{"href":"https:\/\/glotomania.com\/pt-pt\/wp-json\/wp\/v2\/types\/product"}],"replies":[{"embeddable":true,"href":"https:\/\/glotomania.com\/pt-pt\/wp-json\/wp\/v2\/comments?post=389461"}],"wp:featuredmedia":[{"embeddable":true,"href":"https:\/\/glotomania.com\/pt-pt\/wp-json\/wp\/v2\/media\/348439"}],"wp:attachment":[{"href":"https:\/\/glotomania.com\/pt-pt\/wp-json\/wp\/v2\/media?parent=389461"}],"wp:term":[{"taxonomy":"pwb-brand","embeddable":true,"href":"https:\/\/glotomania.com\/pt-pt\/wp-json\/wp\/v2\/pwb-brand?post=389461"},{"taxonomy":"product_brand","embeddable":true,"href":"https:\/\/glotomania.com\/pt-pt\/wp-json\/wp\/v2\/product_brand?post=389461"},{"taxonomy":"product_cat","embeddable":true,"href":"https:\/\/glotomania.com\/pt-pt\/wp-json\/wp\/v2\/product_cat?post=389461"},{"taxonomy":"product_tag","embeddable":true,"href":"https:\/\/glotomania.com\/pt-pt\/wp-json\/wp\/v2\/product_tag?post=389461"}],"curies":[{"name":"wp","href":"https:\/\/api.w.org\/{rel}","templated":true}]}}