{"id":389463,"date":"2025-09-02T10:46:23","date_gmt":"2025-09-02T10:46:23","guid":{"rendered":"https:\/\/glotomania.com\/p\/colorante-en-pasta-sugarflair-white-extra-blanco-extra-400-g-2\/"},"modified":"2026-03-10T20:16:25","modified_gmt":"2026-03-10T20:16:25","slug":"colorante-en-pasta-sugarflair-white-extra-blanco-extra-400-g-2","status":"publish","type":"product","link":"https:\/\/glotomania.com\/pt-pt\/p\/colorante-en-pasta-sugarflair-white-extra-blanco-extra-400-g-2\/","title":{"rendered":"Corante Em Pasta Sugarflair &#8211; White Extra \/ Branco Extra 400 G"},"content":{"rendered":"<p>&nbsp;<\/p>\n<p><strong><span style=\"font-size: 14px\">M&eacute;todo de utiliza&ccedil;&atilde;o:<\/span><\/strong><\/p>\n<p><span style=\"font-size: 14px\">Aplicar a cor em pequenas quantidades na massa com um palito limpo ou similar, depois amassar bem at&eacute; que a massa esteja totalmente colorida.&nbsp;<\/span><\/p>\n<p><em><strong><span style=\"font-size: 14px\">Adequado para todos os alimentos &agrave; base de &aacute;gua.<\/span><\/strong><\/em><\/p>\n","protected":false},"excerpt":{"rendered":"<p>Com os corantes Extra Sugarflair conseguir\u00e1 tons muito intensos para as suas cria\u00e7\u00f5es.<\/p>\n","protected":false},"featured_media":350700,"comment_status":"open","ping_status":"closed","template":"","meta":{"_acf_changed":false},"pwb-brand":[],"product_brand":[],"product_cat":[1835,1836,2953,2959,1832,1845,2996,3001],"product_tag":[],"class_list":{"0":"post-389463","1":"product","2":"type-product","3":"status-publish","4":"has-post-thumbnail","6":"product_cat-colorantes","7":"product_cat-colorantes-pasta","8":"product_cat-corantes-e-pinturas","9":"product_cat-corantes-em-pasta-2","10":"product_cat-diestas-especiales","11":"product_cat-dieta-sin-e-171","12":"product_cat-produtos-vegetarianos","13":"product_cat-sem-e-171-2","15":"first","16":"instock","17":"taxable","18":"shipping-taxable","19":"purchasable","20":"product-type-simple"},"acf":[],"df_price":52.5,"df_sale_price":"","df_regular_price":52.5,"df_image_link":"https:\/\/glotomania.com\/wp-content\/uploads\/2025\/11\/img_22229_e1b72a9e611f9afba92ac7470a81d0d7_1-41-300x300.jpg","brands":[],"_links":{"self":[{"href":"https:\/\/glotomania.com\/pt-pt\/wp-json\/wp\/v2\/product\/389463","targetHints":{"allow":["GET"]}}],"collection":[{"href":"https:\/\/glotomania.com\/pt-pt\/wp-json\/wp\/v2\/product"}],"about":[{"href":"https:\/\/glotomania.com\/pt-pt\/wp-json\/wp\/v2\/types\/product"}],"replies":[{"embeddable":true,"href":"https:\/\/glotomania.com\/pt-pt\/wp-json\/wp\/v2\/comments?post=389463"}],"wp:featuredmedia":[{"embeddable":true,"href":"https:\/\/glotomania.com\/pt-pt\/wp-json\/wp\/v2\/media\/350700"}],"wp:attachment":[{"href":"https:\/\/glotomania.com\/pt-pt\/wp-json\/wp\/v2\/media?parent=389463"}],"wp:term":[{"taxonomy":"pwb-brand","embeddable":true,"href":"https:\/\/glotomania.com\/pt-pt\/wp-json\/wp\/v2\/pwb-brand?post=389463"},{"taxonomy":"product_brand","embeddable":true,"href":"https:\/\/glotomania.com\/pt-pt\/wp-json\/wp\/v2\/product_brand?post=389463"},{"taxonomy":"product_cat","embeddable":true,"href":"https:\/\/glotomania.com\/pt-pt\/wp-json\/wp\/v2\/product_cat?post=389463"},{"taxonomy":"product_tag","embeddable":true,"href":"https:\/\/glotomania.com\/pt-pt\/wp-json\/wp\/v2\/product_tag?post=389463"}],"curies":[{"name":"wp","href":"https:\/\/api.w.org\/{rel}","templated":true}]}}