{"id":389486,"date":"2025-09-02T10:46:45","date_gmt":"2025-09-02T10:46:45","guid":{"rendered":"https:\/\/glotomania.com\/p\/topper-para-cupcakes-partydeco-construccion-2\/"},"modified":"2026-03-10T20:17:24","modified_gmt":"2026-03-10T20:17:24","slug":"topper-para-cupcakes-partydeco-construccion-2","status":"publish","type":"product","link":"https:\/\/glotomania.com\/pt-pt\/p\/topper-para-cupcakes-partydeco-construccion-2\/","title":{"rendered":"Cupcake Topper Partydeco &#8211; Constru\u00c7ao"},"content":{"rendered":"<p>&nbsp;<\/p>\n<p><span style=\"font-size: 14px\">Feito de madeira e cart&atilde;o resistente, adequado para uso alimentar.<\/span><\/p>\n<p><span style=\"font-size: 14px\"><strong>Dimens&otilde;es aproximadas:<\/strong>&nbsp;Altura 4 &#8211; 7 cm.<\/span><\/p>\n","protected":false},"excerpt":{"rendered":"<p>Conjunto de 6 topos da PartyDeco (3 cones e 3 ve\u00edculos de constru\u00e7\u00e3o), perfeitos para decorar os nossos cupcakes.<\/p>\n","protected":false},"featured_media":155806,"comment_status":"open","ping_status":"closed","template":"","meta":{"_acf_changed":false},"pwb-brand":[],"product_brand":[],"product_cat":[1792,3200,2907,3087,1849,3208,1793,1767],"product_tag":[],"class_list":{"0":"post-389486","1":"product","2":"type-product","3":"status-publish","4":"has-post-thumbnail","6":"product_cat-decoracion-no-comestible","7":"product_cat-decoracoes-nao-comestiveis","8":"product_cat-festas","9":"product_cat-ordem-e-armazenamento","10":"product_cat-fiestas","11":"product_cat-toppers-para-bolos","12":"product_cat-toppers","13":"product_cat-utensilios","15":"first","16":"instock","17":"taxable","18":"shipping-taxable","19":"purchasable","20":"product-type-simple"},"acf":[],"df_price":3.25,"df_sale_price":"","df_regular_price":3.25,"df_image_link":"https:\/\/glotomania.com\/wp-content\/uploads\/2025\/09\/img_22293_6b0d6274ec5b1e23fd01f35169feb46e_1-300x300.png","brands":[],"_links":{"self":[{"href":"https:\/\/glotomania.com\/pt-pt\/wp-json\/wp\/v2\/product\/389486","targetHints":{"allow":["GET"]}}],"collection":[{"href":"https:\/\/glotomania.com\/pt-pt\/wp-json\/wp\/v2\/product"}],"about":[{"href":"https:\/\/glotomania.com\/pt-pt\/wp-json\/wp\/v2\/types\/product"}],"replies":[{"embeddable":true,"href":"https:\/\/glotomania.com\/pt-pt\/wp-json\/wp\/v2\/comments?post=389486"}],"wp:featuredmedia":[{"embeddable":true,"href":"https:\/\/glotomania.com\/pt-pt\/wp-json\/wp\/v2\/media\/155806"}],"wp:attachment":[{"href":"https:\/\/glotomania.com\/pt-pt\/wp-json\/wp\/v2\/media?parent=389486"}],"wp:term":[{"taxonomy":"pwb-brand","embeddable":true,"href":"https:\/\/glotomania.com\/pt-pt\/wp-json\/wp\/v2\/pwb-brand?post=389486"},{"taxonomy":"product_brand","embeddable":true,"href":"https:\/\/glotomania.com\/pt-pt\/wp-json\/wp\/v2\/product_brand?post=389486"},{"taxonomy":"product_cat","embeddable":true,"href":"https:\/\/glotomania.com\/pt-pt\/wp-json\/wp\/v2\/product_cat?post=389486"},{"taxonomy":"product_tag","embeddable":true,"href":"https:\/\/glotomania.com\/pt-pt\/wp-json\/wp\/v2\/product_tag?post=389486"}],"curies":[{"name":"wp","href":"https:\/\/api.w.org\/{rel}","templated":true}]}}