{"id":389489,"date":"2025-09-02T10:46:47","date_gmt":"2025-09-02T10:46:47","guid":{"rendered":"https:\/\/glotomania.com\/p\/molde-de-aluminio-3d-wilton-caballo-poni-2\/"},"modified":"2026-04-29T00:22:46","modified_gmt":"2026-04-29T00:22:46","slug":"molde-de-aluminio-3d-wilton-caballo-poni-2","status":"publish","type":"product","link":"https:\/\/glotomania.com\/pt-pt\/p\/molde-de-aluminio-3d-wilton-caballo-poni-2\/","title":{"rendered":"Molde De Alum\u00cdnio 3d Wilton &#8211; Cavalo \/ P\u00d3nei"},"content":{"rendered":"<p>&nbsp;<\/p>\n<p><span style=\"font-size:14px\">Feito de alum&iacute;nio de alta qualidade, adequado para uso alimentar. Recomenda-se a lavagem &agrave; m&atilde;o.<\/span><\/p>\n<p><span style=\"font-size:14px\"><strong>Dimens&otilde;es aproximadas: <\/strong>34 x 26 cm &#8211; Profundidade 5 cm.<\/span><\/p>\n","protected":false},"excerpt":{"rendered":"<p>Molde de alum\u00ednio Wilton em forma de cabe\u00e7a de cavalo ou p\u00f3nei, perfeito para dar um toque original aos dias mais especiais.<\/p>\n","protected":false},"featured_media":183829,"comment_status":"open","ping_status":"closed","template":"","meta":{"_acf_changed":false},"pwb-brand":[],"product_brand":[],"product_cat":[3217,1802,3214,1801,3087,1767],"product_tag":[],"class_list":{"0":"post-389489","1":"product","2":"type-product","3":"status-publish","4":"has-post-thumbnail","6":"product_cat-moldes-de-formas-especiais","7":"product_cat-moldes-metal","8":"product_cat-moldes-de-pastelaria","9":"product_cat-moldes","10":"product_cat-ordem-e-armazenamento","11":"product_cat-utensilios","13":"first","14":"instock","15":"taxable","16":"shipping-taxable","17":"purchasable","18":"product-type-simple"},"acf":[],"df_price":9.5,"df_sale_price":6.66,"df_regular_price":9.5,"df_image_link":"https:\/\/glotomania.com\/wp-content\/uploads\/2025\/09\/img_22302_634d59c43c50d3448d641f51f00c028d_1.png","brands":[],"_links":{"self":[{"href":"https:\/\/glotomania.com\/pt-pt\/wp-json\/wp\/v2\/product\/389489","targetHints":{"allow":["GET"]}}],"collection":[{"href":"https:\/\/glotomania.com\/pt-pt\/wp-json\/wp\/v2\/product"}],"about":[{"href":"https:\/\/glotomania.com\/pt-pt\/wp-json\/wp\/v2\/types\/product"}],"replies":[{"embeddable":true,"href":"https:\/\/glotomania.com\/pt-pt\/wp-json\/wp\/v2\/comments?post=389489"}],"wp:featuredmedia":[{"embeddable":true,"href":"https:\/\/glotomania.com\/pt-pt\/wp-json\/wp\/v2\/media\/183829"}],"wp:attachment":[{"href":"https:\/\/glotomania.com\/pt-pt\/wp-json\/wp\/v2\/media?parent=389489"}],"wp:term":[{"taxonomy":"pwb-brand","embeddable":true,"href":"https:\/\/glotomania.com\/pt-pt\/wp-json\/wp\/v2\/pwb-brand?post=389489"},{"taxonomy":"product_brand","embeddable":true,"href":"https:\/\/glotomania.com\/pt-pt\/wp-json\/wp\/v2\/product_brand?post=389489"},{"taxonomy":"product_cat","embeddable":true,"href":"https:\/\/glotomania.com\/pt-pt\/wp-json\/wp\/v2\/product_cat?post=389489"},{"taxonomy":"product_tag","embeddable":true,"href":"https:\/\/glotomania.com\/pt-pt\/wp-json\/wp\/v2\/product_tag?post=389489"}],"curies":[{"name":"wp","href":"https:\/\/api.w.org\/{rel}","templated":true}]}}