{"id":389494,"date":"2025-09-02T10:46:50","date_gmt":"2025-09-02T10:46:50","guid":{"rendered":"https:\/\/glotomania.com\/p\/colorante-super-dust-magic-colours-amarillo-summer-yellow-4-g-2\/"},"modified":"2026-04-14T05:36:12","modified_gmt":"2026-04-14T05:36:12","slug":"colorante-super-dust-magic-colours-amarillo-summer-yellow-4-g-2","status":"publish","type":"product","link":"https:\/\/glotomania.com\/pt-pt\/p\/colorante-super-dust-magic-colours-amarillo-summer-yellow-4-g-2\/","title":{"rendered":"Corante Super Dust Magic Colours &#8211; Amarillo \/ Summer Yellow (4 G)"},"content":{"rendered":"<p>&nbsp;<\/p>\n<p><span style=\"font-size: 14px\">Pigmento altamente concentrado, 100% comest&iacute;vel.<\/span><\/p>\n<p><span style=\"font-size: 14px\">Ideal para utilizar em pastas de a&ccedil;&uacute;car, rebu&ccedil;ados, doces, chocolates,&#8230; e muito mais!<\/span><\/p>\n<p><span style=\"font-size: 14px\">Adequado para a t&eacute;cnica do pincel e do p&oacute;.<\/span><\/p>\n","protected":false},"excerpt":{"rendered":"<p>Corante em p\u00f3 Magic Colours Super Dust, perfeito para conseguir um tom mate natural nas nossas decora\u00e7\u00f5es.<\/p>\n","protected":false},"featured_media":338211,"comment_status":"open","ping_status":"closed","template":"","meta":{"_acf_changed":false,"_joinchat":[]},"pwb-brand":[],"product_brand":[],"product_cat":[2953,2961,2907,2999,2921,2996,3002,3001,3004,1835,1894,1832,1902,1896,1845,1833,1849,1858],"product_tag":[],"class_list":{"0":"post-389494","1":"product","2":"type-product","3":"status-publish","4":"has-post-thumbnail","6":"product_cat-corantes-e-pinturas","7":"product_cat-corantes-em-po-2","8":"product_cat-festas","9":"product_cat-kosher-2","10":"product_cat-pascoa","11":"product_cat-produtos-vegetarianos","12":"product_cat-sem-acucar","13":"product_cat-sem-e-171-2","14":"product_cat-sem-gluten-2","15":"product_cat-colorantes","16":"product_cat-colorantes-polvo","17":"product_cat-diestas-especiales","18":"product_cat-dieta-kosher","19":"product_cat-dieta-sin-azucar","20":"product_cat-dieta-sin-e-171","21":"product_cat-dieta-sin-gluten","22":"product_cat-fiestas","23":"product_cat-pascua","25":"first","26":"instock","27":"taxable","28":"shipping-taxable","29":"purchasable","30":"product-type-simple"},"acf":[],"df_price":2.18,"df_sale_price":2.18,"df_regular_price":4.35,"df_image_link":"https:\/\/glotomania.com\/wp-content\/uploads\/2025\/11\/img_22314_6c653168bc5051c22097da76906b1967_1-29-300x300.jpg","brands":[],"_links":{"self":[{"href":"https:\/\/glotomania.com\/pt-pt\/wp-json\/wp\/v2\/product\/389494","targetHints":{"allow":["GET"]}}],"collection":[{"href":"https:\/\/glotomania.com\/pt-pt\/wp-json\/wp\/v2\/product"}],"about":[{"href":"https:\/\/glotomania.com\/pt-pt\/wp-json\/wp\/v2\/types\/product"}],"replies":[{"embeddable":true,"href":"https:\/\/glotomania.com\/pt-pt\/wp-json\/wp\/v2\/comments?post=389494"}],"wp:featuredmedia":[{"embeddable":true,"href":"https:\/\/glotomania.com\/pt-pt\/wp-json\/wp\/v2\/media\/338211"}],"wp:attachment":[{"href":"https:\/\/glotomania.com\/pt-pt\/wp-json\/wp\/v2\/media?parent=389494"}],"wp:term":[{"taxonomy":"pwb-brand","embeddable":true,"href":"https:\/\/glotomania.com\/pt-pt\/wp-json\/wp\/v2\/pwb-brand?post=389494"},{"taxonomy":"product_brand","embeddable":true,"href":"https:\/\/glotomania.com\/pt-pt\/wp-json\/wp\/v2\/product_brand?post=389494"},{"taxonomy":"product_cat","embeddable":true,"href":"https:\/\/glotomania.com\/pt-pt\/wp-json\/wp\/v2\/product_cat?post=389494"},{"taxonomy":"product_tag","embeddable":true,"href":"https:\/\/glotomania.com\/pt-pt\/wp-json\/wp\/v2\/product_tag?post=389494"}],"curies":[{"name":"wp","href":"https:\/\/api.w.org\/{rel}","templated":true}]}}