{"id":389496,"date":"2025-09-02T10:46:51","date_gmt":"2025-09-02T10:46:51","guid":{"rendered":"https:\/\/glotomania.com\/p\/colorante-super-dust-magic-colours-porcelana-porcelain-4-g-2\/"},"modified":"2026-04-14T05:36:14","modified_gmt":"2026-04-14T05:36:14","slug":"colorante-super-dust-magic-colours-porcelana-porcelain-4-g-2","status":"publish","type":"product","link":"https:\/\/glotomania.com\/pt-pt\/p\/colorante-super-dust-magic-colours-porcelana-porcelain-4-g-2\/","title":{"rendered":"Corante Super Dust Magic Colours &#8211; Porcelana \/ Porcelain (4 G)"},"content":{"rendered":"<p>&nbsp;<\/p>\n<p><span style=\"color:#000000\"><span style=\"font-size: 14px\">Pigmento altamente concentrado, 100% comest&iacute;vel.<\/span><\/span><\/p>\n<p><span style=\"color:#000000\"><span style=\"font-size: 14px\">Ideal para utilizar em pastas de a&ccedil;&uacute;car, rebu&ccedil;ados, doces, chocolates,&#8230; e muito mais!<\/span><\/span><\/p>\n<p><span style=\"color:#000000\"><span style=\"font-size: 14px\">Adequado para a t&eacute;cnica do pincel e do p&oacute;.<\/span><\/span><\/p>\n","protected":false},"excerpt":{"rendered":"<p>Corante em p\u00f3 Magic Colours Super Dust, perfeito para conseguir um tom mate natural nas nossas decora\u00e7\u00f5es.<\/p>\n","protected":false},"featured_media":37124,"comment_status":"open","ping_status":"closed","template":"","meta":{"_acf_changed":false,"_joinchat":[]},"pwb-brand":[],"product_brand":[],"product_cat":[1835,1894,2953,2961,1832,1902,1896,1845,1833,2999,2996,3002,3001,3004],"product_tag":[],"class_list":{"0":"post-389496","1":"product","2":"type-product","3":"status-publish","4":"has-post-thumbnail","6":"product_cat-colorantes","7":"product_cat-colorantes-polvo","8":"product_cat-corantes-e-pinturas","9":"product_cat-corantes-em-po-2","10":"product_cat-diestas-especiales","11":"product_cat-dieta-kosher","12":"product_cat-dieta-sin-azucar","13":"product_cat-dieta-sin-e-171","14":"product_cat-dieta-sin-gluten","15":"product_cat-kosher-2","16":"product_cat-produtos-vegetarianos","17":"product_cat-sem-acucar","18":"product_cat-sem-e-171-2","19":"product_cat-sem-gluten-2","21":"first","22":"instock","23":"taxable","24":"shipping-taxable","25":"purchasable","26":"product-type-simple"},"acf":[],"df_price":2.18,"df_sale_price":2.18,"df_regular_price":4.35,"df_image_link":"https:\/\/glotomania.com\/wp-content\/uploads\/2024\/05\/img_22316_57e25bd78b8b1c32dbe4c2f434826179_1-300x300.png","brands":[],"_links":{"self":[{"href":"https:\/\/glotomania.com\/pt-pt\/wp-json\/wp\/v2\/product\/389496","targetHints":{"allow":["GET"]}}],"collection":[{"href":"https:\/\/glotomania.com\/pt-pt\/wp-json\/wp\/v2\/product"}],"about":[{"href":"https:\/\/glotomania.com\/pt-pt\/wp-json\/wp\/v2\/types\/product"}],"replies":[{"embeddable":true,"href":"https:\/\/glotomania.com\/pt-pt\/wp-json\/wp\/v2\/comments?post=389496"}],"wp:featuredmedia":[{"embeddable":true,"href":"https:\/\/glotomania.com\/pt-pt\/wp-json\/wp\/v2\/media\/37124"}],"wp:attachment":[{"href":"https:\/\/glotomania.com\/pt-pt\/wp-json\/wp\/v2\/media?parent=389496"}],"wp:term":[{"taxonomy":"pwb-brand","embeddable":true,"href":"https:\/\/glotomania.com\/pt-pt\/wp-json\/wp\/v2\/pwb-brand?post=389496"},{"taxonomy":"product_brand","embeddable":true,"href":"https:\/\/glotomania.com\/pt-pt\/wp-json\/wp\/v2\/product_brand?post=389496"},{"taxonomy":"product_cat","embeddable":true,"href":"https:\/\/glotomania.com\/pt-pt\/wp-json\/wp\/v2\/product_cat?post=389496"},{"taxonomy":"product_tag","embeddable":true,"href":"https:\/\/glotomania.com\/pt-pt\/wp-json\/wp\/v2\/product_tag?post=389496"}],"curies":[{"name":"wp","href":"https:\/\/api.w.org\/{rel}","templated":true}]}}