{"id":389498,"date":"2025-09-02T10:46:52","date_gmt":"2025-09-02T10:46:52","guid":{"rendered":"https:\/\/glotomania.com\/p\/colorante-lustre-dust-magic-colours-azul-plata-silver-blue-10-ml-2\/"},"modified":"2026-04-15T00:21:56","modified_gmt":"2026-04-15T00:21:56","slug":"colorante-lustre-dust-magic-colours-azul-plata-silver-blue-10-ml-2","status":"publish","type":"product","link":"https:\/\/glotomania.com\/pt-pt\/p\/colorante-lustre-dust-magic-colours-azul-plata-silver-blue-10-ml-2\/","title":{"rendered":"Corantes Lustre Dust Magic Colours &#8211; Azul Prata \/ Silver Blue (10 Ml)"},"content":{"rendered":"<p>&nbsp;<\/p>\n<p><span style=\"color:#000000\"><span style=\"font-size: 14px\">Pigmento altamente concentrado, 100% comest&iacute;vel.<\/span><br style=\"font-size: 14px\" \/><br \/>\n<span style=\"font-size: 14px\">Ideal para utilizar em pastas de a&ccedil;&uacute;car, rebu&ccedil;ados, doces, chocolates,&#8230; e muito mais!<\/span><br style=\"font-size: 14px\" \/><br \/>\n<span style=\"font-size: 14px\">Adequado para a t&eacute;cnica do pincel e do p&oacute;.<\/span><\/span><\/p>\n","protected":false},"excerpt":{"rendered":"<p>Corante em p\u00f3 Magic Colours Lustre Dust, perfeito para obter um belo tom brilhante nas nossas decora\u00e7\u00f5es.<\/p>\n","protected":false},"featured_media":348470,"comment_status":"open","ping_status":"closed","template":"","meta":{"_acf_changed":false,"_joinchat":[]},"pwb-brand":[],"product_brand":[],"product_cat":[2908,1835,1894,2911,2953,2961,1832,2907,1902,1845,1833,2999,2921,2996,1862,1885,1849,1858,3001,3004],"product_tag":[],"class_list":{"0":"post-389498","1":"product","2":"type-product","3":"status-publish","4":"has-post-thumbnail","6":"product_cat-batizados","7":"product_cat-colorantes","8":"product_cat-colorantes-polvo","9":"product_cat-comunhoes","10":"product_cat-corantes-e-pinturas","11":"product_cat-corantes-em-po-2","12":"product_cat-diestas-especiales","13":"product_cat-festas","14":"product_cat-dieta-kosher","15":"product_cat-dieta-sin-e-171","16":"product_cat-dieta-sin-gluten","17":"product_cat-kosher-2","18":"product_cat-pascoa","19":"product_cat-produtos-vegetarianos","20":"product_cat-comuniones","21":"product_cat-bautizos","22":"product_cat-fiestas","23":"product_cat-pascua","24":"product_cat-sem-e-171-2","25":"product_cat-sem-gluten-2","27":"first","28":"instock","29":"taxable","30":"shipping-taxable","31":"purchasable","32":"product-type-simple"},"acf":[],"df_price":4.35,"df_sale_price":2.18,"df_regular_price":4.35,"df_image_link":"https:\/\/glotomania.com\/wp-content\/uploads\/2025\/11\/img_22323_9d15f288496d954176f3266ce6eeb6bf_1-46-300x300.jpg","brands":[],"_links":{"self":[{"href":"https:\/\/glotomania.com\/pt-pt\/wp-json\/wp\/v2\/product\/389498","targetHints":{"allow":["GET"]}}],"collection":[{"href":"https:\/\/glotomania.com\/pt-pt\/wp-json\/wp\/v2\/product"}],"about":[{"href":"https:\/\/glotomania.com\/pt-pt\/wp-json\/wp\/v2\/types\/product"}],"replies":[{"embeddable":true,"href":"https:\/\/glotomania.com\/pt-pt\/wp-json\/wp\/v2\/comments?post=389498"}],"wp:featuredmedia":[{"embeddable":true,"href":"https:\/\/glotomania.com\/pt-pt\/wp-json\/wp\/v2\/media\/348470"}],"wp:attachment":[{"href":"https:\/\/glotomania.com\/pt-pt\/wp-json\/wp\/v2\/media?parent=389498"}],"wp:term":[{"taxonomy":"pwb-brand","embeddable":true,"href":"https:\/\/glotomania.com\/pt-pt\/wp-json\/wp\/v2\/pwb-brand?post=389498"},{"taxonomy":"product_brand","embeddable":true,"href":"https:\/\/glotomania.com\/pt-pt\/wp-json\/wp\/v2\/product_brand?post=389498"},{"taxonomy":"product_cat","embeddable":true,"href":"https:\/\/glotomania.com\/pt-pt\/wp-json\/wp\/v2\/product_cat?post=389498"},{"taxonomy":"product_tag","embeddable":true,"href":"https:\/\/glotomania.com\/pt-pt\/wp-json\/wp\/v2\/product_tag?post=389498"}],"curies":[{"name":"wp","href":"https:\/\/api.w.org\/{rel}","templated":true}]}}