{"id":389500,"date":"2025-09-02T10:46:53","date_gmt":"2025-09-02T10:46:53","guid":{"rendered":"https:\/\/glotomania.com\/p\/colorante-lustre-dust-magic-colours-amarillo-plata-silver-yellow-10-ml-2\/"},"modified":"2026-04-15T00:21:57","modified_gmt":"2026-04-15T00:21:57","slug":"colorante-lustre-dust-magic-colours-amarillo-plata-silver-yellow-10-ml-2","status":"publish","type":"product","link":"https:\/\/glotomania.com\/pt-pt\/p\/colorante-lustre-dust-magic-colours-amarillo-plata-silver-yellow-10-ml-2\/","title":{"rendered":"Corantes Lustre Dust Magic Colours &#8211; Amarelo Prata \/ Silver Yellow (10 Ml)"},"content":{"rendered":"<p>&nbsp;<\/p>\n<p><span style=\"color:#000000\"><span style=\"font-size: 14px\">Pigmento altamente concentrado, 100% comest&iacute;vel.<\/span><br style=\"font-size: 14px\" \/><br \/>\n<span style=\"font-size: 14px\">Ideal para utilizar em pastas de a&ccedil;&uacute;car, rebu&ccedil;ados, doces, chocolates,&#8230; e muito mais!<\/span><br style=\"font-size: 14px\" \/><br \/>\n<span style=\"font-size: 14px\">Adequado para a t&eacute;cnica do pincel e do p&oacute;.<\/span><\/span><\/p>\n","protected":false},"excerpt":{"rendered":"<p>Corante em p\u00f3 Magic Colours Lustre Dust, perfeito para obter um belo tom brilhante nas nossas decora\u00e7\u00f5es.<\/p>\n","protected":false},"featured_media":341912,"comment_status":"open","ping_status":"closed","template":"","meta":{"_acf_changed":false},"pwb-brand":[],"product_brand":[],"product_cat":[2953,2961,2907,2999,2921,2996,3001,3004,1835,1894,1832,1902,1845,1833,1849,1858],"product_tag":[],"class_list":{"0":"post-389500","1":"product","2":"type-product","3":"status-publish","4":"has-post-thumbnail","6":"product_cat-corantes-e-pinturas","7":"product_cat-corantes-em-po-2","8":"product_cat-festas","9":"product_cat-kosher-2","10":"product_cat-pascoa","11":"product_cat-produtos-vegetarianos","12":"product_cat-sem-e-171-2","13":"product_cat-sem-gluten-2","14":"product_cat-colorantes","15":"product_cat-colorantes-polvo","16":"product_cat-diestas-especiales","17":"product_cat-dieta-kosher","18":"product_cat-dieta-sin-e-171","19":"product_cat-dieta-sin-gluten","20":"product_cat-fiestas","21":"product_cat-pascua","23":"first","24":"instock","25":"taxable","26":"shipping-taxable","27":"purchasable","28":"product-type-simple"},"acf":[],"df_price":4.35,"df_sale_price":2.18,"df_regular_price":4.35,"df_image_link":"https:\/\/glotomania.com\/wp-content\/uploads\/2025\/11\/img_22325_a48f1201c335a54852725365891713ff_1-47-300x300.jpg","brands":[],"_links":{"self":[{"href":"https:\/\/glotomania.com\/pt-pt\/wp-json\/wp\/v2\/product\/389500","targetHints":{"allow":["GET"]}}],"collection":[{"href":"https:\/\/glotomania.com\/pt-pt\/wp-json\/wp\/v2\/product"}],"about":[{"href":"https:\/\/glotomania.com\/pt-pt\/wp-json\/wp\/v2\/types\/product"}],"replies":[{"embeddable":true,"href":"https:\/\/glotomania.com\/pt-pt\/wp-json\/wp\/v2\/comments?post=389500"}],"wp:featuredmedia":[{"embeddable":true,"href":"https:\/\/glotomania.com\/pt-pt\/wp-json\/wp\/v2\/media\/341912"}],"wp:attachment":[{"href":"https:\/\/glotomania.com\/pt-pt\/wp-json\/wp\/v2\/media?parent=389500"}],"wp:term":[{"taxonomy":"pwb-brand","embeddable":true,"href":"https:\/\/glotomania.com\/pt-pt\/wp-json\/wp\/v2\/pwb-brand?post=389500"},{"taxonomy":"product_brand","embeddable":true,"href":"https:\/\/glotomania.com\/pt-pt\/wp-json\/wp\/v2\/product_brand?post=389500"},{"taxonomy":"product_cat","embeddable":true,"href":"https:\/\/glotomania.com\/pt-pt\/wp-json\/wp\/v2\/product_cat?post=389500"},{"taxonomy":"product_tag","embeddable":true,"href":"https:\/\/glotomania.com\/pt-pt\/wp-json\/wp\/v2\/product_tag?post=389500"}],"curies":[{"name":"wp","href":"https:\/\/api.w.org\/{rel}","templated":true}]}}