{"id":389501,"date":"2025-09-02T10:46:54","date_gmt":"2025-09-02T10:46:54","guid":{"rendered":"https:\/\/glotomania.com\/p\/colorante-lustre-dust-magic-colours-oro-bronce-bronze-gold-10-ml-2\/"},"modified":"2026-04-19T00:02:41","modified_gmt":"2026-04-19T00:02:41","slug":"colorante-lustre-dust-magic-colours-oro-bronce-bronze-gold-10-ml-2","status":"publish","type":"product","link":"https:\/\/glotomania.com\/pt-pt\/p\/colorante-lustre-dust-magic-colours-oro-bronce-bronze-gold-10-ml-2\/","title":{"rendered":"Corantes Lustre Dust Magic Colours &#8211; Ouro Bronze \/ Bronze Gold (10 Ml)"},"content":{"rendered":"<p>&nbsp;<\/p>\n<p><span style=\"color:#000000\"><span style=\"font-size: 14px\">Pigmento altamente concentrado, 100% comest&iacute;vel.<\/span><br style=\"font-size: 14px\" \/><br \/>\n<span style=\"font-size: 14px\">Ideal para utilizar em pastas de a&ccedil;&uacute;car, rebu&ccedil;ados, doces, chocolates,&#8230; e muito mais!<\/span><br style=\"font-size: 14px\" \/><br \/>\n<span style=\"font-size: 14px\">Adequado para a t&eacute;cnica do pincel e do p&oacute;.<\/span><\/span><\/p>\n","protected":false},"excerpt":{"rendered":"<p>Corante em p\u00f3 Magic Colours Lustre Dust, perfeito para obter um belo tom brilhante nas nossas decora\u00e7\u00f5es.<\/p>\n","protected":false},"featured_media":350721,"comment_status":"open","ping_status":"closed","template":"","meta":{"_acf_changed":false},"pwb-brand":[],"product_brand":[],"product_cat":[2910,1835,1894,2953,2961,1832,2907,1902,1845,1833,2999,2996,1888,1849,3001,3004],"product_tag":[],"class_list":{"0":"post-389501","1":"product","2":"type-product","3":"status-publish","4":"has-post-thumbnail","6":"product_cat-casamentos-2","7":"product_cat-colorantes","8":"product_cat-colorantes-polvo","9":"product_cat-corantes-e-pinturas","10":"product_cat-corantes-em-po-2","11":"product_cat-diestas-especiales","12":"product_cat-festas","13":"product_cat-dieta-kosher","14":"product_cat-dieta-sin-e-171","15":"product_cat-dieta-sin-gluten","16":"product_cat-kosher-2","17":"product_cat-produtos-vegetarianos","18":"product_cat-bodas","19":"product_cat-fiestas","20":"product_cat-sem-e-171-2","21":"product_cat-sem-gluten-2","23":"first","24":"instock","25":"taxable","26":"shipping-taxable","27":"purchasable","28":"product-type-simple"},"acf":[],"df_price":2.18,"df_sale_price":2.18,"df_regular_price":4.35,"df_image_link":"https:\/\/glotomania.com\/wp-content\/uploads\/2025\/11\/img_22326_e7ef093d85c7355a711f4415b0ddc526_1-39-300x300.jpg","brands":[],"_links":{"self":[{"href":"https:\/\/glotomania.com\/pt-pt\/wp-json\/wp\/v2\/product\/389501","targetHints":{"allow":["GET"]}}],"collection":[{"href":"https:\/\/glotomania.com\/pt-pt\/wp-json\/wp\/v2\/product"}],"about":[{"href":"https:\/\/glotomania.com\/pt-pt\/wp-json\/wp\/v2\/types\/product"}],"replies":[{"embeddable":true,"href":"https:\/\/glotomania.com\/pt-pt\/wp-json\/wp\/v2\/comments?post=389501"}],"wp:featuredmedia":[{"embeddable":true,"href":"https:\/\/glotomania.com\/pt-pt\/wp-json\/wp\/v2\/media\/350721"}],"wp:attachment":[{"href":"https:\/\/glotomania.com\/pt-pt\/wp-json\/wp\/v2\/media?parent=389501"}],"wp:term":[{"taxonomy":"pwb-brand","embeddable":true,"href":"https:\/\/glotomania.com\/pt-pt\/wp-json\/wp\/v2\/pwb-brand?post=389501"},{"taxonomy":"product_brand","embeddable":true,"href":"https:\/\/glotomania.com\/pt-pt\/wp-json\/wp\/v2\/product_brand?post=389501"},{"taxonomy":"product_cat","embeddable":true,"href":"https:\/\/glotomania.com\/pt-pt\/wp-json\/wp\/v2\/product_cat?post=389501"},{"taxonomy":"product_tag","embeddable":true,"href":"https:\/\/glotomania.com\/pt-pt\/wp-json\/wp\/v2\/product_tag?post=389501"}],"curies":[{"name":"wp","href":"https:\/\/api.w.org\/{rel}","templated":true}]}}