{"id":389507,"date":"2025-09-02T10:46:58","date_gmt":"2025-09-02T10:46:58","guid":{"rendered":"https:\/\/glotomania.com\/p\/bolsas-para-dulces-wilton-copos-de-nieve-10-u-2\/"},"modified":"2026-04-19T00:02:44","modified_gmt":"2026-04-19T00:02:44","slug":"bolsas-para-dulces-wilton-copos-de-nieve-10-u-2","status":"publish","type":"product","link":"https:\/\/glotomania.com\/pt-pt\/p\/bolsas-para-dulces-wilton-copos-de-nieve-10-u-2\/","title":{"rendered":"Sacos De Doces Wilton &#8211; Flocos De Neve (10 Pe\u00c7as)"},"content":{"rendered":"<p>&nbsp;<\/p>\n<p><span style=\"font-size:14px\">Cont&eacute;m 10 sacos e 10 fitas de fecho.<\/span><\/p>\n<p><span style=\"font-size:14px\"><strong>Medidas aprox. <\/strong>11 x 23,5 cm.<\/span><\/p>\n","protected":false},"excerpt":{"rendered":"<p>Estes divertidos sacos de oferta Wilton s\u00e3o perfeitos para o inverno! Pode utiliz\u00e1-los para embrulhar bolachas, rebu\u00e7ados e outros doces.<\/p>\n","protected":false},"featured_media":338038,"comment_status":"open","ping_status":"closed","template":"","meta":{"_acf_changed":false},"pwb-brand":[],"product_brand":[],"product_cat":[2006,2005,2907,2920,3087,1849,1866,3149,3153,1767],"product_tag":[],"class_list":{"0":"post-389507","1":"product","2":"type-product","3":"status-publish","4":"has-post-thumbnail","6":"product_cat-bolsas-dulces","7":"product_cat-bolsas","8":"product_cat-festas","9":"product_cat-natal-2","10":"product_cat-ordem-e-armazenamento","11":"product_cat-fiestas","12":"product_cat-navidad","13":"product_cat-sacos-de-pastelaria-2","14":"product_cat-sacos-para-doces-2","15":"product_cat-utensilios","17":"first","18":"instock","19":"taxable","20":"shipping-taxable","21":"purchasable","22":"product-type-simple"},"acf":[],"df_price":1.8,"df_sale_price":1.8,"df_regular_price":2.58,"df_image_link":"https:\/\/glotomania.com\/wp-content\/uploads\/2025\/11\/img_22339_10eeaa23b638306a4b471fe676dade3e_1-23-300x300.jpg","brands":[],"_links":{"self":[{"href":"https:\/\/glotomania.com\/pt-pt\/wp-json\/wp\/v2\/product\/389507","targetHints":{"allow":["GET"]}}],"collection":[{"href":"https:\/\/glotomania.com\/pt-pt\/wp-json\/wp\/v2\/product"}],"about":[{"href":"https:\/\/glotomania.com\/pt-pt\/wp-json\/wp\/v2\/types\/product"}],"replies":[{"embeddable":true,"href":"https:\/\/glotomania.com\/pt-pt\/wp-json\/wp\/v2\/comments?post=389507"}],"wp:featuredmedia":[{"embeddable":true,"href":"https:\/\/glotomania.com\/pt-pt\/wp-json\/wp\/v2\/media\/338038"}],"wp:attachment":[{"href":"https:\/\/glotomania.com\/pt-pt\/wp-json\/wp\/v2\/media?parent=389507"}],"wp:term":[{"taxonomy":"pwb-brand","embeddable":true,"href":"https:\/\/glotomania.com\/pt-pt\/wp-json\/wp\/v2\/pwb-brand?post=389507"},{"taxonomy":"product_brand","embeddable":true,"href":"https:\/\/glotomania.com\/pt-pt\/wp-json\/wp\/v2\/product_brand?post=389507"},{"taxonomy":"product_cat","embeddable":true,"href":"https:\/\/glotomania.com\/pt-pt\/wp-json\/wp\/v2\/product_cat?post=389507"},{"taxonomy":"product_tag","embeddable":true,"href":"https:\/\/glotomania.com\/pt-pt\/wp-json\/wp\/v2\/product_tag?post=389507"}],"curies":[{"name":"wp","href":"https:\/\/api.w.org\/{rel}","templated":true}]}}