{"id":389509,"date":"2025-09-02T10:46:59","date_gmt":"2025-09-02T10:46:59","guid":{"rendered":"https:\/\/glotomania.com\/p\/bolsas-para-dulces-wilton-circulos-y-triangulos-20-u-2\/"},"modified":"2026-03-30T16:46:14","modified_gmt":"2026-03-30T16:46:14","slug":"bolsas-para-dulces-wilton-circulos-y-triangulos-20-u-2","status":"publish","type":"product","link":"https:\/\/glotomania.com\/pt-pt\/p\/bolsas-para-dulces-wilton-circulos-y-triangulos-20-u-2\/","title":{"rendered":"Sacos Para Doces Wilton &#8211; C\u00cdrculos E Tri\u00c2ngulos (20 U)"},"content":{"rendered":"<p>&nbsp;<\/p>\n<p><span style=\"font-size:14px\">Cont&eacute;m 20 sacos e 20 fitas de fecho.<\/span><\/p>\n<p><span style=\"font-size:14px\"><strong>Dimens&otilde;es aproximadas: <\/strong>10 x 5 x 24 cm.<\/span><\/p>\n","protected":false},"excerpt":{"rendered":"<p>Estes divertidos sacos de oferta Wilton s\u00e3o perfeitos para anivers\u00e1rios! Pode utiliz\u00e1-los para embrulhar bolachas, rebu\u00e7ados e outros doces.<\/p>\n","protected":false},"featured_media":345481,"comment_status":"open","ping_status":"closed","template":"","meta":{"_acf_changed":false},"pwb-brand":[],"product_brand":[],"product_cat":[2006,2005,2907,3087,1849,3149,3153,1767],"product_tag":[],"class_list":{"0":"post-389509","1":"product","2":"type-product","3":"status-publish","4":"has-post-thumbnail","6":"product_cat-bolsas-dulces","7":"product_cat-bolsas","8":"product_cat-festas","9":"product_cat-ordem-e-armazenamento","10":"product_cat-fiestas","11":"product_cat-sacos-de-pastelaria-2","12":"product_cat-sacos-para-doces-2","13":"product_cat-utensilios","15":"first","16":"instock","17":"taxable","18":"shipping-taxable","19":"purchasable","20":"product-type-simple"},"acf":[],"df_price":2.12,"df_sale_price":"","df_regular_price":2.12,"df_image_link":"https:\/\/glotomania.com\/wp-content\/uploads\/2025\/11\/img_22343_3b155e35ce93f90340a2e0a8dbb8b178_1-39-300x300.jpg","brands":[],"_links":{"self":[{"href":"https:\/\/glotomania.com\/pt-pt\/wp-json\/wp\/v2\/product\/389509","targetHints":{"allow":["GET"]}}],"collection":[{"href":"https:\/\/glotomania.com\/pt-pt\/wp-json\/wp\/v2\/product"}],"about":[{"href":"https:\/\/glotomania.com\/pt-pt\/wp-json\/wp\/v2\/types\/product"}],"replies":[{"embeddable":true,"href":"https:\/\/glotomania.com\/pt-pt\/wp-json\/wp\/v2\/comments?post=389509"}],"wp:featuredmedia":[{"embeddable":true,"href":"https:\/\/glotomania.com\/pt-pt\/wp-json\/wp\/v2\/media\/345481"}],"wp:attachment":[{"href":"https:\/\/glotomania.com\/pt-pt\/wp-json\/wp\/v2\/media?parent=389509"}],"wp:term":[{"taxonomy":"pwb-brand","embeddable":true,"href":"https:\/\/glotomania.com\/pt-pt\/wp-json\/wp\/v2\/pwb-brand?post=389509"},{"taxonomy":"product_brand","embeddable":true,"href":"https:\/\/glotomania.com\/pt-pt\/wp-json\/wp\/v2\/product_brand?post=389509"},{"taxonomy":"product_cat","embeddable":true,"href":"https:\/\/glotomania.com\/pt-pt\/wp-json\/wp\/v2\/product_cat?post=389509"},{"taxonomy":"product_tag","embeddable":true,"href":"https:\/\/glotomania.com\/pt-pt\/wp-json\/wp\/v2\/product_tag?post=389509"}],"curies":[{"name":"wp","href":"https:\/\/api.w.org\/{rel}","templated":true}]}}