{"id":389510,"date":"2025-09-02T10:47:06","date_gmt":"2025-09-02T10:47:06","guid":{"rendered":"https:\/\/glotomania.com\/p\/boquilla-14-wilton-estrella-abierta-2\/"},"modified":"2026-04-21T09:45:40","modified_gmt":"2026-04-21T09:45:40","slug":"boquilla-14-wilton-estrella-abierta-2","status":"publish","type":"product","link":"https:\/\/glotomania.com\/pt-pt\/p\/boquilla-14-wilton-estrella-abierta-2\/","title":{"rendered":"Bico #14 Wilton &#8211; Estrela Aberta"},"content":{"rendered":"<p>&nbsp;<\/p>\n<p><span style=\"font-size:14px\">Pode ser lavado na m&aacute;quina de lavar loi&ccedil;a.<\/span><\/p>\n<p><span style=\"font-size:14px\">Para ser utilizado em combina&ccedil;&atilde;o com um adaptador de tamanho normal.<\/span><\/p>\n","protected":false},"excerpt":{"rendered":"<p>Bico de metal Wilton para a produ\u00e7\u00e3o de t\u00e9cnicas em estrela, gotas de flores, bordos serrilhados.<\/p>\n","protected":false},"featured_media":345468,"comment_status":"open","ping_status":"closed","template":"","meta":{"_acf_changed":false},"pwb-brand":[],"product_brand":[],"product_cat":[3157,3087,3157,3087],"product_tag":[],"class_list":{"0":"post-389510","1":"product","2":"type-product","3":"status-publish","4":"has-post-thumbnail","6":"product_cat-sets-de-bicos","7":"product_cat-ordem-e-armazenamento","11":"first","12":"instock","13":"taxable","14":"shipping-taxable","15":"purchasable","16":"product-type-simple"},"acf":[],"df_price":1.52,"df_sale_price":"","df_regular_price":1.52,"df_image_link":"https:\/\/glotomania.com\/wp-content\/uploads\/2025\/11\/img_22347_5784f2520156f35153a2cdf819f6e254_1-36-300x300.jpg","brands":[],"_links":{"self":[{"href":"https:\/\/glotomania.com\/pt-pt\/wp-json\/wp\/v2\/product\/389510","targetHints":{"allow":["GET"]}}],"collection":[{"href":"https:\/\/glotomania.com\/pt-pt\/wp-json\/wp\/v2\/product"}],"about":[{"href":"https:\/\/glotomania.com\/pt-pt\/wp-json\/wp\/v2\/types\/product"}],"replies":[{"embeddable":true,"href":"https:\/\/glotomania.com\/pt-pt\/wp-json\/wp\/v2\/comments?post=389510"}],"wp:featuredmedia":[{"embeddable":true,"href":"https:\/\/glotomania.com\/pt-pt\/wp-json\/wp\/v2\/media\/345468"}],"wp:attachment":[{"href":"https:\/\/glotomania.com\/pt-pt\/wp-json\/wp\/v2\/media?parent=389510"}],"wp:term":[{"taxonomy":"pwb-brand","embeddable":true,"href":"https:\/\/glotomania.com\/pt-pt\/wp-json\/wp\/v2\/pwb-brand?post=389510"},{"taxonomy":"product_brand","embeddable":true,"href":"https:\/\/glotomania.com\/pt-pt\/wp-json\/wp\/v2\/product_brand?post=389510"},{"taxonomy":"product_cat","embeddable":true,"href":"https:\/\/glotomania.com\/pt-pt\/wp-json\/wp\/v2\/product_cat?post=389510"},{"taxonomy":"product_tag","embeddable":true,"href":"https:\/\/glotomania.com\/pt-pt\/wp-json\/wp\/v2\/product_tag?post=389510"}],"curies":[{"name":"wp","href":"https:\/\/api.w.org\/{rel}","templated":true}]}}