{"id":389515,"date":"2025-09-02T10:47:08","date_gmt":"2025-09-02T10:47:08","guid":{"rendered":"https:\/\/glotomania.com\/p\/set-cortadores-wilton-bigote-labios-pajarita-2\/"},"modified":"2026-03-10T20:18:40","modified_gmt":"2026-03-10T20:18:40","slug":"set-cortadores-wilton-bigote-labios-pajarita-2","status":"publish","type":"product","link":"https:\/\/glotomania.com\/pt-pt\/p\/set-cortadores-wilton-bigote-labios-pajarita-2\/","title":{"rendered":"Conjunto De Cortadores Wilton &#8211; Bigode \/ L\u00c1bios \/ La\u00c7o"},"content":{"rendered":"<p>&nbsp;<\/p>\n<p><span style=\"font-size:14px\">O conjunto cont&eacute;m 3 cortadores de biscoitos com a forma de um la&ccedil;o, bigode e l&aacute;bios. Feito de metal de alta qualidade, seguro para alimentos.<\/span><\/p>\n<p><span style=\"font-size:14px\"><strong>Dimens&otilde;es aproximadas: <\/strong>7,5 cm.<\/span><\/p>\n","protected":false},"excerpt":{"rendered":"<p>Fa\u00e7a bolachas e decora\u00e7\u00f5es fant\u00e1sticas e originais com este divertido conjunto de cortadores Wilton.<\/p>\n","protected":false},"featured_media":345487,"comment_status":"open","ping_status":"closed","template":"","meta":{"_acf_changed":false},"pwb-brand":[],"product_brand":[],"product_cat":[3199,2913,2916,2907,3087,1788,1851,1951,1849,1767],"product_tag":[],"class_list":{"0":"post-389515","1":"product","2":"type-product","3":"status-publish","4":"has-post-thumbnail","6":"product_cat-cortadores-de-metal","7":"product_cat-dia-das-maes","8":"product_cat-dia-dos-pais-2","9":"product_cat-festas","10":"product_cat-ordem-e-armazenamento","11":"product_cat-cortadores-de-cobre","12":"product_cat-dia-de-la-madre","13":"product_cat-dia-del-padre","14":"product_cat-fiestas","15":"product_cat-utensilios","17":"first","18":"instock","19":"taxable","20":"shipping-taxable","21":"purchasable","22":"product-type-simple"},"acf":[],"df_price":3.94,"df_sale_price":"","df_regular_price":3.94,"df_image_link":"https:\/\/glotomania.com\/wp-content\/uploads\/2025\/11\/img_22364_741c23aebae29674ac69e24c1b6f7ee3_1-40-300x300.jpg","brands":[],"_links":{"self":[{"href":"https:\/\/glotomania.com\/pt-pt\/wp-json\/wp\/v2\/product\/389515","targetHints":{"allow":["GET"]}}],"collection":[{"href":"https:\/\/glotomania.com\/pt-pt\/wp-json\/wp\/v2\/product"}],"about":[{"href":"https:\/\/glotomania.com\/pt-pt\/wp-json\/wp\/v2\/types\/product"}],"replies":[{"embeddable":true,"href":"https:\/\/glotomania.com\/pt-pt\/wp-json\/wp\/v2\/comments?post=389515"}],"wp:featuredmedia":[{"embeddable":true,"href":"https:\/\/glotomania.com\/pt-pt\/wp-json\/wp\/v2\/media\/345487"}],"wp:attachment":[{"href":"https:\/\/glotomania.com\/pt-pt\/wp-json\/wp\/v2\/media?parent=389515"}],"wp:term":[{"taxonomy":"pwb-brand","embeddable":true,"href":"https:\/\/glotomania.com\/pt-pt\/wp-json\/wp\/v2\/pwb-brand?post=389515"},{"taxonomy":"product_brand","embeddable":true,"href":"https:\/\/glotomania.com\/pt-pt\/wp-json\/wp\/v2\/product_brand?post=389515"},{"taxonomy":"product_cat","embeddable":true,"href":"https:\/\/glotomania.com\/pt-pt\/wp-json\/wp\/v2\/product_cat?post=389515"},{"taxonomy":"product_tag","embeddable":true,"href":"https:\/\/glotomania.com\/pt-pt\/wp-json\/wp\/v2\/product_tag?post=389515"}],"curies":[{"name":"wp","href":"https:\/\/api.w.org\/{rel}","templated":true}]}}