{"id":389518,"date":"2025-09-02T10:47:11","date_gmt":"2025-09-02T10:47:11","guid":{"rendered":"https:\/\/glotomania.com\/p\/dispensador-de-masas-wilton-2\/"},"modified":"2026-04-20T14:27:13","modified_gmt":"2026-04-20T14:27:13","slug":"dispensador-de-masas-wilton-2","status":"publish","type":"product","link":"https:\/\/glotomania.com\/pt-pt\/p\/dispensador-de-masas-wilton-2\/","title":{"rendered":"Dispensador De Massa Wilton"},"content":{"rendered":"<p>&nbsp;<\/p>\n<p><span style=\"font-size:14px\">Para utilizar com <strong>sacos de pasteleiro de 40 cm.<\/strong><\/span><\/p>\n<p><span style=\"font-size:14px\">Feito de pl&aacute;stico, adequado para uso alimentar.<\/span><\/p>\n<p><span style=\"font-size:14px\">Recomenda-se a lavagem com &aacute;gua morna e sab&atilde;o antes da primeira e de todas as utiliza&ccedil;&otilde;es, enxaguar e secar bem.<\/span><\/p>\n","protected":false},"excerpt":{"rendered":"<p>Encha as suas formas de forma f\u00e1cil e limpa sem desperdi\u00e7ar uma \u00fanica gota de massa com este fant\u00e1stico dispensador Wilton.<\/p>\n","protected":false},"featured_media":341950,"comment_status":"open","ping_status":"closed","template":"","meta":{"_acf_changed":false},"pwb-brand":[],"product_brand":[],"product_cat":[3106,1820,1883,3087,3126,1767],"product_tag":[],"class_list":{"0":"post-389518","1":"product","2":"type-product","3":"status-publish","4":"has-post-thumbnail","6":"product_cat-basicos-de-pastelaria","7":"product_cat-basicos","8":"product_cat-mangas-pasteleras","9":"product_cat-ordem-e-armazenamento","10":"product_cat-sacos-de-pasteleiro-e-acessorios-2","11":"product_cat-utensilios","13":"first","14":"instock","15":"taxable","16":"shipping-taxable","17":"purchasable","18":"product-type-simple"},"acf":[],"df_price":3.5,"df_sale_price":"","df_regular_price":3.5,"df_image_link":"https:\/\/glotomania.com\/wp-content\/uploads\/2025\/11\/img_22374_50be723c0238c2c5b3d447f59f240637_1-37-300x300.jpg","brands":[],"_links":{"self":[{"href":"https:\/\/glotomania.com\/pt-pt\/wp-json\/wp\/v2\/product\/389518","targetHints":{"allow":["GET"]}}],"collection":[{"href":"https:\/\/glotomania.com\/pt-pt\/wp-json\/wp\/v2\/product"}],"about":[{"href":"https:\/\/glotomania.com\/pt-pt\/wp-json\/wp\/v2\/types\/product"}],"replies":[{"embeddable":true,"href":"https:\/\/glotomania.com\/pt-pt\/wp-json\/wp\/v2\/comments?post=389518"}],"wp:featuredmedia":[{"embeddable":true,"href":"https:\/\/glotomania.com\/pt-pt\/wp-json\/wp\/v2\/media\/341950"}],"wp:attachment":[{"href":"https:\/\/glotomania.com\/pt-pt\/wp-json\/wp\/v2\/media?parent=389518"}],"wp:term":[{"taxonomy":"pwb-brand","embeddable":true,"href":"https:\/\/glotomania.com\/pt-pt\/wp-json\/wp\/v2\/pwb-brand?post=389518"},{"taxonomy":"product_brand","embeddable":true,"href":"https:\/\/glotomania.com\/pt-pt\/wp-json\/wp\/v2\/product_brand?post=389518"},{"taxonomy":"product_cat","embeddable":true,"href":"https:\/\/glotomania.com\/pt-pt\/wp-json\/wp\/v2\/product_cat?post=389518"},{"taxonomy":"product_tag","embeddable":true,"href":"https:\/\/glotomania.com\/pt-pt\/wp-json\/wp\/v2\/product_tag?post=389518"}],"curies":[{"name":"wp","href":"https:\/\/api.w.org\/{rel}","templated":true}]}}