{"id":389519,"date":"2025-09-02T10:47:11","date_gmt":"2025-09-02T10:47:11","guid":{"rendered":"https:\/\/glotomania.com\/p\/set-boquilla-doble-estrella-y-redonda-wilton-2\/"},"modified":"2026-04-15T13:45:35","modified_gmt":"2026-04-15T13:45:35","slug":"set-boquilla-doble-estrella-y-redonda-wilton-2","status":"publish","type":"product","link":"https:\/\/glotomania.com\/pt-pt\/p\/set-boquilla-doble-estrella-y-redonda-wilton-2\/","title":{"rendered":"Conjunto De Bicos Duplos (estrela E Redondo) &#8211; Wilton"},"content":{"rendered":"<p>&nbsp;<\/p>\n<p><span style=\"font-size:14px\">O bico duplo tem 2 aberturas, uma em forma de estrela e outra redonda.<\/span><\/p>\n<p><span style=\"font-size:14px\">O conjunto inclui 1 bico duplo e 4 sacos de pasteleiro descart&aacute;veis de 30 cm.<\/span><\/p>\n<p><span style=\"font-size:14px\">Fabricados em pl&aacute;stico de qualidade alimentar.<\/span><\/p>\n","protected":false},"excerpt":{"rendered":"<p>Conjunto de bocal duplo Wilton + 4 sacos de pasteleiro, ideal para conseguir um efeito \u00fanico nas nossas cria\u00e7\u00f5es.<\/p>\n","protected":false},"featured_media":341913,"comment_status":"open","ping_status":"closed","template":"","meta":{"_acf_changed":false},"pwb-brand":[],"product_brand":[],"product_cat":[1770,3087,3157,1767],"product_tag":[],"class_list":{"0":"post-389519","1":"product","2":"type-product","3":"status-publish","4":"has-post-thumbnail","6":"product_cat-boquilas","7":"product_cat-ordem-e-armazenamento","8":"product_cat-sets-de-bicos","9":"product_cat-utensilios","11":"first","12":"instock","13":"taxable","14":"shipping-taxable","15":"purchasable","16":"product-type-simple"},"acf":[],"df_price":3.79,"df_sale_price":"","df_regular_price":3.79,"df_image_link":"https:\/\/glotomania.com\/wp-content\/uploads\/2025\/11\/img_22378_810034999cce5e7aeadf07c401c60904_1-30-300x300.jpg","brands":[],"_links":{"self":[{"href":"https:\/\/glotomania.com\/pt-pt\/wp-json\/wp\/v2\/product\/389519","targetHints":{"allow":["GET"]}}],"collection":[{"href":"https:\/\/glotomania.com\/pt-pt\/wp-json\/wp\/v2\/product"}],"about":[{"href":"https:\/\/glotomania.com\/pt-pt\/wp-json\/wp\/v2\/types\/product"}],"replies":[{"embeddable":true,"href":"https:\/\/glotomania.com\/pt-pt\/wp-json\/wp\/v2\/comments?post=389519"}],"wp:featuredmedia":[{"embeddable":true,"href":"https:\/\/glotomania.com\/pt-pt\/wp-json\/wp\/v2\/media\/341913"}],"wp:attachment":[{"href":"https:\/\/glotomania.com\/pt-pt\/wp-json\/wp\/v2\/media?parent=389519"}],"wp:term":[{"taxonomy":"pwb-brand","embeddable":true,"href":"https:\/\/glotomania.com\/pt-pt\/wp-json\/wp\/v2\/pwb-brand?post=389519"},{"taxonomy":"product_brand","embeddable":true,"href":"https:\/\/glotomania.com\/pt-pt\/wp-json\/wp\/v2\/product_brand?post=389519"},{"taxonomy":"product_cat","embeddable":true,"href":"https:\/\/glotomania.com\/pt-pt\/wp-json\/wp\/v2\/product_cat?post=389519"},{"taxonomy":"product_tag","embeddable":true,"href":"https:\/\/glotomania.com\/pt-pt\/wp-json\/wp\/v2\/product_tag?post=389519"}],"curies":[{"name":"wp","href":"https:\/\/api.w.org\/{rel}","templated":true}]}}