{"id":389520,"date":"2025-09-02T10:47:12","date_gmt":"2025-09-02T10:47:12","guid":{"rendered":"https:\/\/glotomania.com\/p\/envoltorios-dorados-para-caramelos-wilton-2\/"},"modified":"2026-03-10T20:18:50","modified_gmt":"2026-03-10T20:18:50","slug":"envoltorios-dorados-para-caramelos-wilton-2","status":"publish","type":"product","link":"https:\/\/glotomania.com\/pt-pt\/p\/envoltorios-dorados-para-caramelos-wilton-2\/","title":{"rendered":"Papel Met\u00c1lico Dourado Para Rebu\u00c7ados &#8211; Wilton"},"content":{"rendered":"<p>&nbsp;<\/p>\n<p><span style=\"font-size:14px\"><strong>Dimens&otilde;es aproximadas: <\/strong>10 x 10 cm.<\/span><\/p>\n","protected":false},"excerpt":{"rendered":"<p>Inclui 50 pap\u00e9is met\u00e1licos dourados Wilton, ideais para usar como inv\u00f3lucros para chocolates, chupa-chupas e rebu\u00e7ados.<\/p>\n","protected":false},"featured_media":338061,"comment_status":"open","ping_status":"closed","template":"","meta":{"_acf_changed":false},"pwb-brand":[],"product_brand":[],"product_cat":[2006,2005,3087,3149,3153,1767],"product_tag":[],"class_list":{"0":"post-389520","1":"product","2":"type-product","3":"status-publish","4":"has-post-thumbnail","6":"product_cat-bolsas-dulces","7":"product_cat-bolsas","8":"product_cat-ordem-e-armazenamento","9":"product_cat-sacos-de-pastelaria-2","10":"product_cat-sacos-para-doces-2","11":"product_cat-utensilios","13":"first","14":"instock","15":"taxable","16":"shipping-taxable","17":"purchasable","18":"product-type-simple"},"acf":[],"df_price":2.75,"df_sale_price":"","df_regular_price":2.75,"df_image_link":"https:\/\/glotomania.com\/wp-content\/uploads\/2025\/11\/img_22379_929d58e854925ff5b5d83cf68f005a5e_1-37-300x300.jpg","brands":[],"_links":{"self":[{"href":"https:\/\/glotomania.com\/pt-pt\/wp-json\/wp\/v2\/product\/389520","targetHints":{"allow":["GET"]}}],"collection":[{"href":"https:\/\/glotomania.com\/pt-pt\/wp-json\/wp\/v2\/product"}],"about":[{"href":"https:\/\/glotomania.com\/pt-pt\/wp-json\/wp\/v2\/types\/product"}],"replies":[{"embeddable":true,"href":"https:\/\/glotomania.com\/pt-pt\/wp-json\/wp\/v2\/comments?post=389520"}],"wp:featuredmedia":[{"embeddable":true,"href":"https:\/\/glotomania.com\/pt-pt\/wp-json\/wp\/v2\/media\/338061"}],"wp:attachment":[{"href":"https:\/\/glotomania.com\/pt-pt\/wp-json\/wp\/v2\/media?parent=389520"}],"wp:term":[{"taxonomy":"pwb-brand","embeddable":true,"href":"https:\/\/glotomania.com\/pt-pt\/wp-json\/wp\/v2\/pwb-brand?post=389520"},{"taxonomy":"product_brand","embeddable":true,"href":"https:\/\/glotomania.com\/pt-pt\/wp-json\/wp\/v2\/product_brand?post=389520"},{"taxonomy":"product_cat","embeddable":true,"href":"https:\/\/glotomania.com\/pt-pt\/wp-json\/wp\/v2\/product_cat?post=389520"},{"taxonomy":"product_tag","embeddable":true,"href":"https:\/\/glotomania.com\/pt-pt\/wp-json\/wp\/v2\/product_tag?post=389520"}],"curies":[{"name":"wp","href":"https:\/\/api.w.org\/{rel}","templated":true}]}}