{"id":389522,"date":"2025-09-02T10:47:13","date_gmt":"2025-09-02T10:47:13","guid":{"rendered":"https:\/\/glotomania.com\/p\/bolsas-para-dulces-wilton-conejos-10-u-2\/"},"modified":"2026-03-10T20:18:54","modified_gmt":"2026-03-10T20:18:54","slug":"bolsas-para-dulces-wilton-conejos-10-u-2","status":"publish","type":"product","link":"https:\/\/glotomania.com\/pt-pt\/p\/bolsas-para-dulces-wilton-conejos-10-u-2\/","title":{"rendered":"Sacos De Doces Wilton &#8211; Coelhinhos (10 Unid.)"},"content":{"rendered":"<p>&nbsp;<\/p>\n<p><span style=\"font-size:14px\">Cont&eacute;m 10 sacos e 10 fitas de fecho.<\/span><\/p>\n<p><span style=\"font-size:14px\"><strong>Dimens&otilde;es aproximadas: <\/strong>11 x 23,5 cm.<\/span><\/p>\n","protected":false},"excerpt":{"rendered":"<p>Estes divertidos sacos de oferta da Wilton s\u00e3o perfeitos para a P\u00e1scoa! Pode us\u00e1-los para embrulhar bolachas, rebu\u00e7ados e outros doces.<\/p>\n","protected":false},"featured_media":348482,"comment_status":"open","ping_status":"closed","template":"","meta":{"_acf_changed":false},"pwb-brand":[],"product_brand":[],"product_cat":[2907,3087,2921,3149,2005,1849,1858,1767],"product_tag":[],"class_list":{"0":"post-389522","1":"product","2":"type-product","3":"status-publish","4":"has-post-thumbnail","6":"product_cat-festas","7":"product_cat-ordem-e-armazenamento","8":"product_cat-pascoa","9":"product_cat-sacos-de-pastelaria-2","10":"product_cat-bolsas","11":"product_cat-fiestas","12":"product_cat-pascua","13":"product_cat-utensilios","15":"first","16":"instock","17":"taxable","18":"shipping-taxable","19":"purchasable","20":"product-type-simple"},"acf":[],"df_price":2.43,"df_sale_price":"","df_regular_price":2.43,"df_image_link":"https:\/\/glotomania.com\/wp-content\/uploads\/2025\/11\/img_22384_9a66714e0d42023b4bc66a9f02545387_1-30-300x300.jpg","brands":[],"_links":{"self":[{"href":"https:\/\/glotomania.com\/pt-pt\/wp-json\/wp\/v2\/product\/389522","targetHints":{"allow":["GET"]}}],"collection":[{"href":"https:\/\/glotomania.com\/pt-pt\/wp-json\/wp\/v2\/product"}],"about":[{"href":"https:\/\/glotomania.com\/pt-pt\/wp-json\/wp\/v2\/types\/product"}],"replies":[{"embeddable":true,"href":"https:\/\/glotomania.com\/pt-pt\/wp-json\/wp\/v2\/comments?post=389522"}],"wp:featuredmedia":[{"embeddable":true,"href":"https:\/\/glotomania.com\/pt-pt\/wp-json\/wp\/v2\/media\/348482"}],"wp:attachment":[{"href":"https:\/\/glotomania.com\/pt-pt\/wp-json\/wp\/v2\/media?parent=389522"}],"wp:term":[{"taxonomy":"pwb-brand","embeddable":true,"href":"https:\/\/glotomania.com\/pt-pt\/wp-json\/wp\/v2\/pwb-brand?post=389522"},{"taxonomy":"product_brand","embeddable":true,"href":"https:\/\/glotomania.com\/pt-pt\/wp-json\/wp\/v2\/product_brand?post=389522"},{"taxonomy":"product_cat","embeddable":true,"href":"https:\/\/glotomania.com\/pt-pt\/wp-json\/wp\/v2\/product_cat?post=389522"},{"taxonomy":"product_tag","embeddable":true,"href":"https:\/\/glotomania.com\/pt-pt\/wp-json\/wp\/v2\/product_tag?post=389522"}],"curies":[{"name":"wp","href":"https:\/\/api.w.org\/{rel}","templated":true}]}}