{"id":389526,"date":"2025-09-02T10:47:16","date_gmt":"2025-09-02T10:47:16","guid":{"rendered":"https:\/\/glotomania.com\/p\/mangas-pasteleras-desechables-wilton-40-cm-12-u-2\/"},"modified":"2026-03-20T22:40:29","modified_gmt":"2026-03-20T22:40:29","slug":"mangas-pasteleras-desechables-wilton-40-cm-12-u-2","status":"publish","type":"product","link":"https:\/\/glotomania.com\/pt-pt\/p\/mangas-pasteleras-desechables-wilton-40-cm-12-u-2\/","title":{"rendered":"Sacos De Pasteleiro Descart\u00c1veis Wilton &#8211; 30 Cm (24 Pe\u00c7as)"},"content":{"rendered":"<p>&nbsp;<\/p>\n<p><span style=\"font-size:14px\">Fabricados em pl&aacute;stico resistente e flex&iacute;vel, suficientemente fortes para trabalhar com glac&ecirc; real e creme de manteiga.<\/span><\/p>\n<p><span style=\"font-size:14px\"><strong>Medidas<\/strong>: 40 cm.<\/span><\/p>\n","protected":false},"excerpt":{"rendered":"<p>Conjunto de 24 sacos de pasteleiro descart\u00e1veis Wilton, feitos de pl\u00e1stico resistente e flex\u00edvel.<\/p>\n","protected":false},"featured_media":348488,"comment_status":"open","ping_status":"closed","template":"","meta":{"_acf_changed":false},"pwb-brand":[],"product_brand":[],"product_cat":[3106,3106,3126,3087,3126,3087],"product_tag":[],"class_list":{"0":"post-389526","1":"product","2":"type-product","3":"status-publish","4":"has-post-thumbnail","6":"product_cat-basicos-de-pastelaria","8":"product_cat-sacos-de-pasteleiro-e-acessorios-2","9":"product_cat-ordem-e-armazenamento","13":"first","14":"instock","15":"taxable","16":"shipping-taxable","17":"purchasable","18":"product-type-simple"},"acf":[],"df_price":6.47,"df_sale_price":"","df_regular_price":6.47,"df_image_link":"https:\/\/glotomania.com\/wp-content\/uploads\/2025\/11\/img_22399_fe6b9d1d9d7f0da477b5c8263bed8197_1-34-300x300.jpg","brands":[],"_links":{"self":[{"href":"https:\/\/glotomania.com\/pt-pt\/wp-json\/wp\/v2\/product\/389526","targetHints":{"allow":["GET"]}}],"collection":[{"href":"https:\/\/glotomania.com\/pt-pt\/wp-json\/wp\/v2\/product"}],"about":[{"href":"https:\/\/glotomania.com\/pt-pt\/wp-json\/wp\/v2\/types\/product"}],"replies":[{"embeddable":true,"href":"https:\/\/glotomania.com\/pt-pt\/wp-json\/wp\/v2\/comments?post=389526"}],"wp:featuredmedia":[{"embeddable":true,"href":"https:\/\/glotomania.com\/pt-pt\/wp-json\/wp\/v2\/media\/348488"}],"wp:attachment":[{"href":"https:\/\/glotomania.com\/pt-pt\/wp-json\/wp\/v2\/media?parent=389526"}],"wp:term":[{"taxonomy":"pwb-brand","embeddable":true,"href":"https:\/\/glotomania.com\/pt-pt\/wp-json\/wp\/v2\/pwb-brand?post=389526"},{"taxonomy":"product_brand","embeddable":true,"href":"https:\/\/glotomania.com\/pt-pt\/wp-json\/wp\/v2\/product_brand?post=389526"},{"taxonomy":"product_cat","embeddable":true,"href":"https:\/\/glotomania.com\/pt-pt\/wp-json\/wp\/v2\/product_cat?post=389526"},{"taxonomy":"product_tag","embeddable":true,"href":"https:\/\/glotomania.com\/pt-pt\/wp-json\/wp\/v2\/product_tag?post=389526"}],"curies":[{"name":"wp","href":"https:\/\/api.w.org\/{rel}","templated":true}]}}